{"id":3836976,"date":"2020-10-26T22:41:18","date_gmt":"2020-10-26T21:41:18","guid":{"rendered":"https:\/\/grupo-garcia.es\/aviso-legal\/"},"modified":"2024-08-02T13:12:13","modified_gmt":"2024-08-02T12:12:13","slug":"aviso-legal","status":"publish","type":"page","link":"https:\/\/grupo-garcia.es\/fr\/aviso-legal\/","title":{"rendered":"Aviso Legal"},"content":{"rendered":"<p>Conform\u00e9ment \u00e0 l&rsquo;art. 10 de la loi 34\/2002, du 11 juillet, sur les services de la soci\u00e9t\u00e9 de l&rsquo;information et le commerce \u00e9lectronique, nous vous informons que le responsable de ce site web est :<\/p>\n<p><strong>IDENTIT\u00c9:<\/strong>\u00a0\u201cINMOVALL ALCALALI, S.L.\u201d<\/p>\n<p><strong>C.I.F \/ N.I.F.:<\/strong>\u00a0B53178133<\/p>\n<p><strong>ADRESSE:<\/strong>\u00a0AVDA. JOANOT MARTORELL, 17 C, 03727 JALON (ALICANTE)<\/p>\n<p><strong>TELEPHONE:<\/strong>\u00a0966482480<\/p>\n<p><strong>E-MAIL:<\/strong>\u00a0<a href=\"https:\/\/web.archive.org\/web\/20240609180707\/mailto:info@grupo-garcia.es\">info@grupo-garcia.es<\/a><\/p>\n<p><strong>D\u00c9TAILS DE L&rsquo;INSCRIPTION:<\/strong>\u00a0Registro Mercantil de la provincia de Alicante, Tomo 1995, Folio 193, Secci\u00f3n 8\u00aa, Hoja A-41821, I\/A 1<\/p>\n","protected":false},"excerpt":{"rendered":"<p>Conform\u00e9ment \u00e0 l&rsquo;art. 10 de la loi 34\/2002, du 11 juillet, sur les services de la soci\u00e9t\u00e9 de l&rsquo;information et le commerce \u00e9lectronique, nous vous informons que le responsable de ce site web est :<\/p>\n<p>IDENTIT\u00c9:\u00a0\u201cINMOVALL ALCALALI, S.L.\u201d<\/p>\n<p>C.I.F \/ N.I.F.:\u00a0B53178133<\/p>\n<p>ADRESSE:\u00a0AVDA.<\/p>\n","protected":false},"author":1,"featured_media":0,"parent":0,"menu_order":0,"comment_status":"closed","ping_status":"closed","template":"","meta":{"iawp_total_views":0,"footnotes":""},"page-template":[],"class_list":["post-3836976","page","type-page","status-publish","hentry"],"yoast_head":"<!-- This site is optimized with the Yoast SEO plugin v27.4 - https:\/\/yoast.com\/product\/yoast-seo-wordpress\/ -->\n<title>Aviso Legal | Grupo Garcia<\/title>\n<meta name=\"robots\" content=\"index, follow, max-snippet:-1, max-image-preview:large, max-video-preview:-1\" \/>\n<link rel=\"canonical\" href=\"https:\/\/grupo-garcia.es\/fr\/aviso-legal\/\" \/>\n<meta property=\"og:locale\" content=\"fr_FR\" \/>\n<meta property=\"og:type\" content=\"article\" \/>\n<meta property=\"og:title\" content=\"Aviso Legal | Grupo Garcia\" \/>\n<meta property=\"og:description\" content=\"Conform\u00e9ment \u00e0 l&#039;art. 10 de la loi 34\/2002, du 11 juillet, sur les services de la soci\u00e9t\u00e9 de l&#039;information et le commerce \u00e9lectronique, nous vous informons que le responsable de ce site web est :  IDENTIT\u00c9:\u00a0\u201cINMOVALL ALCALALI, S.L.\u201d  C.I.F \/ N.I.F.:\u00a0B53178133  ADRESSE:\u00a0AVDA.\" \/>\n<meta property=\"og:url\" content=\"https:\/\/grupo-garcia.es\/fr\/aviso-legal\/\" \/>\n<meta property=\"og:site_name\" content=\"Grupo Garcia\" \/>\n<meta property=\"article:publisher\" content=\"https:\/\/www.facebook.com\/grupogarciacostablanca\/\" \/>\n<meta property=\"article:modified_time\" content=\"2024-08-02T12:12:13+00:00\" \/>\n<meta name=\"twitter:card\" content=\"summary_large_image\" \/>\n<meta name=\"twitter:label1\" content=\"Dur\u00e9e de lecture estim\u00e9e\" \/>\n\t<meta name=\"twitter:data1\" content=\"1 minute\" \/>\n<script type=\"application\/ld+json\" class=\"yoast-schema-graph\">{\"@context\":\"https:\\\/\\\/schema.org\",\"@graph\":[{\"@type\":\"WebPage\",\"@id\":\"https:\\\/\\\/grupo-garcia.es\\\/fr\\\/aviso-legal\\\/\",\"url\":\"https:\\\/\\\/grupo-garcia.es\\\/fr\\\/aviso-legal\\\/\",\"name\":\"Aviso Legal | Grupo Garcia\",\"isPartOf\":{\"@id\":\"https:\\\/\\\/grupo-garcia.es\\\/fr\\\/#website\"},\"datePublished\":\"2020-10-26T21:41:18+00:00\",\"dateModified\":\"2024-08-02T12:12:13+00:00\",\"breadcrumb\":{\"@id\":\"https:\\\/\\\/grupo-garcia.es\\\/fr\\\/aviso-legal\\\/#breadcrumb\"},\"inLanguage\":\"fr-FR\",\"potentialAction\":[{\"@type\":\"ReadAction\",\"target\":[\"https:\\\/\\\/grupo-garcia.es\\\/fr\\\/aviso-legal\\\/\"]}]},{\"@type\":\"BreadcrumbList\",\"@id\":\"https:\\\/\\\/grupo-garcia.es\\\/fr\\\/aviso-legal\\\/#breadcrumb\",\"itemListElement\":[{\"@type\":\"ListItem\",\"position\":1,\"name\":\"Portada\",\"item\":\"https:\\\/\\\/grupo-garcia.es\\\/fr\\\/\"},{\"@type\":\"ListItem\",\"position\":2,\"name\":\"Aviso Legal\"}]},{\"@type\":\"WebSite\",\"@id\":\"https:\\\/\\\/grupo-garcia.es\\\/fr\\\/#website\",\"url\":\"https:\\\/\\\/grupo-garcia.es\\\/fr\\\/\",\"name\":\"Grupo Garcia\",\"description\":\"Inmobiliaria en J\u00e1vea y Jal\u00f3n\",\"potentialAction\":[{\"@type\":\"SearchAction\",\"target\":{\"@type\":\"EntryPoint\",\"urlTemplate\":\"https:\\\/\\\/grupo-garcia.es\\\/fr\\\/?s={search_term_string}\"},\"query-input\":{\"@type\":\"PropertyValueSpecification\",\"valueRequired\":true,\"valueName\":\"search_term_string\"}}],\"inLanguage\":\"fr-FR\"}]}<\/script>\n<!-- \/ Yoast SEO plugin. -->","yoast_head_json":{"title":"Aviso Legal | Grupo Garcia","robots":{"index":"index","follow":"follow","max-snippet":"max-snippet:-1","max-image-preview":"max-image-preview:large","max-video-preview":"max-video-preview:-1"},"canonical":"https:\/\/grupo-garcia.es\/fr\/aviso-legal\/","og_locale":"fr_FR","og_type":"article","og_title":"Aviso Legal | Grupo Garcia","og_description":"Conform\u00e9ment \u00e0 l'art. 10 de la loi 34\/2002, du 11 juillet, sur les services de la soci\u00e9t\u00e9 de l'information et le commerce \u00e9lectronique, nous vous informons que le responsable de ce site web est :  IDENTIT\u00c9:\u00a0\u201cINMOVALL ALCALALI, S.L.\u201d  C.I.F \/ N.I.F.:\u00a0B53178133  ADRESSE:\u00a0AVDA.","og_url":"https:\/\/grupo-garcia.es\/fr\/aviso-legal\/","og_site_name":"Grupo Garcia","article_publisher":"https:\/\/www.facebook.com\/grupogarciacostablanca\/","article_modified_time":"2024-08-02T12:12:13+00:00","twitter_card":"summary_large_image","twitter_misc":{"Dur\u00e9e de lecture estim\u00e9e":"1 minute"},"schema":{"@context":"https:\/\/schema.org","@graph":[{"@type":"WebPage","@id":"https:\/\/grupo-garcia.es\/fr\/aviso-legal\/","url":"https:\/\/grupo-garcia.es\/fr\/aviso-legal\/","name":"Aviso Legal | Grupo Garcia","isPartOf":{"@id":"https:\/\/grupo-garcia.es\/fr\/#website"},"datePublished":"2020-10-26T21:41:18+00:00","dateModified":"2024-08-02T12:12:13+00:00","breadcrumb":{"@id":"https:\/\/grupo-garcia.es\/fr\/aviso-legal\/#breadcrumb"},"inLanguage":"fr-FR","potentialAction":[{"@type":"ReadAction","target":["https:\/\/grupo-garcia.es\/fr\/aviso-legal\/"]}]},{"@type":"BreadcrumbList","@id":"https:\/\/grupo-garcia.es\/fr\/aviso-legal\/#breadcrumb","itemListElement":[{"@type":"ListItem","position":1,"name":"Portada","item":"https:\/\/grupo-garcia.es\/fr\/"},{"@type":"ListItem","position":2,"name":"Aviso Legal"}]},{"@type":"WebSite","@id":"https:\/\/grupo-garcia.es\/fr\/#website","url":"https:\/\/grupo-garcia.es\/fr\/","name":"Grupo Garcia","description":"Inmobiliaria en J\u00e1vea y Jal\u00f3n","potentialAction":[{"@type":"SearchAction","target":{"@type":"EntryPoint","urlTemplate":"https:\/\/grupo-garcia.es\/fr\/?s={search_term_string}"},"query-input":{"@type":"PropertyValueSpecification","valueRequired":true,"valueName":"search_term_string"}}],"inLanguage":"fr-FR"}]}},"_links":{"self":[{"href":"https:\/\/grupo-garcia.es\/fr\/wp-json\/wp\/v2\/pages\/3836976","targetHints":{"allow":["GET"]}}],"collection":[{"href":"https:\/\/grupo-garcia.es\/fr\/wp-json\/wp\/v2\/pages"}],"about":[{"href":"https:\/\/grupo-garcia.es\/fr\/wp-json\/wp\/v2\/types\/page"}],"author":[{"embeddable":true,"href":"https:\/\/grupo-garcia.es\/fr\/wp-json\/wp\/v2\/users\/1"}],"replies":[{"embeddable":true,"href":"https:\/\/grupo-garcia.es\/fr\/wp-json\/wp\/v2\/comments?post=3836976"}],"version-history":[{"count":0,"href":"https:\/\/grupo-garcia.es\/fr\/wp-json\/wp\/v2\/pages\/3836976\/revisions"}],"wp:attachment":[{"href":"https:\/\/grupo-garcia.es\/fr\/wp-json\/wp\/v2\/media?parent=3836976"}],"wp:term":[{"taxonomy":"page-template","embeddable":true,"href":"https:\/\/grupo-garcia.es\/fr\/wp-json\/wp\/v2\/page-template?post=3836976"}],"curies":[{"name":"wp","href":"https:\/\/api.w.org\/{rel}","templated":true}]}}