{"id":3836968,"date":"2020-10-26T22:40:18","date_gmt":"2020-10-26T21:40:18","guid":{"rendered":"https:\/\/grupo-garcia.es\/politica-de-cookies\/"},"modified":"2025-06-02T14:52:38","modified_gmt":"2025-06-02T13:52:38","slug":"politica-de-cookies","status":"publish","type":"page","link":"https:\/\/grupo-garcia.es\/fr\/politica-de-cookies\/","title":{"rendered":"POLITIQUE EN MATI\u00c8RE DE COOKIES"},"content":{"rendered":"<p data-start=\"58\" data-end=\"303\"><strong data-start=\"58\" data-end=\"303\">Ce site web utilise ses propres cookies et\/ou des technologies similaires qui stockent et r\u00e9cup\u00e8rent des informations lorsque vous naviguez. Vous pouvez consulter ci-dessous les cookies et\/ou technologies similaires utilis\u00e9s sur ce site web.<\/strong><\/p>\n<p data-start=\"305\" data-end=\"330\"><strong data-start=\"305\" data-end=\"330\">COOKIES PROPRI\u00c9TAIRES<\/strong><\/p>\n<p data-start=\"332\" data-end=\"1283\"><strong data-start=\"332\" data-end=\"361\">Techniques ou n\u00e9cessaires<\/strong><br data-start=\"361\" data-end=\"364\" \/>Les cookies techniques ou strictement n\u00e9cessaires sont ceux qui permettent \u00e0 l&rsquo;utilisateur de naviguer sur un site web et d&rsquo;utiliser les diff\u00e9rentes options ou services qui y sont propos\u00e9s, tels que : contr\u00f4ler le trafic et la communication de donn\u00e9es, identifier la session, acc\u00e9der \u00e0 des zones restreintes, m\u00e9moriser les \u00e9l\u00e9ments d&rsquo;une commande, effectuer le processus d&rsquo;achat d&rsquo;une commande, g\u00e9rer le paiement, contr\u00f4ler la fraude li\u00e9e \u00e0 la s\u00e9curit\u00e9 du service, soumettre une demande d&rsquo;inscription ou de participation \u00e0 un \u00e9v\u00e9nement, utiliser des \u00e9l\u00e9ments de s\u00e9curit\u00e9 lors de la navigation, stocker des contenus pour la diffusion de vid\u00e9os ou de sons, activer des contenus dynamiques (par exemple, animation de chargement de texte ou d\u2019image), partager des contenus via les r\u00e9seaux sociaux ou personnaliser l\u2019interface utilisateur, \u00e0 condition que ce soit l\u2019utilisateur qui choisisse ces options de personnalisation.<\/p>\n<p data-start=\"1285\" data-end=\"1472\">La base l\u00e9gale qui l\u00e9gitime ce traitement est l&rsquo;ex\u00e9cution et le maintien du service demand\u00e9 par l&rsquo;utilisateur. Ces cookies resteront actifs tant que l&rsquo;utilisateur restera sur le site web.<\/p>\n<p data-start=\"1474\" data-end=\"1680\"><strong data-start=\"1474\" data-end=\"1540\">PLUS D&rsquo;INFORMATIONS SUR LE TRAITEMENT DES DONN\u00c9ES PERSONNELLES<\/strong><br data-start=\"1540\" data-end=\"1543\" \/>Vous pouvez consulter plus d&rsquo;informations sur le traitement de vos donn\u00e9es personnelles en acc\u00e9dant \u00e0 notre <a href=\"https:\/\/grupo-garcia.es\/fr\/condiciones-generales-de-uso\/\">Politique de Confidentialit\u00e9.<\/a><\/p>\n<p>&nbsp;<\/p>\n","protected":false},"excerpt":{"rendered":"<p>Ce site web utilise ses propres cookies et\/ou des technologies similaires qui stockent et r\u00e9cup\u00e8rent des informations lorsque vous naviguez.<\/p>\n","protected":false},"author":1,"featured_media":0,"parent":0,"menu_order":0,"comment_status":"closed","ping_status":"closed","template":"","meta":{"iawp_total_views":2,"footnotes":""},"page-template":[],"class_list":["post-3836968","page","type-page","status-publish","hentry"],"yoast_head":"<!-- This site is optimized with the Yoast SEO plugin v27.4 - https:\/\/yoast.com\/product\/yoast-seo-wordpress\/ -->\n<title>POLITIQUE EN MATI\u00c8RE DE COOKIES | Grupo Garcia<\/title>\n<meta name=\"robots\" content=\"index, follow, max-snippet:-1, max-image-preview:large, max-video-preview:-1\" \/>\n<link rel=\"canonical\" href=\"https:\/\/grupo-garcia.es\/fr\/politica-de-cookies\/\" \/>\n<meta property=\"og:locale\" content=\"fr_FR\" \/>\n<meta property=\"og:type\" content=\"article\" \/>\n<meta property=\"og:title\" content=\"POLITIQUE EN MATI\u00c8RE DE COOKIES | Grupo Garcia\" \/>\n<meta property=\"og:description\" content=\"Ce site web utilise ses propres cookies et\/ou des technologies similaires qui stockent et r\u00e9cup\u00e8rent des informations lorsque vous naviguez.\" \/>\n<meta property=\"og:url\" content=\"https:\/\/grupo-garcia.es\/fr\/politica-de-cookies\/\" \/>\n<meta property=\"og:site_name\" content=\"Grupo Garcia\" \/>\n<meta property=\"article:publisher\" content=\"https:\/\/www.facebook.com\/grupogarciacostablanca\/\" \/>\n<meta property=\"article:modified_time\" content=\"2025-06-02T13:52:38+00:00\" \/>\n<meta name=\"twitter:card\" content=\"summary_large_image\" \/>\n<meta name=\"twitter:label1\" content=\"Dur\u00e9e de lecture estim\u00e9e\" \/>\n\t<meta name=\"twitter:data1\" content=\"10 minutes\" \/>\n<script type=\"application\/ld+json\" class=\"yoast-schema-graph\">{\"@context\":\"https:\\\/\\\/schema.org\",\"@graph\":[{\"@type\":\"WebPage\",\"@id\":\"https:\\\/\\\/grupo-garcia.es\\\/fr\\\/politica-de-cookies\\\/\",\"url\":\"https:\\\/\\\/grupo-garcia.es\\\/fr\\\/politica-de-cookies\\\/\",\"name\":\"POLITIQUE EN MATI\u00c8RE DE COOKIES | Grupo Garcia\",\"isPartOf\":{\"@id\":\"https:\\\/\\\/grupo-garcia.es\\\/fr\\\/#website\"},\"datePublished\":\"2020-10-26T21:40:18+00:00\",\"dateModified\":\"2025-06-02T13:52:38+00:00\",\"breadcrumb\":{\"@id\":\"https:\\\/\\\/grupo-garcia.es\\\/fr\\\/politica-de-cookies\\\/#breadcrumb\"},\"inLanguage\":\"fr-FR\",\"potentialAction\":[{\"@type\":\"ReadAction\",\"target\":[\"https:\\\/\\\/grupo-garcia.es\\\/fr\\\/politica-de-cookies\\\/\"]}]},{\"@type\":\"BreadcrumbList\",\"@id\":\"https:\\\/\\\/grupo-garcia.es\\\/fr\\\/politica-de-cookies\\\/#breadcrumb\",\"itemListElement\":[{\"@type\":\"ListItem\",\"position\":1,\"name\":\"Portada\",\"item\":\"https:\\\/\\\/grupo-garcia.es\\\/fr\\\/\"},{\"@type\":\"ListItem\",\"position\":2,\"name\":\"POLITIQUE EN MATI\u00c8RE DE COOKIES\"}]},{\"@type\":\"WebSite\",\"@id\":\"https:\\\/\\\/grupo-garcia.es\\\/fr\\\/#website\",\"url\":\"https:\\\/\\\/grupo-garcia.es\\\/fr\\\/\",\"name\":\"Grupo Garcia\",\"description\":\"Inmobiliaria en J\u00e1vea y Jal\u00f3n\",\"potentialAction\":[{\"@type\":\"SearchAction\",\"target\":{\"@type\":\"EntryPoint\",\"urlTemplate\":\"https:\\\/\\\/grupo-garcia.es\\\/fr\\\/?s={search_term_string}\"},\"query-input\":{\"@type\":\"PropertyValueSpecification\",\"valueRequired\":true,\"valueName\":\"search_term_string\"}}],\"inLanguage\":\"fr-FR\"}]}<\/script>\n<!-- \/ Yoast SEO plugin. -->","yoast_head_json":{"title":"POLITIQUE EN MATI\u00c8RE DE COOKIES | Grupo Garcia","robots":{"index":"index","follow":"follow","max-snippet":"max-snippet:-1","max-image-preview":"max-image-preview:large","max-video-preview":"max-video-preview:-1"},"canonical":"https:\/\/grupo-garcia.es\/fr\/politica-de-cookies\/","og_locale":"fr_FR","og_type":"article","og_title":"POLITIQUE EN MATI\u00c8RE DE COOKIES | Grupo Garcia","og_description":"Ce site web utilise ses propres cookies et\/ou des technologies similaires qui stockent et r\u00e9cup\u00e8rent des informations lorsque vous naviguez.","og_url":"https:\/\/grupo-garcia.es\/fr\/politica-de-cookies\/","og_site_name":"Grupo Garcia","article_publisher":"https:\/\/www.facebook.com\/grupogarciacostablanca\/","article_modified_time":"2025-06-02T13:52:38+00:00","twitter_card":"summary_large_image","twitter_misc":{"Dur\u00e9e de lecture estim\u00e9e":"10 minutes"},"schema":{"@context":"https:\/\/schema.org","@graph":[{"@type":"WebPage","@id":"https:\/\/grupo-garcia.es\/fr\/politica-de-cookies\/","url":"https:\/\/grupo-garcia.es\/fr\/politica-de-cookies\/","name":"POLITIQUE EN MATI\u00c8RE DE COOKIES | Grupo Garcia","isPartOf":{"@id":"https:\/\/grupo-garcia.es\/fr\/#website"},"datePublished":"2020-10-26T21:40:18+00:00","dateModified":"2025-06-02T13:52:38+00:00","breadcrumb":{"@id":"https:\/\/grupo-garcia.es\/fr\/politica-de-cookies\/#breadcrumb"},"inLanguage":"fr-FR","potentialAction":[{"@type":"ReadAction","target":["https:\/\/grupo-garcia.es\/fr\/politica-de-cookies\/"]}]},{"@type":"BreadcrumbList","@id":"https:\/\/grupo-garcia.es\/fr\/politica-de-cookies\/#breadcrumb","itemListElement":[{"@type":"ListItem","position":1,"name":"Portada","item":"https:\/\/grupo-garcia.es\/fr\/"},{"@type":"ListItem","position":2,"name":"POLITIQUE EN MATI\u00c8RE DE COOKIES"}]},{"@type":"WebSite","@id":"https:\/\/grupo-garcia.es\/fr\/#website","url":"https:\/\/grupo-garcia.es\/fr\/","name":"Grupo Garcia","description":"Inmobiliaria en J\u00e1vea y Jal\u00f3n","potentialAction":[{"@type":"SearchAction","target":{"@type":"EntryPoint","urlTemplate":"https:\/\/grupo-garcia.es\/fr\/?s={search_term_string}"},"query-input":{"@type":"PropertyValueSpecification","valueRequired":true,"valueName":"search_term_string"}}],"inLanguage":"fr-FR"}]}},"_links":{"self":[{"href":"https:\/\/grupo-garcia.es\/fr\/wp-json\/wp\/v2\/pages\/3836968","targetHints":{"allow":["GET"]}}],"collection":[{"href":"https:\/\/grupo-garcia.es\/fr\/wp-json\/wp\/v2\/pages"}],"about":[{"href":"https:\/\/grupo-garcia.es\/fr\/wp-json\/wp\/v2\/types\/page"}],"author":[{"embeddable":true,"href":"https:\/\/grupo-garcia.es\/fr\/wp-json\/wp\/v2\/users\/1"}],"replies":[{"embeddable":true,"href":"https:\/\/grupo-garcia.es\/fr\/wp-json\/wp\/v2\/comments?post=3836968"}],"version-history":[{"count":0,"href":"https:\/\/grupo-garcia.es\/fr\/wp-json\/wp\/v2\/pages\/3836968\/revisions"}],"wp:attachment":[{"href":"https:\/\/grupo-garcia.es\/fr\/wp-json\/wp\/v2\/media?parent=3836968"}],"wp:term":[{"taxonomy":"page-template","embeddable":true,"href":"https:\/\/grupo-garcia.es\/fr\/wp-json\/wp\/v2\/page-template?post=3836968"}],"curies":[{"name":"wp","href":"https:\/\/api.w.org\/{rel}","templated":true}]}}