{"id":3836963,"date":"2020-10-26T22:38:15","date_gmt":"2020-10-26T21:38:15","guid":{"rendered":"https:\/\/grupo-garcia.es\/condiciones-generales-de-uso\/"},"modified":"2024-08-02T13:09:08","modified_gmt":"2024-08-02T12:09:08","slug":"condiciones-generales-de-uso","status":"publish","type":"page","link":"https:\/\/grupo-garcia.es\/fr\/condiciones-generales-de-uso\/","title":{"rendered":"CONDITIONS G\u00c9N\u00c9RALES D&rsquo;UTILISATION"},"content":{"rendered":"<p>Les pr\u00e9sentes conditions g\u00e9n\u00e9rales d&rsquo;utilisation (ci-apr\u00e8s CGU) r\u00e9gissent l&rsquo;acc\u00e8s et l&rsquo;utilisation du site web du domaine www.grupo-garcia.es (ci-apr\u00e8s site web), propri\u00e9t\u00e9 de \u00ab INMOVALL ALCALALI, S.L. \u00bb (ci-apr\u00e8s GRUPO-GARCIA), mis \u00e0 la disposition des utilisateurs (ci-apr\u00e8s utilisateur(s)).<\/p>\n<p>En cas de doute ou de question relative \u00e0 l&rsquo;utilisation et \u00e0 l&rsquo;acc\u00e8s au site Web ou aux pr\u00e9sentes CGU, vous pouvez nous contacter aux coordonn\u00e9es publi\u00e9es dans les mentions l\u00e9gales.<\/p>\n<p>2.- CONFORMIT\u00c9 AVEC LES PR\u00c9SENTES CONDITIONS G\u00c9N\u00c9RALES.<\/p>\n<p>L&rsquo;utilisation du Site implique la pleine acceptation par l&rsquo;Utilisateur des CGU en vigueur au moment o\u00f9 l&rsquo;Utilisateur acc\u00e8de au Site. <span lang=\"en-US\">Par cons\u00e9quent, si l&rsquo;Utilisateur n&rsquo;est pas d&rsquo;accord avec l&rsquo;une des conditions \u00e9tablies ici, il doit s&rsquo;abstenir d&rsquo;utiliser ce site Web.<\/span><\/p>\n<p><span lang=\"en-US\">Par cons\u00e9quent, l&rsquo;Utilisateur doit lire attentivement les CGU chaque fois qu&rsquo;il a l&rsquo;intention d&rsquo;utiliser le Site Internet.<\/span><\/p>\n<p><span lang=\"en-US\">En tout \u00e9tat de cause, GRUPO-GARCIA se r\u00e9serve le droit de modifier, sans pr\u00e9avis et \u00e0 tout moment, les CGU. <\/span>De m\u00eame, GRUPO-GARCIA se r\u00e9serve le droit de suspendre, d&rsquo;interrompre ou de cesser d&rsquo;exploiter le site web \u00e0 tout moment.<\/p>\n<p>Par \u00ab utilisation du site web \u00bb, on entend tout utilisateur qui acc\u00e8de et navigue sur le site web, qu&rsquo;il ait ou non rempli les formulaires d&rsquo;inscription.<\/p>\n<p><span lang=\"en-US\">3.- CONDITIONS D&rsquo;ACC\u00c8S ET D&rsquo;UTILISATION DU SITE WEB ET DE SES CONTENUS.<\/span><\/p>\n<p><span lang=\"en-US\">L&rsquo;acc\u00e8s au site web et\/ou aux contenus inclus dans celui-ci n&rsquo;implique aucun type de garantie quant \u00e0 l&rsquo;ad\u00e9quation du site web et\/ou des contenus inclus dans celui-ci \u00e0 des objectifs particuliers ou sp\u00e9cifiques des utilisateurs.<\/span><\/p>\n<p><span lang=\"en-US\">GRUPO-GARCIA peut \u00e9tablir des limitations et\/ou des conditions suppl\u00e9mentaires pour l&rsquo;utilisation et\/ou l&rsquo;acc\u00e8s au site web et\/ou aux contenus, qui doivent \u00eatre respect\u00e9es par les utilisateurs dans tous les cas.<\/span><\/p>\n<p><span lang=\"en-US\">3.1- Acc\u00e8s et utilisation du site web.<\/span><\/p>\n<p><span lang=\"en-US\">Sauf disposition contraire, l&rsquo;utilisation du site web est gratuite, sans pr\u00e9judice du co\u00fbt de la connexion par le biais du r\u00e9seau de t\u00e9l\u00e9communications correspondant contract\u00e9 par l&rsquo;utilisateur.<\/span><\/p>\n<p><span lang=\"en-US\">L&rsquo;utilisateur reconna\u00eet \u00eatre \u00e2g\u00e9 de plus de dix-huit ans, ainsi que savoir et accepter volontairement et express\u00e9ment que l&rsquo;utilisation du site web se fait dans tous les cas sous sa seule et unique responsabilit\u00e9.<\/span><\/p>\n<p>L&rsquo;utilisateur s&rsquo;engage \u00e0 respecter les CGU, ainsi que les avertissements ou instructions sp\u00e9ciales contenues sur le site web et \u00e0 toujours agir conform\u00e9ment \u00e0 la loi, aux bonnes coutumes et aux exigences de la bonne foi, en faisant preuve de la plus grande prudence compte tenu de la nature et de la consid\u00e9ration du service dont il b\u00e9n\u00e9ficie. \u00c0 cet effet, il s&rsquo;abstiendra d&rsquo;utiliser le site web de quelque mani\u00e8re que ce soit qui pourrait entraver, endommager ou d\u00e9t\u00e9riorer le fonctionnement normal de celui-ci, les biens ou les droits de GRUPO-GARCIA, de ses fournisseurs, de ses distributeurs, du reste des utilisateurs ou, en g\u00e9n\u00e9ral, de toute tierce partie.<\/p>\n<p>En particulier, et sans que cela n&rsquo;implique aucune restriction \u00e0 l&rsquo;obligation assum\u00e9e par l&rsquo;utilisateur en g\u00e9n\u00e9ral conform\u00e9ment \u00e0 la section pr\u00e9c\u00e9dente, l&rsquo;utilisateur est tenu, dans le cadre de l&rsquo;utilisation du site Web, de<\/p>\n<p>a) Ne pas introduire, stocker ou diffuser sur le site web ou \u00e0 partir de celui-ci des informations ou du mat\u00e9riel \u00e0 caract\u00e8re diffamatoire, calomnieux, offensant, obsc\u00e8ne, mena\u00e7ant, x\u00e9nophobe, pornographique, soutenant le terrorisme, incitant \u00e0 la violence, \u00e0 la discrimination fond\u00e9e sur la race, le sexe, l&rsquo;id\u00e9ologie, la religion ou portant atteinte de quelque mani\u00e8re que ce soit \u00e0 la forme, \u00e0 l&rsquo;ordre public, aux droits fondamentaux, aux libert\u00e9s publiques, \u00e0 l&rsquo;honneur, \u00e0 la vie priv\u00e9e ou \u00e0 l&rsquo;image de tiers et, d&rsquo;une mani\u00e8re g\u00e9n\u00e9rale, \u00e0 la l\u00e9gislation en vigueur.<\/p>\n<p>b) Ne pas introduire, stocker ou diffuser par le biais du site web tout programme informatique, donn\u00e9e, virus, code ou tout autre instrument ou dispositif \u00e9lectronique ou physique susceptible de causer des dommages au site web, \u00e0 l&rsquo;un des services ou \u00e0 l&rsquo;un des \u00e9quipements, syst\u00e8mes ou r\u00e9seaux de GRUPO-GARCIA, de tout utilisateur, des fournisseurs ou distributeurs de GRUPO-GARCIA ou, en g\u00e9n\u00e9ral, de toute tierce partie, susceptible de causer tout type d&rsquo;alt\u00e9ration ou d&rsquo;entraver le fonctionnement normal de ces derniers.<\/p>\n<p>c) Ne pas introduire, stocker ou diffuser par le biais du site Web tout contenu qui enfreint les r\u00e8gles de la propri\u00e9t\u00e9 intellectuelle ou industrielle ou les droits de tiers, ni en g\u00e9n\u00e9ral tout contenu dont il ne d\u00e9tient pas, conform\u00e9ment \u00e0 la loi, le droit de le mettre \u00e0 la disposition de tiers.<\/p>\n<p>3.2- Acc\u00e8s et utilisation des contenus.<\/p>\n<p>Le contenu du site web est mis \u00e0 la disposition de l&rsquo;utilisateur avec des informations provenant de sources propres et de sources tierces.<\/p>\n<p>GRUPO-GARCIA s&rsquo;efforce d&rsquo;assurer la meilleure qualit\u00e9 possible des contenus et leur mise \u00e0 jour raisonnable, mais ne garantit pas l&rsquo;utilit\u00e9, l&rsquo;exactitude, l&rsquo;exhaustivit\u00e9, la pertinence et\/ou l&rsquo;actualit\u00e9 des contenus.<\/p>\n<p><span lang=\"en-US\">4.- DROITS DE PROPRI\u00c9T\u00c9 INTELLECTUELLE ET INDUSTRIELLE.<\/span><\/p>\n<p><span lang=\"es-ES\">Les pr\u00e9sentes CGU ne transf\u00e8rent aucun droit de propri\u00e9t\u00e9 intellectuelle ou industrielle sur le site web ou l&rsquo;un de ses \u00e9l\u00e9ments constitutifs, et il est express\u00e9ment interdit \u00e0 l&rsquo;utilisateur de reproduire, transformer, distribuer, communiquer publiquement, mettre \u00e0 disposition, extraire, r\u00e9utiliser, renvoyer ou utiliser l&rsquo;un d&rsquo;entre eux de quelque mani\u00e8re que ce soit, par quelque moyen ou proc\u00e9dure que ce soit, sauf dans les cas o\u00f9 cela est l\u00e9galement permis ou autoris\u00e9 par le titulaire des droits correspondants.<\/span><\/p>\n<p><span lang=\"es-ES\">L&rsquo;utilisateur peut visualiser et obtenir une copie priv\u00e9e temporaire des contenus pour son usage exclusivement personnel et priv\u00e9 sur ses syst\u00e8mes informatiques (logiciel et mat\u00e9riel), \u00e0 condition que ce ne soit pas dans le but de r\u00e9aliser des activit\u00e9s commerciales ou professionnelles. L&rsquo;Utilisateur devra s&rsquo;abstenir d&rsquo;obtenir ou de tenter d&rsquo;obtenir les Contenus par des moyens ou des proc\u00e9dures autres que ceux qui, dans chaque cas, ont \u00e9t\u00e9 mis \u00e0 sa disposition ou indiqu\u00e9s \u00e0 cet effet, ou que ceux qui sont normalement utilis\u00e9s sur Internet (\u00e0 condition que ces derniers n&rsquo;entra\u00eenent pas un risque de dommage ou de d\u00e9sactivation du site Web). L&rsquo;Utilisateur devra respecter \u00e0 tout moment tous les droits de propri\u00e9t\u00e9 intellectuelle et industrielle sur le site web, de propri\u00e9t\u00e9 de GRUPO-GARCIA ou de tiers.<\/span><\/p>\n<p><span lang=\"es-ES\">5.- EXCLUSION DES GARANTIES ET DE LA RESPONSABILIT\u00c9<\/span><\/p>\n<p><span lang=\"es-ES\">5.1.- Exclusion de garanties et de responsabilit\u00e9 pour le fonctionnement du site web.<\/span><\/p>\n<p><span lang=\"es-ES\">GRUPO-GARCIA ne garantit pas la disponibilit\u00e9 et la continuit\u00e9 du fonctionnement du site web et des services ou contenus offerts sur celui-ci, ni la mise \u00e0 jour du contenu existant sur son site web, \u00e9tant exon\u00e9r\u00e9 de toute responsabilit\u00e9 pour les dommages et pr\u00e9judices de toute nature pouvant r\u00e9sulter de telles circonstances.<\/span><\/p>\n<p><span lang=\"es-ES\">GRUPO-GARCIA effectuera, dans la mesure o\u00f9 aucune circonstance ne rend l&rsquo;ex\u00e9cution impossible ou difficile et d\u00e8s qu&rsquo;il aura connaissance des erreurs, des d\u00e9connexions et\/ou du manque de mise \u00e0 jour des contenus, tous les travaux tendant \u00e0 corriger les erreurs, \u00e0 r\u00e9tablir la communication et\/ou \u00e0 mettre \u00e0 jour les contenus r\u00e9f\u00e9renc\u00e9s.<\/span><\/p>\n<p><span lang=\"es-ES\">De m\u00eame, le GRUPO-GARCIA ne garantit pas la fiabilit\u00e9 technique de son site Web, ni l&rsquo;acc\u00e8s \u00e0 ses diff\u00e9rentes pages, \u00e9tant exon\u00e9r\u00e9 de toute responsabilit\u00e9 pour les dommages de toute nature pouvant \u00eatre caus\u00e9s par cette cause.<\/span><\/p>\n<p><span lang=\"es-ES\">En outre, le GRUPO-GARCIA n&rsquo;est pas responsable des \u00e9ventuelles erreurs ou d\u00e9ficiences de s\u00e9curit\u00e9 pouvant survenir du fait de l&rsquo;utilisation par l&rsquo;utilisateur d&rsquo;un navigateur dont la version est obsol\u00e8te ou non s\u00e9curis\u00e9e, ni des dommages, erreurs ou inexactitudes pouvant r\u00e9sulter du mauvais fonctionnement de ce dernier.<\/span><\/p>\n<p><span lang=\"es-ES\">Afin de r\u00e9duire le risque d&rsquo;introduction de virus sur le site Web, elle utilise des programmes de d\u00e9tection de virus pour contr\u00f4ler tous les contenus qu&rsquo;elle introduit sur le site Web. N\u00e9anmoins, le GRUPO-GARCIA ne garantit pas l&rsquo;absence de virus, ni d&rsquo;autres \u00e9l\u00e9ments du site web introduits par des tiers \u00e9trangers au GRUPO-GARCIA qui peuvent produire des alt\u00e9rations dans les syst\u00e8mes physiques ou logiques des utilisateurs ou dans les documents \u00e9lectroniques et les fichiers stock\u00e9s dans leurs syst\u00e8mes. Par cons\u00e9quent, GRUPO-GARCIA ne sera en aucun cas responsable des dommages de toute nature pouvant d\u00e9couler de la pr\u00e9sence de virus ou d&rsquo;autres \u00e9l\u00e9ments susceptibles de produire des alt\u00e9rations dans les syst\u00e8mes physiques ou logiques, les documents \u00e9lectroniques ou les fichiers des utilisateurs.<\/span><\/p>\n<p><span lang=\"es-ES\">Le GRUPO-GARCIA adopte diverses mesures de protection pour prot\u00e9ger le site web, les donn\u00e9es collect\u00e9es et les contenus contre les attaques informatiques de tiers. N\u00e9anmoins, le GRUPO-GARCIA ne garantit pas que des tiers non autoris\u00e9s puissent avoir acc\u00e8s au type d&rsquo;utilisation ou de navigation du site web que l&rsquo;utilisateur effectue ou aux conditions, caract\u00e9ristiques et circonstances dans lesquelles il l&rsquo;effectue. Par cons\u00e9quent, GRUPO-GARCIA ne sera en aucun cas responsable des dommages et pr\u00e9judices pouvant d\u00e9couler de l&rsquo;acc\u00e8s non autoris\u00e9 susmentionn\u00e9.<\/span><\/p>\n<p><span lang=\"es-ES\">GRUPO-GARCIA ne sera en aucun cas responsable de l&rsquo;utilisation que les utilisateurs et\/ou tiers pourraient faire du site web ou des contenus, ni des dommages et pr\u00e9judices qui pourraient en d\u00e9couler.<\/span><\/p>\n<p><span lang=\"es-ES\">5.2.- Exclusion des garanties et de la responsabilit\u00e9 des contenus.<\/span><\/p>\n<p><span lang=\"es-ES\">GRUPO-GARCIA n&rsquo;\u00e9dite pas les contenus de tiers publi\u00e9s sur le site web et, par cons\u00e9quent, ne garantit pas et n&rsquo;est pas responsable de la l\u00e9galit\u00e9, de la fiabilit\u00e9, de l&rsquo;utilit\u00e9, de la v\u00e9racit\u00e9, de l&rsquo;exactitude, de l&rsquo;exhaustivit\u00e9 et de l&rsquo;actualit\u00e9 de ces contenus, ainsi que des contenus appartenant \u00e0 GRUPO-GARCIA. GRUPO-GARCIA ne sera en aucun cas responsable des dommages pouvant r\u00e9sulter : (i) du manque de l\u00e9galit\u00e9, de v\u00e9racit\u00e9, d&rsquo;exactitude, d&rsquo;exhaustivit\u00e9 et\/ou d&rsquo;actualit\u00e9 des contenus provenant de tiers et des siens ; (ii) de l&rsquo;inad\u00e9quation \u00e0 tout objectif et de la d\u00e9ception des attentes g\u00e9n\u00e9r\u00e9es par les contenus ; (iii) des d\u00e9cisions ou actions prises ou \u00e9vit\u00e9es par l&rsquo;utilisateur sur la base des informations ou donn\u00e9es fournies dans les contenus, y compris, sans s&rsquo;y limiter, la perte de profits ou d&rsquo;opportunit\u00e9s d&rsquo;affaires.<\/span><\/p>\n<p><span lang=\"en-US\">6.- LIENS HYPERTEXTES.<\/span><\/p>\n<p><span lang=\"en-US\">Les personnes qui ont l&rsquo;intention d&rsquo;\u00e9tablir des liens hypertextes entre leur page web et le site web doivent observer et respecter les conditions suivantes :<\/span><\/p>\n<p><span lang=\"en-US\">i) L&rsquo;autorisation pr\u00e9alable ne sera pas n\u00e9cessaire lorsque l&rsquo;hyperlien permet uniquement d&rsquo;acc\u00e9der \u00e0 la page d&rsquo;accueil du site web, mais ne peut pas la reproduire sous quelque forme que ce soit. Toute autre forme d&rsquo;hyperlien n\u00e9cessitera l&rsquo;autorisation \u00e9crite, expresse et sans \u00e9quivoque du GRUPO-GARCIA.<\/span><\/p>\n<p><span lang=\"en-US\">ii) La page Web dans laquelle l&rsquo;hyperlien est \u00e9tabli ne peut contenir que ce qui est strictement n\u00e9cessaire pour identifier la destination de l&rsquo;hyperlien.<\/span><\/p>\n<p><span lang=\"en-US\">iii) La page Web dans laquelle l&rsquo;hyperlien est \u00e9tabli ne doit pas contenir d&rsquo;informations ou de contenus illicites, contraires \u00e0 la morale et aux bonnes coutumes g\u00e9n\u00e9ralement accept\u00e9es et \u00e0 l&rsquo;ordre public, ni de contenus contraires aux droits d&rsquo;un tiers.<\/span><\/p>\n<p><span lang=\"en-US\">iv) GRUPO-GARCIA se r\u00e9serve le droit de bloquer les Hyperliens dirig\u00e9s vers le Site Web qui n&rsquo;ont pas fait l&rsquo;objet d&rsquo;une autorisation pr\u00e9alable expresse, m\u00eame s&rsquo;ils respectent les dispositions du pr\u00e9sent point des Conditions G\u00e9n\u00e9rales.<\/span><\/p>\n<p><span lang=\"es-ES\">7.- ACTIONS EN CAS D&rsquo;INEX\u00c9CUTION.<\/span><\/p>\n<p><span lang=\"es-ES\">GRUPO-GARCIA se r\u00e9serve le droit d&rsquo;exercer les actions pr\u00e9vues par la loi pour exiger les responsabilit\u00e9s d\u00e9riv\u00e9es de la violation de l&rsquo;une quelconque des dispositions des pr\u00e9sentes conditions g\u00e9n\u00e9rales du site Web de la part d&rsquo;un utilisateur.<\/span><\/p>\n<p><span lang=\"es-ES\">8.- NULLIT\u00c9 PARTIELLE.<\/span><\/p>\n<p><span lang=\"es-ES\">La d\u00e9claration de nullit\u00e9, d&rsquo;invalidit\u00e9 ou d&rsquo;inefficacit\u00e9 de l&rsquo;une quelconque des clauses des pr\u00e9sentes Conditions g\u00e9n\u00e9rales n&rsquo;affectera pas la validit\u00e9 ou l&rsquo;efficacit\u00e9 des autres clauses, qui continueront d&rsquo;\u00eatre contraignantes entre les parties.<\/span><\/p>\n<p><span lang=\"es-ES\">9.- DROIT APPLICABLE ET JURIDICTION.<\/span><\/p>\n<p><span lang=\"es-ES\">Les pr\u00e9sentes CGU sont r\u00e9gies par les dispositions de la loi espagnole.<\/span><\/p>\n<p><span lang=\"es-ES\">Pour tout litige relatif aux conditions d&rsquo;utilisation et d&rsquo;acc\u00e8s \u00e0 ce site Web contenues dans le pr\u00e9sent document des CGU du site Web, les parties se soumettent, en renon\u00e7ant express\u00e9ment \u00e0 toute autre juridiction qui pourrait leur correspondre, \u00e0 moins que la loi n&rsquo;en dispose autrement, aux tribunaux de Denia.<\/span><\/p>\n<p><span lang=\"en-US\">10.- NOTIFICATIONS.<\/span><\/p>\n<p><span lang=\"en-US\">Aux fins d&rsquo;effectuer les notifications appropri\u00e9es, GRUPO-GARCIA d\u00e9signe comme adresse de contact l&rsquo;adresse sp\u00e9cifi\u00e9e dans les mentions l\u00e9gales.<\/span><\/p>\n<p><span lang=\"en-US\">L&rsquo;adresse \u00e9lectronique fournie par l&rsquo;utilisateur au cours du processus d&rsquo;enregistrement sur le site Web sera utilis\u00e9e par GRUPO-GARCIA aux fins de l&rsquo;envoi de notifications \u00e0 l&rsquo;utilisateur.<\/span><\/p>\n<p><span lang=\"en-US\">L&rsquo;Utilisateur est tenu de maintenir ses donn\u00e9es \u00e0 jour aux fins des notifications vis\u00e9es dans la pr\u00e9sente clause.<\/span><\/p>\n<p><span lang=\"en-US\">Toutes les notifications faites par GRUPO-GARCIA \u00e0 l&rsquo;Utilisateur seront consid\u00e9r\u00e9es comme valablement effectu\u00e9es si elles ont \u00e9t\u00e9 faites en utilisant les donn\u00e9es et par les moyens susmentionn\u00e9s. <\/span><span lang=\"es-ES\">Le GRUPO-GARCIA n&rsquo;est pas responsable des dommages qui pourraient r\u00e9sulter de la violation par l&rsquo;utilisateur de son obligation de maintenir ses coordonn\u00e9es \u00e0 jour.<\/span><\/p>\n","protected":false},"excerpt":{"rendered":"<p>Les pr\u00e9sentes conditions g\u00e9n\u00e9rales d&rsquo;utilisation (ci-apr\u00e8s CGU) r\u00e9gissent l&rsquo;acc\u00e8s et l&rsquo;utilisation du site web du domaine www.grupo-garcia.es (ci-apr\u00e8s site web), propri\u00e9t\u00e9 de \u00ab INMOVALL ALCALALI, S.L. \u00bb (ci-apr\u00e8s GRUPO-GARCIA), mis \u00e0 la disposition des utilisateurs (ci-apr\u00e8s utilisateur(s)).<\/p>\n<p>En cas de doute ou de question relative \u00e0 l&rsquo;utilisation et \u00e0 l&rsquo;acc\u00e8s au site Web ou aux pr\u00e9sentes CGU, vous pouvez nous contacter aux coordonn\u00e9es publi\u00e9es dans les mentions l\u00e9gales.<\/p>\n<p>2.- CONFORMIT\u00c9 AVEC LES PR\u00c9SENTES CONDITIONS G\u00c9N\u00c9RALES.<\/p>\n<p>L&rsquo;utilisation du Site implique la pleine acceptation par l&rsquo;Utilisateur des CGU en vigueur au moment o\u00f9 l&rsquo;Utilisateur acc\u00e8de au Site.<\/p>\n","protected":false},"author":1,"featured_media":0,"parent":0,"menu_order":0,"comment_status":"closed","ping_status":"closed","template":"","meta":{"iawp_total_views":0,"footnotes":""},"page-template":[],"class_list":["post-3836963","page","type-page","status-publish","hentry"],"yoast_head":"<!-- This site is optimized with the Yoast SEO plugin v27.4 - https:\/\/yoast.com\/product\/yoast-seo-wordpress\/ -->\n<title>CONDITIONS G\u00c9N\u00c9RALES D&#039;UTILISATION | Grupo Garcia<\/title>\n<meta name=\"robots\" content=\"index, follow, max-snippet:-1, max-image-preview:large, max-video-preview:-1\" \/>\n<link rel=\"canonical\" href=\"https:\/\/grupo-garcia.es\/fr\/condiciones-generales-de-uso\/\" \/>\n<meta property=\"og:locale\" content=\"fr_FR\" \/>\n<meta property=\"og:type\" content=\"article\" \/>\n<meta property=\"og:title\" content=\"CONDITIONS G\u00c9N\u00c9RALES D&#039;UTILISATION | Grupo Garcia\" \/>\n<meta property=\"og:description\" content=\"Les pr\u00e9sentes conditions g\u00e9n\u00e9rales d&#039;utilisation (ci-apr\u00e8s CGU) r\u00e9gissent l&#039;acc\u00e8s et l&#039;utilisation du site web du domaine www.grupo-garcia.es (ci-apr\u00e8s site web), propri\u00e9t\u00e9 de \u00ab INMOVALL ALCALALI, S.L. \u00bb (ci-apr\u00e8s GRUPO-GARCIA), mis \u00e0 la disposition des utilisateurs (ci-apr\u00e8s utilisateur(s)).  En cas de doute ou de question relative \u00e0 l&#039;utilisation et \u00e0 l&#039;acc\u00e8s au site Web ou aux pr\u00e9sentes CGU, vous pouvez nous contacter aux coordonn\u00e9es publi\u00e9es dans les mentions l\u00e9gales.  2.- CONFORMIT\u00c9 AVEC LES PR\u00c9SENTES CONDITIONS G\u00c9N\u00c9RALES.  L&#039;utilisation du Site implique la pleine acceptation par l&#039;Utilisateur des CGU en vigueur au moment o\u00f9 l&#039;Utilisateur acc\u00e8de au Site.\" \/>\n<meta property=\"og:url\" content=\"https:\/\/grupo-garcia.es\/fr\/condiciones-generales-de-uso\/\" \/>\n<meta property=\"og:site_name\" content=\"Grupo Garcia\" \/>\n<meta property=\"article:publisher\" content=\"https:\/\/www.facebook.com\/grupogarciacostablanca\/\" \/>\n<meta property=\"article:modified_time\" content=\"2024-08-02T12:09:08+00:00\" \/>\n<meta name=\"twitter:card\" content=\"summary_large_image\" \/>\n<meta name=\"twitter:label1\" content=\"Dur\u00e9e de lecture estim\u00e9e\" \/>\n\t<meta name=\"twitter:data1\" content=\"9 minutes\" \/>\n<script type=\"application\/ld+json\" class=\"yoast-schema-graph\">{\"@context\":\"https:\\\/\\\/schema.org\",\"@graph\":[{\"@type\":\"WebPage\",\"@id\":\"https:\\\/\\\/grupo-garcia.es\\\/fr\\\/condiciones-generales-de-uso\\\/\",\"url\":\"https:\\\/\\\/grupo-garcia.es\\\/fr\\\/condiciones-generales-de-uso\\\/\",\"name\":\"CONDITIONS G\u00c9N\u00c9RALES D'UTILISATION | Grupo Garcia\",\"isPartOf\":{\"@id\":\"https:\\\/\\\/grupo-garcia.es\\\/fr\\\/#website\"},\"datePublished\":\"2020-10-26T21:38:15+00:00\",\"dateModified\":\"2024-08-02T12:09:08+00:00\",\"breadcrumb\":{\"@id\":\"https:\\\/\\\/grupo-garcia.es\\\/fr\\\/condiciones-generales-de-uso\\\/#breadcrumb\"},\"inLanguage\":\"fr-FR\",\"potentialAction\":[{\"@type\":\"ReadAction\",\"target\":[\"https:\\\/\\\/grupo-garcia.es\\\/fr\\\/condiciones-generales-de-uso\\\/\"]}]},{\"@type\":\"BreadcrumbList\",\"@id\":\"https:\\\/\\\/grupo-garcia.es\\\/fr\\\/condiciones-generales-de-uso\\\/#breadcrumb\",\"itemListElement\":[{\"@type\":\"ListItem\",\"position\":1,\"name\":\"Portada\",\"item\":\"https:\\\/\\\/grupo-garcia.es\\\/fr\\\/\"},{\"@type\":\"ListItem\",\"position\":2,\"name\":\"CONDITIONS G\u00c9N\u00c9RALES D&rsquo;UTILISATION\"}]},{\"@type\":\"WebSite\",\"@id\":\"https:\\\/\\\/grupo-garcia.es\\\/fr\\\/#website\",\"url\":\"https:\\\/\\\/grupo-garcia.es\\\/fr\\\/\",\"name\":\"Grupo Garcia\",\"description\":\"Inmobiliaria en J\u00e1vea y Jal\u00f3n\",\"potentialAction\":[{\"@type\":\"SearchAction\",\"target\":{\"@type\":\"EntryPoint\",\"urlTemplate\":\"https:\\\/\\\/grupo-garcia.es\\\/fr\\\/?s={search_term_string}\"},\"query-input\":{\"@type\":\"PropertyValueSpecification\",\"valueRequired\":true,\"valueName\":\"search_term_string\"}}],\"inLanguage\":\"fr-FR\"}]}<\/script>\n<!-- \/ Yoast SEO plugin. -->","yoast_head_json":{"title":"CONDITIONS G\u00c9N\u00c9RALES D'UTILISATION | Grupo Garcia","robots":{"index":"index","follow":"follow","max-snippet":"max-snippet:-1","max-image-preview":"max-image-preview:large","max-video-preview":"max-video-preview:-1"},"canonical":"https:\/\/grupo-garcia.es\/fr\/condiciones-generales-de-uso\/","og_locale":"fr_FR","og_type":"article","og_title":"CONDITIONS G\u00c9N\u00c9RALES D'UTILISATION | Grupo Garcia","og_description":"Les pr\u00e9sentes conditions g\u00e9n\u00e9rales d'utilisation (ci-apr\u00e8s CGU) r\u00e9gissent l'acc\u00e8s et l'utilisation du site web du domaine www.grupo-garcia.es (ci-apr\u00e8s site web), propri\u00e9t\u00e9 de \u00ab INMOVALL ALCALALI, S.L. \u00bb (ci-apr\u00e8s GRUPO-GARCIA), mis \u00e0 la disposition des utilisateurs (ci-apr\u00e8s utilisateur(s)).  En cas de doute ou de question relative \u00e0 l'utilisation et \u00e0 l'acc\u00e8s au site Web ou aux pr\u00e9sentes CGU, vous pouvez nous contacter aux coordonn\u00e9es publi\u00e9es dans les mentions l\u00e9gales.  2.- CONFORMIT\u00c9 AVEC LES PR\u00c9SENTES CONDITIONS G\u00c9N\u00c9RALES.  L'utilisation du Site implique la pleine acceptation par l'Utilisateur des CGU en vigueur au moment o\u00f9 l'Utilisateur acc\u00e8de au Site.","og_url":"https:\/\/grupo-garcia.es\/fr\/condiciones-generales-de-uso\/","og_site_name":"Grupo Garcia","article_publisher":"https:\/\/www.facebook.com\/grupogarciacostablanca\/","article_modified_time":"2024-08-02T12:09:08+00:00","twitter_card":"summary_large_image","twitter_misc":{"Dur\u00e9e de lecture estim\u00e9e":"9 minutes"},"schema":{"@context":"https:\/\/schema.org","@graph":[{"@type":"WebPage","@id":"https:\/\/grupo-garcia.es\/fr\/condiciones-generales-de-uso\/","url":"https:\/\/grupo-garcia.es\/fr\/condiciones-generales-de-uso\/","name":"CONDITIONS G\u00c9N\u00c9RALES D'UTILISATION | Grupo Garcia","isPartOf":{"@id":"https:\/\/grupo-garcia.es\/fr\/#website"},"datePublished":"2020-10-26T21:38:15+00:00","dateModified":"2024-08-02T12:09:08+00:00","breadcrumb":{"@id":"https:\/\/grupo-garcia.es\/fr\/condiciones-generales-de-uso\/#breadcrumb"},"inLanguage":"fr-FR","potentialAction":[{"@type":"ReadAction","target":["https:\/\/grupo-garcia.es\/fr\/condiciones-generales-de-uso\/"]}]},{"@type":"BreadcrumbList","@id":"https:\/\/grupo-garcia.es\/fr\/condiciones-generales-de-uso\/#breadcrumb","itemListElement":[{"@type":"ListItem","position":1,"name":"Portada","item":"https:\/\/grupo-garcia.es\/fr\/"},{"@type":"ListItem","position":2,"name":"CONDITIONS G\u00c9N\u00c9RALES D&rsquo;UTILISATION"}]},{"@type":"WebSite","@id":"https:\/\/grupo-garcia.es\/fr\/#website","url":"https:\/\/grupo-garcia.es\/fr\/","name":"Grupo Garcia","description":"Inmobiliaria en J\u00e1vea y Jal\u00f3n","potentialAction":[{"@type":"SearchAction","target":{"@type":"EntryPoint","urlTemplate":"https:\/\/grupo-garcia.es\/fr\/?s={search_term_string}"},"query-input":{"@type":"PropertyValueSpecification","valueRequired":true,"valueName":"search_term_string"}}],"inLanguage":"fr-FR"}]}},"_links":{"self":[{"href":"https:\/\/grupo-garcia.es\/fr\/wp-json\/wp\/v2\/pages\/3836963","targetHints":{"allow":["GET"]}}],"collection":[{"href":"https:\/\/grupo-garcia.es\/fr\/wp-json\/wp\/v2\/pages"}],"about":[{"href":"https:\/\/grupo-garcia.es\/fr\/wp-json\/wp\/v2\/types\/page"}],"author":[{"embeddable":true,"href":"https:\/\/grupo-garcia.es\/fr\/wp-json\/wp\/v2\/users\/1"}],"replies":[{"embeddable":true,"href":"https:\/\/grupo-garcia.es\/fr\/wp-json\/wp\/v2\/comments?post=3836963"}],"version-history":[{"count":0,"href":"https:\/\/grupo-garcia.es\/fr\/wp-json\/wp\/v2\/pages\/3836963\/revisions"}],"wp:attachment":[{"href":"https:\/\/grupo-garcia.es\/fr\/wp-json\/wp\/v2\/media?parent=3836963"}],"wp:term":[{"taxonomy":"page-template","embeddable":true,"href":"https:\/\/grupo-garcia.es\/fr\/wp-json\/wp\/v2\/page-template?post=3836963"}],"curies":[{"name":"wp","href":"https:\/\/api.w.org\/{rel}","templated":true}]}}