{"id":1056651,"date":"2019-09-26T22:43:48","date_gmt":"2019-09-26T21:43:48","guid":{"rendered":"https:\/\/grupo-garcia.es\/inicio2\/"},"modified":"2026-04-16T15:07:22","modified_gmt":"2026-04-16T14:07:22","slug":"inicio2","status":"publish","type":"page","link":"https:\/\/grupo-garcia.es\/fr\/","title":{"rendered":"Accueil"},"content":{"rendered":"","protected":false},"excerpt":{"rendered":"","protected":false},"author":1,"featured_media":0,"parent":0,"menu_order":0,"comment_status":"closed","ping_status":"closed","template":"","meta":{"iawp_total_views":529,"footnotes":""},"page-template":[],"class_list":["post-1056651","page","type-page","status-publish","hentry"],"yoast_head":"<!-- This site is optimized with the Yoast SEO plugin v27.4 - https:\/\/yoast.com\/product\/yoast-seo-wordpress\/ -->\n<title>Grupo Garc\u00eda \u25b7 Agence immobili\u00e8re \u00e0 Jal\u00f3n, J\u00e1vea, Moraira et Madrid<\/title>\n<meta name=\"description\" content=\"Grupo Garcia est une agence immobili\u00e8re \u00e0 Jalon, Javea et Moraira avec une large s\u00e9lection de villas, appartements, chalets et terrains sur la Costa Blanca.\" \/>\n<meta name=\"robots\" content=\"index, follow, max-snippet:-1, max-image-preview:large, max-video-preview:-1\" \/>\n<link rel=\"canonical\" href=\"https:\/\/grupo-garcia.es\/fr\/\" \/>\n<meta property=\"og:locale\" content=\"fr_FR\" \/>\n<meta property=\"og:type\" content=\"article\" \/>\n<meta property=\"og:title\" content=\"Grupo Garc\u00eda \u25b7 Agence immobili\u00e8re \u00e0 Jal\u00f3n, J\u00e1vea, Moraira et Madrid\" \/>\n<meta property=\"og:description\" content=\"Grupo Garcia est une agence immobili\u00e8re \u00e0 Jalon, Javea et Moraira avec une large s\u00e9lection de villas, appartements, chalets et terrains sur la Costa Blanca.\" \/>\n<meta property=\"og:url\" content=\"https:\/\/grupo-garcia.es\/fr\/\" \/>\n<meta property=\"og:site_name\" content=\"Grupo Garcia\" \/>\n<meta property=\"article:publisher\" content=\"https:\/\/www.facebook.com\/grupogarciacostablanca\/\" \/>\n<meta property=\"article:modified_time\" content=\"2026-04-16T14:07:22+00:00\" \/>\n<meta name=\"twitter:card\" content=\"summary_large_image\" \/>\n<meta name=\"twitter:label1\" content=\"Dur\u00e9e de lecture estim\u00e9e\" \/>\n\t<meta name=\"twitter:data1\" content=\"9 minutes\" \/>\n<script type=\"application\/ld+json\" class=\"yoast-schema-graph\">{\"@context\":\"https:\\\/\\\/schema.org\",\"@graph\":[{\"@type\":\"WebPage\",\"@id\":\"https:\\\/\\\/grupo-garcia.es\\\/fr\\\/\",\"url\":\"https:\\\/\\\/grupo-garcia.es\\\/fr\\\/\",\"name\":\"Grupo Garc\u00eda \u25b7 Agence immobili\u00e8re \u00e0 Jal\u00f3n, J\u00e1vea, Moraira et Madrid\",\"isPartOf\":{\"@id\":\"https:\\\/\\\/grupo-garcia.es\\\/fr\\\/#website\"},\"datePublished\":\"2019-09-26T21:43:48+00:00\",\"dateModified\":\"2026-04-16T14:07:22+00:00\",\"description\":\"Grupo Garcia est une agence immobili\u00e8re \u00e0 Jalon, Javea et Moraira avec une large s\u00e9lection de villas, appartements, chalets et terrains sur la Costa Blanca.\",\"breadcrumb\":{\"@id\":\"https:\\\/\\\/grupo-garcia.es\\\/fr\\\/#breadcrumb\"},\"inLanguage\":\"fr-FR\",\"potentialAction\":[{\"@type\":\"ReadAction\",\"target\":[\"https:\\\/\\\/grupo-garcia.es\\\/fr\\\/\"]}]},{\"@type\":\"BreadcrumbList\",\"@id\":\"https:\\\/\\\/grupo-garcia.es\\\/fr\\\/#breadcrumb\",\"itemListElement\":[{\"@type\":\"ListItem\",\"position\":1,\"name\":\"Portada\",\"item\":\"https:\\\/\\\/grupo-garcia.es\\\/fr\\\/\"},{\"@type\":\"ListItem\",\"position\":2,\"name\":\"Accueil\"}]},{\"@type\":\"WebSite\",\"@id\":\"https:\\\/\\\/grupo-garcia.es\\\/fr\\\/#website\",\"url\":\"https:\\\/\\\/grupo-garcia.es\\\/fr\\\/\",\"name\":\"Grupo Garcia\",\"description\":\"Inmobiliaria en J\u00e1vea y Jal\u00f3n\",\"potentialAction\":[{\"@type\":\"SearchAction\",\"target\":{\"@type\":\"EntryPoint\",\"urlTemplate\":\"https:\\\/\\\/grupo-garcia.es\\\/fr\\\/?s={search_term_string}\"},\"query-input\":{\"@type\":\"PropertyValueSpecification\",\"valueRequired\":true,\"valueName\":\"search_term_string\"}}],\"inLanguage\":\"fr-FR\"}]}<\/script>\n<!-- \/ Yoast SEO plugin. -->","yoast_head_json":{"title":"Grupo Garc\u00eda \u25b7 Agence immobili\u00e8re \u00e0 Jal\u00f3n, J\u00e1vea, Moraira et Madrid","description":"Grupo Garcia est une agence immobili\u00e8re \u00e0 Jalon, Javea et Moraira avec une large s\u00e9lection de villas, appartements, chalets et terrains sur la Costa Blanca.","robots":{"index":"index","follow":"follow","max-snippet":"max-snippet:-1","max-image-preview":"max-image-preview:large","max-video-preview":"max-video-preview:-1"},"canonical":"https:\/\/grupo-garcia.es\/fr\/","og_locale":"fr_FR","og_type":"article","og_title":"Grupo Garc\u00eda \u25b7 Agence immobili\u00e8re \u00e0 Jal\u00f3n, J\u00e1vea, Moraira et Madrid","og_description":"Grupo Garcia est une agence immobili\u00e8re \u00e0 Jalon, Javea et Moraira avec une large s\u00e9lection de villas, appartements, chalets et terrains sur la Costa Blanca.","og_url":"https:\/\/grupo-garcia.es\/fr\/","og_site_name":"Grupo Garcia","article_publisher":"https:\/\/www.facebook.com\/grupogarciacostablanca\/","article_modified_time":"2026-04-16T14:07:22+00:00","twitter_card":"summary_large_image","twitter_misc":{"Dur\u00e9e de lecture estim\u00e9e":"9 minutes"},"schema":{"@context":"https:\/\/schema.org","@graph":[{"@type":"WebPage","@id":"https:\/\/grupo-garcia.es\/fr\/","url":"https:\/\/grupo-garcia.es\/fr\/","name":"Grupo Garc\u00eda \u25b7 Agence immobili\u00e8re \u00e0 Jal\u00f3n, J\u00e1vea, Moraira et Madrid","isPartOf":{"@id":"https:\/\/grupo-garcia.es\/fr\/#website"},"datePublished":"2019-09-26T21:43:48+00:00","dateModified":"2026-04-16T14:07:22+00:00","description":"Grupo Garcia est une agence immobili\u00e8re \u00e0 Jalon, Javea et Moraira avec une large s\u00e9lection de villas, appartements, chalets et terrains sur la Costa Blanca.","breadcrumb":{"@id":"https:\/\/grupo-garcia.es\/fr\/#breadcrumb"},"inLanguage":"fr-FR","potentialAction":[{"@type":"ReadAction","target":["https:\/\/grupo-garcia.es\/fr\/"]}]},{"@type":"BreadcrumbList","@id":"https:\/\/grupo-garcia.es\/fr\/#breadcrumb","itemListElement":[{"@type":"ListItem","position":1,"name":"Portada","item":"https:\/\/grupo-garcia.es\/fr\/"},{"@type":"ListItem","position":2,"name":"Accueil"}]},{"@type":"WebSite","@id":"https:\/\/grupo-garcia.es\/fr\/#website","url":"https:\/\/grupo-garcia.es\/fr\/","name":"Grupo Garcia","description":"Inmobiliaria en J\u00e1vea y Jal\u00f3n","potentialAction":[{"@type":"SearchAction","target":{"@type":"EntryPoint","urlTemplate":"https:\/\/grupo-garcia.es\/fr\/?s={search_term_string}"},"query-input":{"@type":"PropertyValueSpecification","valueRequired":true,"valueName":"search_term_string"}}],"inLanguage":"fr-FR"}]}},"_links":{"self":[{"href":"https:\/\/grupo-garcia.es\/fr\/wp-json\/wp\/v2\/pages\/1056651","targetHints":{"allow":["GET"]}}],"collection":[{"href":"https:\/\/grupo-garcia.es\/fr\/wp-json\/wp\/v2\/pages"}],"about":[{"href":"https:\/\/grupo-garcia.es\/fr\/wp-json\/wp\/v2\/types\/page"}],"author":[{"embeddable":true,"href":"https:\/\/grupo-garcia.es\/fr\/wp-json\/wp\/v2\/users\/1"}],"replies":[{"embeddable":true,"href":"https:\/\/grupo-garcia.es\/fr\/wp-json\/wp\/v2\/comments?post=1056651"}],"version-history":[{"count":4,"href":"https:\/\/grupo-garcia.es\/fr\/wp-json\/wp\/v2\/pages\/1056651\/revisions"}],"predecessor-version":[{"id":13546384,"href":"https:\/\/grupo-garcia.es\/fr\/wp-json\/wp\/v2\/pages\/1056651\/revisions\/13546384"}],"wp:attachment":[{"href":"https:\/\/grupo-garcia.es\/fr\/wp-json\/wp\/v2\/media?parent=1056651"}],"wp:term":[{"taxonomy":"page-template","embeddable":true,"href":"https:\/\/grupo-garcia.es\/fr\/wp-json\/wp\/v2\/page-template?post=1056651"}],"curies":[{"name":"wp","href":"https:\/\/api.w.org\/{rel}","templated":true}]}}