{"id":13409517,"date":"2023-10-06T10:22:04","date_gmt":"2023-10-06T09:22:04","guid":{"rendered":"https:\/\/grupo-garcia.es\/for-sale\/properties-for-sale-in-javea-to-buy\/properties-for-sale-in-montgo-javea\/"},"modified":"2023-11-15T16:04:52","modified_gmt":"2023-11-15T15:04:52","slug":"properties-for-sale-in-montgo-javea","status":"publish","type":"page","link":"https:\/\/grupo-garcia.es\/en\/for-sale\/javea\/properties-for-sale-in-montgo-javea\/","title":{"rendered":"PROPERTIES FOR SALE IN MONTG\u00d3, J\u00c1VEA"},"content":{"rendered":"\n<h2 class=\"wp-block-heading\">Why buy a property for sale in El Montg\u00f3?<\/h2>\n\n<p>El Montg\u00f3 is a residential area and is considered one of the quietest locations in J\u00e1vea. If you are looking for charming homes in a place near the sea, this is one of the best areas.<\/p>\n\n<h2 class=\"wp-block-heading\">What are the best homes for sale in El Montg\u00f3?<\/h2>\n\n<p>We have more than 20 <a href=\"https:\/\/grupo-garcia.es\/venta\/javea\/montgo\/villas\/\" target=\"_blank\" rel=\"noreferrer noopener\">villas for sale in El Montg\u00f3<\/a>. Discover this fantastic location in Javea and discover the properties for sale available.<\/p>\n\n<h2 class=\"wp-block-heading\">What are the best areas to buy a property for sale in J\u00e1vea?<\/h2>\n\n<p>Javea is one of the best towns for its coves, its crystal clear waters and its natural environment that surrounds it. However, one of the best areas to buy a house is the Montg\u00f3 area, close to nature, where you can enjoy with family and friends.<\/p>\n\n<h2 class=\"wp-block-heading\">Is El Montg\u00f3 the best location to buy a property in J\u00e1vea?<\/h2>\n\n<p>Undoubtedly, it is one of the best locations to buy a home in Javea, for its tranquility, its location and the properties and homes for sale that it has.<\/p>\n\n<h2 class=\"wp-block-heading\">Homes for sale in the urbanizations of J\u00e1vea:<\/h2>\n\n<ul class=\"wp-block-list\">\n<li><a href=\"https:\/\/grupo-garcia.es\/en\/for-sale\/properties-for-sale-in-javea-to-buy\/properties-for-sale-in-el-tosalet-javea\/\" target=\"_blank\" rel=\"noreferrer noopener\">Homes for Sale in El Tosalet<\/a><\/li>\n\n\n\n<li><a href=\"https:\/\/grupo-garcia.es\/en\/for-sale\/properties-for-sale-in-javea-to-buy\/properties-for-sale-in-balcon-al-mar-javea\/\" target=\"_blank\" rel=\"noreferrer noopener\">Homes for Sale in Balc\u00f3n al Mar<\/a><\/li>\n\n\n\n<li><a href=\"https:\/\/grupo-garcia.es\/en\/for-sale\/properties-for-sale-in-javea-to-buy\/properties-for-sale-in-cap-marti-javea\/\" target=\"_blank\" rel=\"noreferrer noopener\">Homes for Sale in Cap Mart\u00ed<\/a><\/li>\n\n\n\n<li><a href=\"https:\/\/grupo-garcia.es\/venta\/javea\/toscal\/\" target=\"_blank\" rel=\"noreferrer noopener\">Homes for Sale in El Toscal<\/a><\/li>\n\n\n\n<li><a href=\"https:\/\/grupo-garcia.es\/venta\/javea\/rafalet\/\" target=\"_blank\" rel=\"noreferrer noopener\">Homes for Sale in Rafalet<\/a><\/li>\n\n\n\n<li><a href=\"https:\/\/grupo-garcia.es\/venta\/javea\/la-lluca\/\" target=\"_blank\" rel=\"noreferrer noopener\">Homes for Sale in La Lluca<\/a><\/li>\n\n\n\n<li><a href=\"https:\/\/grupo-garcia.es\/venta\/javea\/guardia-park\/\" target=\"_blank\" rel=\"noreferrer noopener\">Homes for Sale in Guardia Park<\/a><\/li>\n<\/ul>\n\n<p>Trust the <a href=\"https:\/\/grupo-garcia.es\/en\/real-estate-agents\/javea\/\">best real estate in J\u00e1vea<\/a> to buy properties.<\/p>\n\n<iframe src=\"https:\/\/www.google.com\/maps\/embed?pb=!1m14!1m8!1m3!1d24884.611792888303!2d0.184843!3d38.773417!3m2!1i1024!2i768!4f13.1!3m3!1m2!1s0x129e0f01808eeddd%3A0xac94cbd09f5284e4!2sGrupo%20Garcia!5e0!3m2!1ses!2ses!4v1696584218089!5m2!1ses!2ses\" width=\"100%\" height=\"450\" style=\"border:0;\" allowfullscreen=\"\" loading=\"lazy\" referrerpolicy=\"no-referrer-when-downgrade\"><\/iframe>\n","protected":false},"excerpt":{"rendered":"<p>\nWhy buy a property for sale in El Montg\u00f3?<\/p>\n<p>El Montg\u00f3 is a residential area and is considered one of the quietest locations in J\u00e1vea. If you are looking for charming homes in a place near the sea, this is one of the best areas.<\/p>\n<p>What are the best homes for sale in El Montg\u00f3?<\/p>\n<p>We have more than 20 villas for sale in El Montg\u00f3.<\/p>\n","protected":false},"author":1,"featured_media":0,"parent":13409471,"menu_order":0,"comment_status":"closed","ping_status":"closed","template":"","meta":{"iawp_total_views":22,"footnotes":""},"page-template":[212],"class_list":["post-13409517","page","type-page","status-publish","hentry"],"yoast_head":"<!-- This site is optimized with the Yoast SEO plugin v27.4 - https:\/\/yoast.com\/product\/yoast-seo-wordpress\/ -->\n<title>PROPERTIES FOR SALE IN MONTG\u00d3, J\u00c1VEA | Grupo Garcia<\/title>\n<meta name=\"robots\" content=\"index, follow, max-snippet:-1, max-image-preview:large, max-video-preview:-1\" \/>\n<link rel=\"canonical\" href=\"https:\/\/grupo-garcia.es\/en\/for-sale\/javea\/properties-for-sale-in-montgo-javea\/\" \/>\n<meta property=\"og:locale\" content=\"en_GB\" \/>\n<meta property=\"og:type\" content=\"article\" \/>\n<meta property=\"og:title\" content=\"PROPERTIES FOR SALE IN MONTG\u00d3, J\u00c1VEA | Grupo Garcia\" \/>\n<meta property=\"og:description\" content=\"Why buy a property for sale in El Montg\u00f3? El Montg\u00f3 is a residential area and is considered one of the quietest locations in J\u00e1vea. If you are looking for charming homes in a place near the sea, this is one of the best areas. What are the best homes for sale in El Montg\u00f3? We have more than 20 villas for sale in El Montg\u00f3.\" \/>\n<meta property=\"og:url\" content=\"https:\/\/grupo-garcia.es\/en\/for-sale\/javea\/properties-for-sale-in-montgo-javea\/\" \/>\n<meta property=\"og:site_name\" content=\"Grupo Garcia\" \/>\n<meta property=\"article:publisher\" content=\"https:\/\/www.facebook.com\/grupogarciacostablanca\/\" \/>\n<meta property=\"article:modified_time\" content=\"2023-11-15T15:04:52+00:00\" \/>\n<meta name=\"twitter:card\" content=\"summary_large_image\" \/>\n<meta name=\"twitter:label1\" content=\"Estimated reading time\" \/>\n\t<meta name=\"twitter:data1\" content=\"1 minute\" \/>\n<script type=\"application\/ld+json\" class=\"yoast-schema-graph\">{\"@context\":\"https:\\\/\\\/schema.org\",\"@graph\":[{\"@type\":\"WebPage\",\"@id\":\"https:\\\/\\\/grupo-garcia.es\\\/en\\\/for-sale\\\/javea\\\/properties-for-sale-in-montgo-javea\\\/\",\"url\":\"https:\\\/\\\/grupo-garcia.es\\\/en\\\/for-sale\\\/javea\\\/properties-for-sale-in-montgo-javea\\\/\",\"name\":\"PROPERTIES FOR SALE IN MONTG\u00d3, J\u00c1VEA | Grupo Garcia\",\"isPartOf\":{\"@id\":\"https:\\\/\\\/grupo-garcia.es\\\/en\\\/#website\"},\"datePublished\":\"2023-10-06T09:22:04+00:00\",\"dateModified\":\"2023-11-15T15:04:52+00:00\",\"breadcrumb\":{\"@id\":\"https:\\\/\\\/grupo-garcia.es\\\/en\\\/for-sale\\\/javea\\\/properties-for-sale-in-montgo-javea\\\/#breadcrumb\"},\"inLanguage\":\"en-GB\",\"potentialAction\":[{\"@type\":\"ReadAction\",\"target\":[\"https:\\\/\\\/grupo-garcia.es\\\/en\\\/for-sale\\\/javea\\\/properties-for-sale-in-montgo-javea\\\/\"]}]},{\"@type\":\"BreadcrumbList\",\"@id\":\"https:\\\/\\\/grupo-garcia.es\\\/en\\\/for-sale\\\/javea\\\/properties-for-sale-in-montgo-javea\\\/#breadcrumb\",\"itemListElement\":[{\"@type\":\"ListItem\",\"position\":1,\"name\":\"Portada\",\"item\":\"https:\\\/\\\/grupo-garcia.es\\\/en\\\/\"},{\"@type\":\"ListItem\",\"position\":2,\"name\":\"For sale\",\"item\":\"https:\\\/\\\/grupo-garcia.es\\\/en\\\/for-sale\\\/\"},{\"@type\":\"ListItem\",\"position\":3,\"name\":\"PROPERTIES FOR SALE IN J\u00c1VEA TO BUY\",\"item\":\"https:\\\/\\\/grupo-garcia.es\\\/en\\\/for-sale\\\/javea\\\/\"},{\"@type\":\"ListItem\",\"position\":4,\"name\":\"PROPERTIES FOR SALE IN MONTG\u00d3, J\u00c1VEA\"}]},{\"@type\":\"WebSite\",\"@id\":\"https:\\\/\\\/grupo-garcia.es\\\/en\\\/#website\",\"url\":\"https:\\\/\\\/grupo-garcia.es\\\/en\\\/\",\"name\":\"Grupo Garcia\",\"description\":\"Inmobiliaria en J\u00e1vea y Jal\u00f3n\",\"potentialAction\":[{\"@type\":\"SearchAction\",\"target\":{\"@type\":\"EntryPoint\",\"urlTemplate\":\"https:\\\/\\\/grupo-garcia.es\\\/en\\\/?s={search_term_string}\"},\"query-input\":{\"@type\":\"PropertyValueSpecification\",\"valueRequired\":true,\"valueName\":\"search_term_string\"}}],\"inLanguage\":\"en-GB\"}]}<\/script>\n<!-- \/ Yoast SEO plugin. -->","yoast_head_json":{"title":"PROPERTIES FOR SALE IN MONTG\u00d3, J\u00c1VEA | Grupo Garcia","robots":{"index":"index","follow":"follow","max-snippet":"max-snippet:-1","max-image-preview":"max-image-preview:large","max-video-preview":"max-video-preview:-1"},"canonical":"https:\/\/grupo-garcia.es\/en\/for-sale\/javea\/properties-for-sale-in-montgo-javea\/","og_locale":"en_GB","og_type":"article","og_title":"PROPERTIES FOR SALE IN MONTG\u00d3, J\u00c1VEA | Grupo Garcia","og_description":"Why buy a property for sale in El Montg\u00f3? El Montg\u00f3 is a residential area and is considered one of the quietest locations in J\u00e1vea. If you are looking for charming homes in a place near the sea, this is one of the best areas. What are the best homes for sale in El Montg\u00f3? We have more than 20 villas for sale in El Montg\u00f3.","og_url":"https:\/\/grupo-garcia.es\/en\/for-sale\/javea\/properties-for-sale-in-montgo-javea\/","og_site_name":"Grupo Garcia","article_publisher":"https:\/\/www.facebook.com\/grupogarciacostablanca\/","article_modified_time":"2023-11-15T15:04:52+00:00","twitter_card":"summary_large_image","twitter_misc":{"Estimated reading time":"1 minute"},"schema":{"@context":"https:\/\/schema.org","@graph":[{"@type":"WebPage","@id":"https:\/\/grupo-garcia.es\/en\/for-sale\/javea\/properties-for-sale-in-montgo-javea\/","url":"https:\/\/grupo-garcia.es\/en\/for-sale\/javea\/properties-for-sale-in-montgo-javea\/","name":"PROPERTIES FOR SALE IN MONTG\u00d3, J\u00c1VEA | Grupo Garcia","isPartOf":{"@id":"https:\/\/grupo-garcia.es\/en\/#website"},"datePublished":"2023-10-06T09:22:04+00:00","dateModified":"2023-11-15T15:04:52+00:00","breadcrumb":{"@id":"https:\/\/grupo-garcia.es\/en\/for-sale\/javea\/properties-for-sale-in-montgo-javea\/#breadcrumb"},"inLanguage":"en-GB","potentialAction":[{"@type":"ReadAction","target":["https:\/\/grupo-garcia.es\/en\/for-sale\/javea\/properties-for-sale-in-montgo-javea\/"]}]},{"@type":"BreadcrumbList","@id":"https:\/\/grupo-garcia.es\/en\/for-sale\/javea\/properties-for-sale-in-montgo-javea\/#breadcrumb","itemListElement":[{"@type":"ListItem","position":1,"name":"Portada","item":"https:\/\/grupo-garcia.es\/en\/"},{"@type":"ListItem","position":2,"name":"For sale","item":"https:\/\/grupo-garcia.es\/en\/for-sale\/"},{"@type":"ListItem","position":3,"name":"PROPERTIES FOR SALE IN J\u00c1VEA TO BUY","item":"https:\/\/grupo-garcia.es\/en\/for-sale\/javea\/"},{"@type":"ListItem","position":4,"name":"PROPERTIES FOR SALE IN MONTG\u00d3, J\u00c1VEA"}]},{"@type":"WebSite","@id":"https:\/\/grupo-garcia.es\/en\/#website","url":"https:\/\/grupo-garcia.es\/en\/","name":"Grupo Garcia","description":"Inmobiliaria en J\u00e1vea y Jal\u00f3n","potentialAction":[{"@type":"SearchAction","target":{"@type":"EntryPoint","urlTemplate":"https:\/\/grupo-garcia.es\/en\/?s={search_term_string}"},"query-input":{"@type":"PropertyValueSpecification","valueRequired":true,"valueName":"search_term_string"}}],"inLanguage":"en-GB"}]}},"_links":{"self":[{"href":"https:\/\/grupo-garcia.es\/en\/wp-json\/wp\/v2\/pages\/13409517","targetHints":{"allow":["GET"]}}],"collection":[{"href":"https:\/\/grupo-garcia.es\/en\/wp-json\/wp\/v2\/pages"}],"about":[{"href":"https:\/\/grupo-garcia.es\/en\/wp-json\/wp\/v2\/types\/page"}],"author":[{"embeddable":true,"href":"https:\/\/grupo-garcia.es\/en\/wp-json\/wp\/v2\/users\/1"}],"replies":[{"embeddable":true,"href":"https:\/\/grupo-garcia.es\/en\/wp-json\/wp\/v2\/comments?post=13409517"}],"version-history":[{"count":0,"href":"https:\/\/grupo-garcia.es\/en\/wp-json\/wp\/v2\/pages\/13409517\/revisions"}],"up":[{"embeddable":true,"href":"https:\/\/grupo-garcia.es\/en\/wp-json\/wp\/v2\/pages\/13409471"}],"wp:attachment":[{"href":"https:\/\/grupo-garcia.es\/en\/wp-json\/wp\/v2\/media?parent=13409517"}],"wp:term":[{"taxonomy":"page-template","embeddable":true,"href":"https:\/\/grupo-garcia.es\/en\/wp-json\/wp\/v2\/page-template?post=13409517"}],"curies":[{"name":"wp","href":"https:\/\/api.w.org\/{rel}","templated":true}]}}