{"id":13409511,"date":"2023-10-06T11:17:25","date_gmt":"2023-10-06T10:17:25","guid":{"rendered":"https:\/\/grupo-garcia.es\/for-sale\/properties-for-sale-in-javea-to-buy\/properties-for-sale-in-balcon-al-mar-javea\/"},"modified":"2023-11-15T16:03:09","modified_gmt":"2023-11-15T15:03:09","slug":"properties-for-sale-in-balcon-al-mar-javea","status":"publish","type":"page","link":"https:\/\/grupo-garcia.es\/en\/for-sale\/javea\/properties-for-sale-in-balcon-al-mar-javea\/","title":{"rendered":"PROPERTIES FOR SALE IN BALC\u00d3N AL MAR, J\u00c1VEA"},"content":{"rendered":"\n<h2 class=\"wp-block-heading\">Why buy a Villa for sale in Balc\u00f3n al mar?<\/h2>\n\n<p>El Balc\u00f3n al mar is a residential urbanization and is considered one of the quietest urbanizations in Javea. If you are looking for charming villas in a place close to the sea, this is one of the best areas.<\/p>\n\n<h2 class=\"wp-block-heading\">What are the best villas for sale in Balc\u00f3n al mar?<\/h2>\n\n<p>We have more than 20 <a href=\"https:\/\/grupo-garcia.es\/en\/for-sale\/properties-for-sale-in-javea-to-buy\/properties-for-sale-in-balcon-al-mar-javea\/\" target=\"_blank\" rel=\"noreferrer noopener\">villas for sale in Balcon al mar<\/a>. Discover this fantastic urbanization in Javea and discover the properties for sale.<\/p>\n\n<h2 class=\"wp-block-heading\">What are the best urbanizations to buy a villa for sale in Javea?<\/h2>\n\n<p>Javea is one of the best towns for its coves, its crystal clear waters and its natural environment that surrounds it. However, the best urbanizations to buy a house are Balc\u00f3n al mar, <a href=\"https:\/\/grupo-garcia.es\/venta\/javea\/cap-marti\/villas\/\">Cap Mart\u00ed<\/a>, <a href=\"https:\/\/grupo-garcia.es\/venta\/javea\/tosalet\/villas\/\">El Tosalet<\/a>, among others&#8230;<\/p>\n\n<h2 class=\"wp-block-heading\">Is Balc\u00f3n al mar the best urbanization to buy a villa in J\u00e1vea?<\/h2>\n\n<p>Undoubtedly, it is one of the best developments to buy a villa in Javea, for its tranquility, its location and the villas for sale that it has.<\/p>\n\n<h2 class=\"wp-block-heading\">Homes for sale in the urbanizations of J\u00e1vea:<\/h2>\n\n<ul class=\"wp-block-list\">\n<li><a href=\"https:\/\/grupo-garcia.es\/venta\/javea\/tosalet\/\" target=\"_blank\" rel=\"noreferrer noopener\">Homes for Sale in El Tosalet<\/a><\/li>\n\n\n\n<li><a href=\"https:\/\/grupo-garcia.es\/venta\/javea\/montgo\/\" target=\"_blank\" rel=\"noreferrer noopener\">Homes for Sale in Montg\u00f3<\/a><\/li>\n\n\n\n<li><a href=\"https:\/\/grupo-garcia.es\/venta\/javea\/cap-marti\/\" target=\"_blank\" rel=\"noreferrer noopener\">Homes for Sale in Cap Mart\u00ed<\/a><\/li>\n\n\n\n<li><a href=\"https:\/\/grupo-garcia.es\/venta\/javea\/toscal\/\" target=\"_blank\" rel=\"noreferrer noopener\">Homes for Sale in El Toscal<\/a><\/li>\n\n\n\n<li><a href=\"https:\/\/grupo-garcia.es\/venta\/javea\/rafalet\/\" target=\"_blank\" rel=\"noreferrer noopener\">Homes for Sale in Rafalet<\/a><\/li>\n\n\n\n<li><a href=\"https:\/\/grupo-garcia.es\/venta\/javea\/la-lluca\/\" target=\"_blank\" rel=\"noreferrer noopener\">Homes for Sale in La Lluca<\/a><\/li>\n\n\n\n<li><a href=\"https:\/\/grupo-garcia.es\/venta\/javea\/guardia-park\/\" target=\"_blank\" rel=\"noreferrer noopener\">Homes for Sale in Guardia Park<\/a><\/li>\n<\/ul>\n\n<p>Trust the <a href=\"https:\/\/grupo-garcia.es\/en\/real-estate-agents\/javea\/\">best real estate in J\u00e1vea<\/a> to buy properties.<\/p>\n\n<iframe src=\"https:\/\/www.google.com\/maps\/embed?pb=!1m14!1m8!1m3!1d24884.611792888303!2d0.184843!3d38.773417!3m2!1i1024!2i768!4f13.1!3m3!1m2!1s0x129e0f01808eeddd%3A0xac94cbd09f5284e4!2sGrupo%20Garcia!5e0!3m2!1ses!2ses!4v1696587575831!5m2!1ses!2ses\" width=\"100%\" height=\"450\" style=\"border:0;\" allowfullscreen=\"\" loading=\"lazy\" referrerpolicy=\"no-referrer-when-downgrade\"><\/iframe>\n","protected":false},"excerpt":{"rendered":"<p>\nWhy buy a Villa for sale in Balc\u00f3n al mar?<\/p>\n<p>El Balc\u00f3n al mar is a residential urbanization and is considered one of the quietest urbanizations in Javea. If you are looking for charming villas in a place close to the sea, this is one of the best areas.<\/p>\n<p>What are the best villas for sale in Balc\u00f3n al mar?<\/p>\n<p>We have more than 20 villas for sale in Balcon al mar.<\/p>\n","protected":false},"author":1,"featured_media":0,"parent":13409471,"menu_order":0,"comment_status":"closed","ping_status":"closed","template":"","meta":{"iawp_total_views":3,"footnotes":""},"page-template":[212],"class_list":["post-13409511","page","type-page","status-publish","hentry"],"yoast_head":"<!-- This site is optimized with the Yoast SEO plugin v27.4 - https:\/\/yoast.com\/product\/yoast-seo-wordpress\/ -->\n<title>PROPERTIES FOR SALE IN BALC\u00d3N AL MAR, J\u00c1VEA | Grupo Garcia<\/title>\n<meta name=\"robots\" content=\"index, follow, max-snippet:-1, max-image-preview:large, max-video-preview:-1\" \/>\n<link rel=\"canonical\" href=\"https:\/\/grupo-garcia.es\/en\/for-sale\/javea\/properties-for-sale-in-balcon-al-mar-javea\/\" \/>\n<meta property=\"og:locale\" content=\"en_GB\" \/>\n<meta property=\"og:type\" content=\"article\" \/>\n<meta property=\"og:title\" content=\"PROPERTIES FOR SALE IN BALC\u00d3N AL MAR, J\u00c1VEA | Grupo Garcia\" \/>\n<meta property=\"og:description\" content=\"Why buy a Villa for sale in Balc\u00f3n al mar? El Balc\u00f3n al mar is a residential urbanization and is considered one of the quietest urbanizations in Javea. If you are looking for charming villas in a place close to the sea, this is one of the best areas. What are the best villas for sale in Balc\u00f3n al mar? We have more than 20 villas for sale in Balcon al mar.\" \/>\n<meta property=\"og:url\" content=\"https:\/\/grupo-garcia.es\/en\/for-sale\/javea\/properties-for-sale-in-balcon-al-mar-javea\/\" \/>\n<meta property=\"og:site_name\" content=\"Grupo Garcia\" \/>\n<meta property=\"article:publisher\" content=\"https:\/\/www.facebook.com\/grupogarciacostablanca\/\" \/>\n<meta property=\"article:modified_time\" content=\"2023-11-15T15:03:09+00:00\" \/>\n<meta name=\"twitter:card\" content=\"summary_large_image\" \/>\n<meta name=\"twitter:label1\" content=\"Estimated reading time\" \/>\n\t<meta name=\"twitter:data1\" content=\"1 minute\" \/>\n<script type=\"application\/ld+json\" class=\"yoast-schema-graph\">{\"@context\":\"https:\\\/\\\/schema.org\",\"@graph\":[{\"@type\":\"WebPage\",\"@id\":\"https:\\\/\\\/grupo-garcia.es\\\/en\\\/for-sale\\\/javea\\\/properties-for-sale-in-balcon-al-mar-javea\\\/\",\"url\":\"https:\\\/\\\/grupo-garcia.es\\\/en\\\/for-sale\\\/javea\\\/properties-for-sale-in-balcon-al-mar-javea\\\/\",\"name\":\"PROPERTIES FOR SALE IN BALC\u00d3N AL MAR, J\u00c1VEA | Grupo Garcia\",\"isPartOf\":{\"@id\":\"https:\\\/\\\/grupo-garcia.es\\\/en\\\/#website\"},\"datePublished\":\"2023-10-06T10:17:25+00:00\",\"dateModified\":\"2023-11-15T15:03:09+00:00\",\"breadcrumb\":{\"@id\":\"https:\\\/\\\/grupo-garcia.es\\\/en\\\/for-sale\\\/javea\\\/properties-for-sale-in-balcon-al-mar-javea\\\/#breadcrumb\"},\"inLanguage\":\"en-GB\",\"potentialAction\":[{\"@type\":\"ReadAction\",\"target\":[\"https:\\\/\\\/grupo-garcia.es\\\/en\\\/for-sale\\\/javea\\\/properties-for-sale-in-balcon-al-mar-javea\\\/\"]}]},{\"@type\":\"BreadcrumbList\",\"@id\":\"https:\\\/\\\/grupo-garcia.es\\\/en\\\/for-sale\\\/javea\\\/properties-for-sale-in-balcon-al-mar-javea\\\/#breadcrumb\",\"itemListElement\":[{\"@type\":\"ListItem\",\"position\":1,\"name\":\"Portada\",\"item\":\"https:\\\/\\\/grupo-garcia.es\\\/en\\\/\"},{\"@type\":\"ListItem\",\"position\":2,\"name\":\"For sale\",\"item\":\"https:\\\/\\\/grupo-garcia.es\\\/en\\\/for-sale\\\/\"},{\"@type\":\"ListItem\",\"position\":3,\"name\":\"PROPERTIES FOR SALE IN J\u00c1VEA TO BUY\",\"item\":\"https:\\\/\\\/grupo-garcia.es\\\/en\\\/for-sale\\\/javea\\\/\"},{\"@type\":\"ListItem\",\"position\":4,\"name\":\"PROPERTIES FOR SALE IN BALC\u00d3N AL MAR, J\u00c1VEA\"}]},{\"@type\":\"WebSite\",\"@id\":\"https:\\\/\\\/grupo-garcia.es\\\/en\\\/#website\",\"url\":\"https:\\\/\\\/grupo-garcia.es\\\/en\\\/\",\"name\":\"Grupo Garcia\",\"description\":\"Inmobiliaria en J\u00e1vea y Jal\u00f3n\",\"potentialAction\":[{\"@type\":\"SearchAction\",\"target\":{\"@type\":\"EntryPoint\",\"urlTemplate\":\"https:\\\/\\\/grupo-garcia.es\\\/en\\\/?s={search_term_string}\"},\"query-input\":{\"@type\":\"PropertyValueSpecification\",\"valueRequired\":true,\"valueName\":\"search_term_string\"}}],\"inLanguage\":\"en-GB\"}]}<\/script>\n<!-- \/ Yoast SEO plugin. -->","yoast_head_json":{"title":"PROPERTIES FOR SALE IN BALC\u00d3N AL MAR, J\u00c1VEA | Grupo Garcia","robots":{"index":"index","follow":"follow","max-snippet":"max-snippet:-1","max-image-preview":"max-image-preview:large","max-video-preview":"max-video-preview:-1"},"canonical":"https:\/\/grupo-garcia.es\/en\/for-sale\/javea\/properties-for-sale-in-balcon-al-mar-javea\/","og_locale":"en_GB","og_type":"article","og_title":"PROPERTIES FOR SALE IN BALC\u00d3N AL MAR, J\u00c1VEA | Grupo Garcia","og_description":"Why buy a Villa for sale in Balc\u00f3n al mar? El Balc\u00f3n al mar is a residential urbanization and is considered one of the quietest urbanizations in Javea. If you are looking for charming villas in a place close to the sea, this is one of the best areas. What are the best villas for sale in Balc\u00f3n al mar? We have more than 20 villas for sale in Balcon al mar.","og_url":"https:\/\/grupo-garcia.es\/en\/for-sale\/javea\/properties-for-sale-in-balcon-al-mar-javea\/","og_site_name":"Grupo Garcia","article_publisher":"https:\/\/www.facebook.com\/grupogarciacostablanca\/","article_modified_time":"2023-11-15T15:03:09+00:00","twitter_card":"summary_large_image","twitter_misc":{"Estimated reading time":"1 minute"},"schema":{"@context":"https:\/\/schema.org","@graph":[{"@type":"WebPage","@id":"https:\/\/grupo-garcia.es\/en\/for-sale\/javea\/properties-for-sale-in-balcon-al-mar-javea\/","url":"https:\/\/grupo-garcia.es\/en\/for-sale\/javea\/properties-for-sale-in-balcon-al-mar-javea\/","name":"PROPERTIES FOR SALE IN BALC\u00d3N AL MAR, J\u00c1VEA | Grupo Garcia","isPartOf":{"@id":"https:\/\/grupo-garcia.es\/en\/#website"},"datePublished":"2023-10-06T10:17:25+00:00","dateModified":"2023-11-15T15:03:09+00:00","breadcrumb":{"@id":"https:\/\/grupo-garcia.es\/en\/for-sale\/javea\/properties-for-sale-in-balcon-al-mar-javea\/#breadcrumb"},"inLanguage":"en-GB","potentialAction":[{"@type":"ReadAction","target":["https:\/\/grupo-garcia.es\/en\/for-sale\/javea\/properties-for-sale-in-balcon-al-mar-javea\/"]}]},{"@type":"BreadcrumbList","@id":"https:\/\/grupo-garcia.es\/en\/for-sale\/javea\/properties-for-sale-in-balcon-al-mar-javea\/#breadcrumb","itemListElement":[{"@type":"ListItem","position":1,"name":"Portada","item":"https:\/\/grupo-garcia.es\/en\/"},{"@type":"ListItem","position":2,"name":"For sale","item":"https:\/\/grupo-garcia.es\/en\/for-sale\/"},{"@type":"ListItem","position":3,"name":"PROPERTIES FOR SALE IN J\u00c1VEA TO BUY","item":"https:\/\/grupo-garcia.es\/en\/for-sale\/javea\/"},{"@type":"ListItem","position":4,"name":"PROPERTIES FOR SALE IN BALC\u00d3N AL MAR, J\u00c1VEA"}]},{"@type":"WebSite","@id":"https:\/\/grupo-garcia.es\/en\/#website","url":"https:\/\/grupo-garcia.es\/en\/","name":"Grupo Garcia","description":"Inmobiliaria en J\u00e1vea y Jal\u00f3n","potentialAction":[{"@type":"SearchAction","target":{"@type":"EntryPoint","urlTemplate":"https:\/\/grupo-garcia.es\/en\/?s={search_term_string}"},"query-input":{"@type":"PropertyValueSpecification","valueRequired":true,"valueName":"search_term_string"}}],"inLanguage":"en-GB"}]}},"_links":{"self":[{"href":"https:\/\/grupo-garcia.es\/en\/wp-json\/wp\/v2\/pages\/13409511","targetHints":{"allow":["GET"]}}],"collection":[{"href":"https:\/\/grupo-garcia.es\/en\/wp-json\/wp\/v2\/pages"}],"about":[{"href":"https:\/\/grupo-garcia.es\/en\/wp-json\/wp\/v2\/types\/page"}],"author":[{"embeddable":true,"href":"https:\/\/grupo-garcia.es\/en\/wp-json\/wp\/v2\/users\/1"}],"replies":[{"embeddable":true,"href":"https:\/\/grupo-garcia.es\/en\/wp-json\/wp\/v2\/comments?post=13409511"}],"version-history":[{"count":0,"href":"https:\/\/grupo-garcia.es\/en\/wp-json\/wp\/v2\/pages\/13409511\/revisions"}],"up":[{"embeddable":true,"href":"https:\/\/grupo-garcia.es\/en\/wp-json\/wp\/v2\/pages\/13409471"}],"wp:attachment":[{"href":"https:\/\/grupo-garcia.es\/en\/wp-json\/wp\/v2\/media?parent=13409511"}],"wp:term":[{"taxonomy":"page-template","embeddable":true,"href":"https:\/\/grupo-garcia.es\/en\/wp-json\/wp\/v2\/page-template?post=13409511"}],"curies":[{"name":"wp","href":"https:\/\/api.w.org\/{rel}","templated":true}]}}