{"id":13409501,"date":"2023-10-06T10:16:22","date_gmt":"2023-10-06T09:16:22","guid":{"rendered":"https:\/\/grupo-garcia.es\/for-sale\/properties-for-sale-in-javea-to-buy\/new-construction-properties-for-sale-in-javea\/"},"modified":"2023-11-15T16:01:22","modified_gmt":"2023-11-15T15:01:22","slug":"new-construction-properties-for-sale-in-javea","status":"publish","type":"page","link":"https:\/\/grupo-garcia.es\/en\/for-sale\/javea\/new-construction-properties-for-sale-in-javea\/","title":{"rendered":"NEW CONSTRUCTION PROPERTIES FOR SALE IN J\u00c1VEA"},"content":{"rendered":"\n<h2 class=\"wp-block-heading\">Buying a newly built home in J\u00e1vea: a unique investment<\/h2>\n\n<p>J\u00e1vea, a charming seaside town, offers an unbeatable investment opportunity through the purchase of <a href=\"https:\/\/grupo-garcia.es\/en\/for-sale\/properties-for-sale-in-javea-to-buy\/new-construction-properties-for-sale-in-javea\/\">\n  <strong>new construction homes.<\/strong>\n<\/a>. Whether you wish to live here permanently or are looking for a retreat to enjoy weekends and vacations, J\u00e1vea has a lot to offer you. In addition, it can be an excellent option to obtain income by <strong>renting the property in high season<\/strong>.<\/p>\n\n<p>This town will captivate you from the first moment with its extensive beaches and beautiful coves surrounded by nature. By purchasing a newly built house in J\u00e1vea, you will be able to enjoy its old town, its valuable cultural heritage and its delicious Mediterranean and maritime gastronomy.<\/p>\n\n<h2 class=\"wp-block-heading\">Buy new construction villas and chalets in J\u00e1vea with Grupo Garc\u00eda<\/h2>\n\n<p>In Grupo Garcia, a real estate company with extensive experience, we strive to help you find the perfect villa or new construction villa in Javea.  <strong>Our projects in the prestigious Costa Blanca<\/strong> are designed for you to enjoy all the advantages and exclusivity of the most select and quiet urbanizations of this beautiful town in Alicante.<\/p>\n\n<p>The newly built homes are located in attractive urbanizations and well communicated with all the services of leisure, restaurants and stores of Javea, so you do not miss anything that this town has to offer.<\/p>\n\n<h2 class=\"wp-block-heading\">Enjoy new construction villas in J\u00e1vea with sea views<\/h2>\n\n<p>Few experiences are as relaxing as relaxing while contemplating the sea and listening to the sound of the waves. And what better way to do it than from the comfort of your own home. In Grupo Garcia we have new housing developments from which you can enjoy the Mediterranean Sea, can you ask for anything more?<\/p>\n\n<h2 class=\"wp-block-heading\">Discover the most popular urbanizations with new construction villas in J\u00e1vea<\/h2>\n\n<p>Here are some of the most outstanding urbanizations in J\u00e1vea where you can find newly built villas.<\/p>\n\n<h3 class=\"wp-block-heading\">New construction villas for sale in Tosalet, J\u00e1vea<\/h3>\n\n<p>Tosalet is one of the <strong>most renowned residential developments in Javea<\/strong>, located very close to the Arenal beach. Here, you will find people of various nationalities who have decided to settle in this area. Tosalet has wide asphalted and well-lit streets, which will allow you to enjoy a newly built modern house with sea views.<\/p>\n\n<h3 class=\"wp-block-heading\">New construction villas for sale in Balcon al Mar, J\u00e1vea<\/h3>\n\n<p>Balc\u00f3n al Mar is located in the <strong>Cabo de la Nao area of J\u00e1vea<\/strong> and offers several services such as stores, supermarkets and restaurants, as well as beautiful coves such as <strong>Cala Ambolo<\/strong>. Although outside the summer season it is a quiet area, it is ideal for those looking for a newly built residence where they can enjoy tranquility and relaxation.<\/p>\n\n<h3 class=\"wp-block-heading\">Villas for sale of new construction in Toscal, J\u00e1vea<\/h3>\n\n<p>The urbanization El Toscal will allow you to enjoy the nature of J\u00e1vea, as it is very <strong>close to the Arenal beach, the Montg\u00f3 and the Caleta<\/strong>. With basic services such as supermarkets and restaurants just a few kilometers away, El Toscal is undoubtedly an idyllic place to purchase one of our new construction villas in Javea.<\/p>\n\n<h2 class=\"wp-block-heading\">Grupo Garc\u00eda: The best real estate option to buy properties in J\u00e1vea<\/h2>\n\n<p>If you have any questions or need more information, please do not hesitate to contact us. We are happy to advise you without any obligation. Trust in <a href=\"https:\/\/grupo-garcia.es\/en\/\">\n  <strong>Garcia Group<\/strong>\n<\/a>the best <a href=\"https:\/\/grupo-garcia.es\/en\/real-estate-agents\/javea\/\">\n  <strong>real estate in J\u00e1vea<\/strong>\n<\/a>to acquire properties of quality and exclusivity.<\/p>\n\n<p>In short, J\u00e1vea is a unique and charming coastal town that offers a great investment opportunity in new construction homes. With options for all tastes and needs, the urbanizations in J\u00e1vea will allow you to enjoy the tranquility, the landscape and the quality of life you are looking for. Don&#8217;t wait any longer and start exploring the wonderful properties we have available for you!<\/p>\n\n<iframe src=\"https:\/\/www.google.com\/maps\/embed?pb=!1m14!1m8!1m3!1d24884.611792888303!2d0.184843!3d38.773417!3m2!1i1024!2i768!4f13.1!3m3!1m2!1s0x129e0f01808eeddd%3A0xac94cbd09f5284e4!2sGrupo%20Garcia!5e0!3m2!1ses!2ses!4v1696583907488!5m2!1ses!2ses\" width=\"100%\" height=\"450\" style=\"border:0;\" allowfullscreen=\"\" loading=\"lazy\" referrerpolicy=\"no-referrer-when-downgrade\"><\/iframe>\n","protected":false},"excerpt":{"rendered":"<p>\nBuying a newly built home in J\u00e1vea: a unique investment<\/p>\n<p>J\u00e1vea, a charming seaside town, offers an unbeatable investment opportunity through the purchase of <br \/>\n  new construction homes.<br \/>\n. Whether you wish to live here permanently or are looking for a retreat to enjoy weekends and vacations, J\u00e1vea has a lot to offer you. In addition, it can be an excellent option to obtain income by renting the property in high season.<\/p>\n<p>This town will captivate you from the first moment with its extensive beaches and beautiful coves surrounded by nature.<\/p>\n","protected":false},"author":1,"featured_media":0,"parent":13409471,"menu_order":0,"comment_status":"closed","ping_status":"closed","template":"","meta":{"iawp_total_views":17,"footnotes":""},"page-template":[212],"class_list":["post-13409501","page","type-page","status-publish","hentry"],"yoast_head":"<!-- This site is optimized with the Yoast SEO plugin v27.4 - https:\/\/yoast.com\/product\/yoast-seo-wordpress\/ -->\n<title>NEW CONSTRUCTION PROPERTIES FOR SALE IN J\u00c1VEA | Grupo Garcia<\/title>\n<meta name=\"robots\" content=\"index, follow, max-snippet:-1, max-image-preview:large, max-video-preview:-1\" \/>\n<link rel=\"canonical\" href=\"https:\/\/grupo-garcia.es\/en\/for-sale\/javea\/new-construction-properties-for-sale-in-javea\/\" \/>\n<meta property=\"og:locale\" content=\"en_GB\" \/>\n<meta property=\"og:type\" content=\"article\" \/>\n<meta property=\"og:title\" content=\"NEW CONSTRUCTION PROPERTIES FOR SALE IN J\u00c1VEA | Grupo Garcia\" \/>\n<meta property=\"og:description\" content=\"Buying a newly built home in J\u00e1vea: a unique investment J\u00e1vea, a charming seaside town, offers an unbeatable investment opportunity through the purchase of  new construction homes. . Whether you wish to live here permanently or are looking for a retreat to enjoy weekends and vacations, J\u00e1vea has a lot to offer you. In addition, it can be an excellent option to obtain income by renting the property in high season. This town will captivate you from the first moment with its extensive beaches and beautiful coves surrounded by nature.\" \/>\n<meta property=\"og:url\" content=\"https:\/\/grupo-garcia.es\/en\/for-sale\/javea\/new-construction-properties-for-sale-in-javea\/\" \/>\n<meta property=\"og:site_name\" content=\"Grupo Garcia\" \/>\n<meta property=\"article:publisher\" content=\"https:\/\/www.facebook.com\/grupogarciacostablanca\/\" \/>\n<meta property=\"article:modified_time\" content=\"2023-11-15T15:01:22+00:00\" \/>\n<meta name=\"twitter:card\" content=\"summary_large_image\" \/>\n<meta name=\"twitter:label1\" content=\"Estimated reading time\" \/>\n\t<meta name=\"twitter:data1\" content=\"3 minutes\" \/>\n<script type=\"application\/ld+json\" class=\"yoast-schema-graph\">{\"@context\":\"https:\\\/\\\/schema.org\",\"@graph\":[{\"@type\":\"WebPage\",\"@id\":\"https:\\\/\\\/grupo-garcia.es\\\/en\\\/for-sale\\\/javea\\\/new-construction-properties-for-sale-in-javea\\\/\",\"url\":\"https:\\\/\\\/grupo-garcia.es\\\/en\\\/for-sale\\\/javea\\\/new-construction-properties-for-sale-in-javea\\\/\",\"name\":\"NEW CONSTRUCTION PROPERTIES FOR SALE IN J\u00c1VEA | Grupo Garcia\",\"isPartOf\":{\"@id\":\"https:\\\/\\\/grupo-garcia.es\\\/en\\\/#website\"},\"datePublished\":\"2023-10-06T09:16:22+00:00\",\"dateModified\":\"2023-11-15T15:01:22+00:00\",\"breadcrumb\":{\"@id\":\"https:\\\/\\\/grupo-garcia.es\\\/en\\\/for-sale\\\/javea\\\/new-construction-properties-for-sale-in-javea\\\/#breadcrumb\"},\"inLanguage\":\"en-GB\",\"potentialAction\":[{\"@type\":\"ReadAction\",\"target\":[\"https:\\\/\\\/grupo-garcia.es\\\/en\\\/for-sale\\\/javea\\\/new-construction-properties-for-sale-in-javea\\\/\"]}]},{\"@type\":\"BreadcrumbList\",\"@id\":\"https:\\\/\\\/grupo-garcia.es\\\/en\\\/for-sale\\\/javea\\\/new-construction-properties-for-sale-in-javea\\\/#breadcrumb\",\"itemListElement\":[{\"@type\":\"ListItem\",\"position\":1,\"name\":\"Portada\",\"item\":\"https:\\\/\\\/grupo-garcia.es\\\/en\\\/\"},{\"@type\":\"ListItem\",\"position\":2,\"name\":\"For sale\",\"item\":\"https:\\\/\\\/grupo-garcia.es\\\/en\\\/for-sale\\\/\"},{\"@type\":\"ListItem\",\"position\":3,\"name\":\"PROPERTIES FOR SALE IN J\u00c1VEA TO BUY\",\"item\":\"https:\\\/\\\/grupo-garcia.es\\\/en\\\/for-sale\\\/javea\\\/\"},{\"@type\":\"ListItem\",\"position\":4,\"name\":\"NEW CONSTRUCTION PROPERTIES FOR SALE IN J\u00c1VEA\"}]},{\"@type\":\"WebSite\",\"@id\":\"https:\\\/\\\/grupo-garcia.es\\\/en\\\/#website\",\"url\":\"https:\\\/\\\/grupo-garcia.es\\\/en\\\/\",\"name\":\"Grupo Garcia\",\"description\":\"Inmobiliaria en J\u00e1vea y Jal\u00f3n\",\"potentialAction\":[{\"@type\":\"SearchAction\",\"target\":{\"@type\":\"EntryPoint\",\"urlTemplate\":\"https:\\\/\\\/grupo-garcia.es\\\/en\\\/?s={search_term_string}\"},\"query-input\":{\"@type\":\"PropertyValueSpecification\",\"valueRequired\":true,\"valueName\":\"search_term_string\"}}],\"inLanguage\":\"en-GB\"}]}<\/script>\n<!-- \/ Yoast SEO plugin. -->","yoast_head_json":{"title":"NEW CONSTRUCTION PROPERTIES FOR SALE IN J\u00c1VEA | Grupo Garcia","robots":{"index":"index","follow":"follow","max-snippet":"max-snippet:-1","max-image-preview":"max-image-preview:large","max-video-preview":"max-video-preview:-1"},"canonical":"https:\/\/grupo-garcia.es\/en\/for-sale\/javea\/new-construction-properties-for-sale-in-javea\/","og_locale":"en_GB","og_type":"article","og_title":"NEW CONSTRUCTION PROPERTIES FOR SALE IN J\u00c1VEA | Grupo Garcia","og_description":"Buying a newly built home in J\u00e1vea: a unique investment J\u00e1vea, a charming seaside town, offers an unbeatable investment opportunity through the purchase of  new construction homes. . Whether you wish to live here permanently or are looking for a retreat to enjoy weekends and vacations, J\u00e1vea has a lot to offer you. In addition, it can be an excellent option to obtain income by renting the property in high season. This town will captivate you from the first moment with its extensive beaches and beautiful coves surrounded by nature.","og_url":"https:\/\/grupo-garcia.es\/en\/for-sale\/javea\/new-construction-properties-for-sale-in-javea\/","og_site_name":"Grupo Garcia","article_publisher":"https:\/\/www.facebook.com\/grupogarciacostablanca\/","article_modified_time":"2023-11-15T15:01:22+00:00","twitter_card":"summary_large_image","twitter_misc":{"Estimated reading time":"3 minutes"},"schema":{"@context":"https:\/\/schema.org","@graph":[{"@type":"WebPage","@id":"https:\/\/grupo-garcia.es\/en\/for-sale\/javea\/new-construction-properties-for-sale-in-javea\/","url":"https:\/\/grupo-garcia.es\/en\/for-sale\/javea\/new-construction-properties-for-sale-in-javea\/","name":"NEW CONSTRUCTION PROPERTIES FOR SALE IN J\u00c1VEA | Grupo Garcia","isPartOf":{"@id":"https:\/\/grupo-garcia.es\/en\/#website"},"datePublished":"2023-10-06T09:16:22+00:00","dateModified":"2023-11-15T15:01:22+00:00","breadcrumb":{"@id":"https:\/\/grupo-garcia.es\/en\/for-sale\/javea\/new-construction-properties-for-sale-in-javea\/#breadcrumb"},"inLanguage":"en-GB","potentialAction":[{"@type":"ReadAction","target":["https:\/\/grupo-garcia.es\/en\/for-sale\/javea\/new-construction-properties-for-sale-in-javea\/"]}]},{"@type":"BreadcrumbList","@id":"https:\/\/grupo-garcia.es\/en\/for-sale\/javea\/new-construction-properties-for-sale-in-javea\/#breadcrumb","itemListElement":[{"@type":"ListItem","position":1,"name":"Portada","item":"https:\/\/grupo-garcia.es\/en\/"},{"@type":"ListItem","position":2,"name":"For sale","item":"https:\/\/grupo-garcia.es\/en\/for-sale\/"},{"@type":"ListItem","position":3,"name":"PROPERTIES FOR SALE IN J\u00c1VEA TO BUY","item":"https:\/\/grupo-garcia.es\/en\/for-sale\/javea\/"},{"@type":"ListItem","position":4,"name":"NEW CONSTRUCTION PROPERTIES FOR SALE IN J\u00c1VEA"}]},{"@type":"WebSite","@id":"https:\/\/grupo-garcia.es\/en\/#website","url":"https:\/\/grupo-garcia.es\/en\/","name":"Grupo Garcia","description":"Inmobiliaria en J\u00e1vea y Jal\u00f3n","potentialAction":[{"@type":"SearchAction","target":{"@type":"EntryPoint","urlTemplate":"https:\/\/grupo-garcia.es\/en\/?s={search_term_string}"},"query-input":{"@type":"PropertyValueSpecification","valueRequired":true,"valueName":"search_term_string"}}],"inLanguage":"en-GB"}]}},"_links":{"self":[{"href":"https:\/\/grupo-garcia.es\/en\/wp-json\/wp\/v2\/pages\/13409501","targetHints":{"allow":["GET"]}}],"collection":[{"href":"https:\/\/grupo-garcia.es\/en\/wp-json\/wp\/v2\/pages"}],"about":[{"href":"https:\/\/grupo-garcia.es\/en\/wp-json\/wp\/v2\/types\/page"}],"author":[{"embeddable":true,"href":"https:\/\/grupo-garcia.es\/en\/wp-json\/wp\/v2\/users\/1"}],"replies":[{"embeddable":true,"href":"https:\/\/grupo-garcia.es\/en\/wp-json\/wp\/v2\/comments?post=13409501"}],"version-history":[{"count":0,"href":"https:\/\/grupo-garcia.es\/en\/wp-json\/wp\/v2\/pages\/13409501\/revisions"}],"up":[{"embeddable":true,"href":"https:\/\/grupo-garcia.es\/en\/wp-json\/wp\/v2\/pages\/13409471"}],"wp:attachment":[{"href":"https:\/\/grupo-garcia.es\/en\/wp-json\/wp\/v2\/media?parent=13409501"}],"wp:term":[{"taxonomy":"page-template","embeddable":true,"href":"https:\/\/grupo-garcia.es\/en\/wp-json\/wp\/v2\/page-template?post=13409501"}],"curies":[{"name":"wp","href":"https:\/\/api.w.org\/{rel}","templated":true}]}}