{"id":13409499,"date":"2023-10-06T11:11:20","date_gmt":"2023-10-06T10:11:20","guid":{"rendered":"https:\/\/grupo-garcia.es\/for-sale\/properties-for-sale-in-javea-to-buy\/buy-villa-in-javea\/"},"modified":"2024-01-31T10:10:35","modified_gmt":"2024-01-31T09:10:35","slug":"villas","status":"publish","type":"page","link":"https:\/\/grupo-garcia.es\/en\/for-sale\/javea\/villas\/","title":{"rendered":"BUY VILLA IN J\u00c1VEA"},"content":{"rendered":"\n<h2 class=\"wp-block-heading\">Why buy a villa in Javea?<\/h2>\n\n<p>The area of Javea enjoys excellent temperatures in all months, so it becomes a <strong>place that receives both tourists and regular residents<\/strong> to enjoy the most of such a privileged place.<\/p>\n\n<p>That means that<strong> buying a villa in J\u00e1vea<\/strong> becomes a dream for many people, besides being an excellent economic decision because it is one of the most profitable real estate investments that the market offers right now. <strong>Use our personalized advice<\/strong> to make the process easier.<\/p>\n\n<p>The Costa Blanca is an excellent attraction not only because of its excellent climate, but also because it offers the typical beaches of the Mediterranean coast.  <strong>Places like the Arenal beach are a real paradise<\/strong> where you can escape from all the negative thoughts and tensions caused by the day to day life in the big city.<\/p>\n\n<p>If you want a villa to buy in Javea, you just have to visit our website to check the<strong> wide variety of homes that we put at your disposal<\/strong>. We are always on the lookout for new developments in the real estate market, so you won&#8217;t have to worry about how complicated and tedious it can be to look for a villa to buy in Javea.<\/p>\n\n<p>We are a modern and avant-garde real estate agency, always looking for business opportunities that our competitors do not know how to see. Therefore, <strong>buying real estate in J\u00e1vea is easier thanks to the knowledge of the market that we have<\/strong>. In our company we are also committed to personalized service, because each buyer has its own preferences and characteristics, so we adapt individually to each case.<\/p>\n\n<h2 class=\"wp-block-heading\"><strong>Urbanizations where to buy a villa or villa in J\u00e1vea<\/strong><\/h2>\n\n<p>On the Costa Blanca there are many places where relaxation is a way of life, and probably J\u00e1vea is one of the references in that sense. But do not think that everything is calm and tranquility, but<strong> there is also the possibility of having fun with adventure sports, entertainment venues, etc..<\/strong><\/p>\n\n<p>For example, <strong>the urbanization El Tosalet is one of the best known in Javea<\/strong>, as it is close to the Arenal beach and has all the services at hand. Ideal for those looking for Mediterranean style constructions.<\/p>\n\n<p>Another well known is the <strong>Urbanization La Lluca, which is located very close to the J\u00e1vea Golf Club<\/strong>. Recommended for the most demanding clients, here you will have tranquility and incredible panoramic landscapes, as well as security measures to guarantee your total peace of mind.<\/p>\n\n<p><strong>The most positive thing about J\u00e1vea is that it is aimed at different profiles<\/strong>, and the leisure offer is wide enough to cover a broad spectrum of inhabitants, both for those who are passing through and for those who want to stay and live there.<\/p>\n\n<p><strong>If you are looking for tranquility, the Montg\u00f3 villas will allow you to live surrounded by a spectacular natural environment<\/strong> without having to give up all the services nearby.<\/p>\n\n<p>According to the client&#8217;s profile,<strong> we filter the villas and villas in J\u00e1vea that may be of interest<\/strong>, and we will adapt the properties that we show through the analysis of what we like and what we don&#8217;t like, with the aim of offering only the villas you want.<\/p>\n\n<p>In the end, you will be able to choose between these and other urbanizations in J\u00e1vea that cannot be left out of the list, such as<strong> Guardia Park, Cap Mart\u00ed, Balc\u00f3n al Mar or Rafalet<\/strong>, among others.<\/p>\n\n<p>Trust the <a href=\"https:\/\/grupo-garcia.es\/en\/real-estate-agents\/javea\/\">best real estate in J\u00e1vea<\/a> to buy properties.<\/p>\n\n<iframe src=\"https:\/\/www.google.com\/maps\/embed?pb=!1m14!1m8!1m3!1d24884.611792888303!2d0.184843!3d38.773417!3m2!1i1024!2i768!4f13.1!3m3!1m2!1s0x129e0f01808eeddd%3A0xac94cbd09f5284e4!2sGrupo%20Garcia!5e0!3m2!1ses!2ses!4v1696587137948!5m2!1ses!2ses\" width=\"100%\" height=\"450\" style=\"border:0;\" allowfullscreen=\"\" loading=\"lazy\" referrerpolicy=\"no-referrer-when-downgrade\"><\/iframe>\n","protected":false},"excerpt":{"rendered":"<p>\nWhy buy a villa in Javea?<\/p>\n<p>The area of Javea enjoys excellent temperatures in all months, so it becomes a place that receives both tourists and regular residents to enjoy the most of such a privileged place.<\/p>\n<p>That means that buying a villa in J\u00e1vea becomes a dream for many people, besides being an excellent economic decision because it is one of the most profitable real estate investments that the market offers right now.<\/p>\n","protected":false},"author":1,"featured_media":0,"parent":13409471,"menu_order":0,"comment_status":"closed","ping_status":"closed","template":"","meta":{"iawp_total_views":52,"footnotes":""},"page-template":[212],"class_list":["post-13409499","page","type-page","status-publish","hentry"],"yoast_head":"<!-- This site is optimized with the Yoast SEO plugin v27.5 - https:\/\/yoast.com\/product\/yoast-seo-wordpress\/ -->\n<title>BUY VILLA IN J\u00c1VEA | Grupo Garcia<\/title>\n<meta name=\"robots\" content=\"index, follow, max-snippet:-1, max-image-preview:large, max-video-preview:-1\" \/>\n<link rel=\"canonical\" href=\"https:\/\/grupo-garcia.es\/en\/for-sale\/javea\/villas\/\" \/>\n<meta property=\"og:locale\" content=\"en_GB\" \/>\n<meta property=\"og:type\" content=\"article\" \/>\n<meta property=\"og:title\" content=\"BUY VILLA IN J\u00c1VEA | Grupo Garcia\" \/>\n<meta property=\"og:description\" content=\"Why buy a villa in Javea? The area of Javea enjoys excellent temperatures in all months, so it becomes a place that receives both tourists and regular residents to enjoy the most of such a privileged place. That means that buying a villa in J\u00e1vea becomes a dream for many people, besides being an excellent economic decision because it is one of the most profitable real estate investments that the market offers right now.\" \/>\n<meta property=\"og:url\" content=\"https:\/\/grupo-garcia.es\/en\/for-sale\/javea\/villas\/\" \/>\n<meta property=\"og:site_name\" content=\"Grupo Garcia\" \/>\n<meta property=\"article:publisher\" content=\"https:\/\/www.facebook.com\/grupogarciacostablanca\/\" \/>\n<meta property=\"article:modified_time\" content=\"2024-01-31T09:10:35+00:00\" \/>\n<meta name=\"twitter:card\" content=\"summary_large_image\" \/>\n<meta name=\"twitter:label1\" content=\"Estimated reading time\" \/>\n\t<meta name=\"twitter:data1\" content=\"3 minutes\" \/>\n<script type=\"application\/ld+json\" class=\"yoast-schema-graph\">{\"@context\":\"https:\\\/\\\/schema.org\",\"@graph\":[{\"@type\":\"WebPage\",\"@id\":\"https:\\\/\\\/grupo-garcia.es\\\/en\\\/for-sale\\\/javea\\\/villas\\\/\",\"url\":\"https:\\\/\\\/grupo-garcia.es\\\/en\\\/for-sale\\\/javea\\\/villas\\\/\",\"name\":\"BUY VILLA IN J\u00c1VEA | Grupo Garcia\",\"isPartOf\":{\"@id\":\"https:\\\/\\\/grupo-garcia.es\\\/en\\\/#website\"},\"datePublished\":\"2023-10-06T10:11:20+00:00\",\"dateModified\":\"2024-01-31T09:10:35+00:00\",\"breadcrumb\":{\"@id\":\"https:\\\/\\\/grupo-garcia.es\\\/en\\\/for-sale\\\/javea\\\/villas\\\/#breadcrumb\"},\"inLanguage\":\"en-GB\",\"potentialAction\":[{\"@type\":\"ReadAction\",\"target\":[\"https:\\\/\\\/grupo-garcia.es\\\/en\\\/for-sale\\\/javea\\\/villas\\\/\"]}]},{\"@type\":\"BreadcrumbList\",\"@id\":\"https:\\\/\\\/grupo-garcia.es\\\/en\\\/for-sale\\\/javea\\\/villas\\\/#breadcrumb\",\"itemListElement\":[{\"@type\":\"ListItem\",\"position\":1,\"name\":\"Portada\",\"item\":\"https:\\\/\\\/grupo-garcia.es\\\/en\\\/\"},{\"@type\":\"ListItem\",\"position\":2,\"name\":\"For sale\",\"item\":\"https:\\\/\\\/grupo-garcia.es\\\/en\\\/for-sale\\\/\"},{\"@type\":\"ListItem\",\"position\":3,\"name\":\"PROPERTIES FOR SALE IN J\u00c1VEA TO BUY\",\"item\":\"https:\\\/\\\/grupo-garcia.es\\\/en\\\/for-sale\\\/javea\\\/\"},{\"@type\":\"ListItem\",\"position\":4,\"name\":\"BUY VILLA IN J\u00c1VEA\"}]},{\"@type\":\"WebSite\",\"@id\":\"https:\\\/\\\/grupo-garcia.es\\\/en\\\/#website\",\"url\":\"https:\\\/\\\/grupo-garcia.es\\\/en\\\/\",\"name\":\"Grupo Garcia\",\"description\":\"Inmobiliaria en J\u00e1vea y Jal\u00f3n\",\"potentialAction\":[{\"@type\":\"SearchAction\",\"target\":{\"@type\":\"EntryPoint\",\"urlTemplate\":\"https:\\\/\\\/grupo-garcia.es\\\/en\\\/?s={search_term_string}\"},\"query-input\":{\"@type\":\"PropertyValueSpecification\",\"valueRequired\":true,\"valueName\":\"search_term_string\"}}],\"inLanguage\":\"en-GB\"}]}<\/script>\n<!-- \/ Yoast SEO plugin. -->","yoast_head_json":{"title":"BUY VILLA IN J\u00c1VEA | Grupo Garcia","robots":{"index":"index","follow":"follow","max-snippet":"max-snippet:-1","max-image-preview":"max-image-preview:large","max-video-preview":"max-video-preview:-1"},"canonical":"https:\/\/grupo-garcia.es\/en\/for-sale\/javea\/villas\/","og_locale":"en_GB","og_type":"article","og_title":"BUY VILLA IN J\u00c1VEA | Grupo Garcia","og_description":"Why buy a villa in Javea? The area of Javea enjoys excellent temperatures in all months, so it becomes a place that receives both tourists and regular residents to enjoy the most of such a privileged place. That means that buying a villa in J\u00e1vea becomes a dream for many people, besides being an excellent economic decision because it is one of the most profitable real estate investments that the market offers right now.","og_url":"https:\/\/grupo-garcia.es\/en\/for-sale\/javea\/villas\/","og_site_name":"Grupo Garcia","article_publisher":"https:\/\/www.facebook.com\/grupogarciacostablanca\/","article_modified_time":"2024-01-31T09:10:35+00:00","twitter_card":"summary_large_image","twitter_misc":{"Estimated reading time":"3 minutes"},"schema":{"@context":"https:\/\/schema.org","@graph":[{"@type":"WebPage","@id":"https:\/\/grupo-garcia.es\/en\/for-sale\/javea\/villas\/","url":"https:\/\/grupo-garcia.es\/en\/for-sale\/javea\/villas\/","name":"BUY VILLA IN J\u00c1VEA | Grupo Garcia","isPartOf":{"@id":"https:\/\/grupo-garcia.es\/en\/#website"},"datePublished":"2023-10-06T10:11:20+00:00","dateModified":"2024-01-31T09:10:35+00:00","breadcrumb":{"@id":"https:\/\/grupo-garcia.es\/en\/for-sale\/javea\/villas\/#breadcrumb"},"inLanguage":"en-GB","potentialAction":[{"@type":"ReadAction","target":["https:\/\/grupo-garcia.es\/en\/for-sale\/javea\/villas\/"]}]},{"@type":"BreadcrumbList","@id":"https:\/\/grupo-garcia.es\/en\/for-sale\/javea\/villas\/#breadcrumb","itemListElement":[{"@type":"ListItem","position":1,"name":"Portada","item":"https:\/\/grupo-garcia.es\/en\/"},{"@type":"ListItem","position":2,"name":"For sale","item":"https:\/\/grupo-garcia.es\/en\/for-sale\/"},{"@type":"ListItem","position":3,"name":"PROPERTIES FOR SALE IN J\u00c1VEA TO BUY","item":"https:\/\/grupo-garcia.es\/en\/for-sale\/javea\/"},{"@type":"ListItem","position":4,"name":"BUY VILLA IN J\u00c1VEA"}]},{"@type":"WebSite","@id":"https:\/\/grupo-garcia.es\/en\/#website","url":"https:\/\/grupo-garcia.es\/en\/","name":"Grupo Garcia","description":"Inmobiliaria en J\u00e1vea y Jal\u00f3n","potentialAction":[{"@type":"SearchAction","target":{"@type":"EntryPoint","urlTemplate":"https:\/\/grupo-garcia.es\/en\/?s={search_term_string}"},"query-input":{"@type":"PropertyValueSpecification","valueRequired":true,"valueName":"search_term_string"}}],"inLanguage":"en-GB"}]}},"_links":{"self":[{"href":"https:\/\/grupo-garcia.es\/en\/wp-json\/wp\/v2\/pages\/13409499","targetHints":{"allow":["GET"]}}],"collection":[{"href":"https:\/\/grupo-garcia.es\/en\/wp-json\/wp\/v2\/pages"}],"about":[{"href":"https:\/\/grupo-garcia.es\/en\/wp-json\/wp\/v2\/types\/page"}],"author":[{"embeddable":true,"href":"https:\/\/grupo-garcia.es\/en\/wp-json\/wp\/v2\/users\/1"}],"replies":[{"embeddable":true,"href":"https:\/\/grupo-garcia.es\/en\/wp-json\/wp\/v2\/comments?post=13409499"}],"version-history":[{"count":0,"href":"https:\/\/grupo-garcia.es\/en\/wp-json\/wp\/v2\/pages\/13409499\/revisions"}],"up":[{"embeddable":true,"href":"https:\/\/grupo-garcia.es\/en\/wp-json\/wp\/v2\/pages\/13409471"}],"wp:attachment":[{"href":"https:\/\/grupo-garcia.es\/en\/wp-json\/wp\/v2\/media?parent=13409499"}],"wp:term":[{"taxonomy":"page-template","embeddable":true,"href":"https:\/\/grupo-garcia.es\/en\/wp-json\/wp\/v2\/page-template?post=13409499"}],"curies":[{"name":"wp","href":"https:\/\/api.w.org\/{rel}","templated":true}]}}