{"id":13409497,"date":"2023-10-06T11:37:13","date_gmt":"2023-10-06T10:37:13","guid":{"rendered":"https:\/\/grupo-garcia.es\/for-sale\/properties-for-sale-in-javea-to-buy\/villas-for-sale-in-javea\/villas-for-sale-in-montgo-javea\/"},"modified":"2023-11-15T16:00:48","modified_gmt":"2023-11-15T15:00:48","slug":"villas-for-sale-in-montgo-javea","status":"publish","type":"page","link":"https:\/\/grupo-garcia.es\/en\/for-sale\/javea\/villas-for-sale-in-javea\/villas-for-sale-in-montgo-javea\/","title":{"rendered":"VILLAS FOR SALE IN MONTG\u00d3, J\u00c1VEA"},"content":{"rendered":"\n<h2 class=\"wp-block-heading\">Why buy a Villa for sale in El Montg\u00f3?<\/h2>\n\n<p>The Montg\u00f3 is a privileged residential area and is considered one of the quietest areas of J\u00e1vea. If you are looking for charming villas in a place close to the sea, this is one of the best areas.<\/p>\n\n<h2 class=\"wp-block-heading\">What are the best villas for sale in El Montg\u00f3?<\/h2>\n\n<p>We have more than 20 villas for sale in El Montg\u00f3. Discover this fantastic area of Javea and discover the properties for sale.<\/p>\n\n<h2 class=\"wp-block-heading\">What are the best areas to buy a villa for sale in Javea?<\/h2>\n\n<p>Javea is one of the best towns for its coves, its crystal clear waters and its natural environment that surrounds it. However, one of the best areas to buy a villa or chalet in J\u00e1vea is the Montg\u00f3 area.<\/p>\n\n<h2 class=\"wp-block-heading\">Is El Montg\u00f3 the best location to buy a villa in J\u00e1vea?<\/h2>\n\n<p>Undoubtedly, it is one of the best locations to buy a villa in the Montg\u00f3, J\u00e1vea, for its tranquility, its location and the villas for sale that it has.<\/p>\n\n<p>Trust the <a href=\"https:\/\/grupo-garcia.es\/en\/real-estate-agents\/javea\/\">best real estate in J\u00e1vea<\/a> to buy properties.<\/p>\n\n<iframe src=\"https:\/\/www.google.com\/maps\/embed?pb=!1m14!1m8!1m3!1d12441.646331904709!2d0.204241!3d38.777198!3m2!1i1024!2i768!4f13.1!3m3!1m2!1s0x129e0f01808eeddd%3A0xac94cbd09f5284e4!2sGrupo%20Garcia!5e0!3m2!1ses!2ses!4v1696588764400!5m2!1ses!2ses\" width=\"100%\" height=\"450\" style=\"border:0;\" allowfullscreen=\"\" loading=\"lazy\" referrerpolicy=\"no-referrer-when-downgrade\"><\/iframe>\n","protected":false},"excerpt":{"rendered":"<p>\nWhy buy a Villa for sale in El Montg\u00f3?<\/p>\n<p>The Montg\u00f3 is a privileged residential area and is considered one of the quietest areas of J\u00e1vea.<\/p>\n","protected":false},"author":1,"featured_media":0,"parent":13409479,"menu_order":0,"comment_status":"closed","ping_status":"closed","template":"","meta":{"iawp_total_views":1,"footnotes":""},"page-template":[212],"class_list":["post-13409497","page","type-page","status-publish","hentry"],"yoast_head":"<!-- This site is optimized with the Yoast SEO plugin v27.4 - https:\/\/yoast.com\/product\/yoast-seo-wordpress\/ -->\n<title>VILLAS FOR SALE IN MONTG\u00d3, J\u00c1VEA | Grupo Garcia<\/title>\n<meta name=\"robots\" content=\"index, follow, max-snippet:-1, max-image-preview:large, max-video-preview:-1\" \/>\n<link rel=\"canonical\" href=\"https:\/\/grupo-garcia.es\/en\/for-sale\/javea\/villas-for-sale-in-javea\/villas-for-sale-in-montgo-javea\/\" \/>\n<meta property=\"og:locale\" content=\"en_GB\" \/>\n<meta property=\"og:type\" content=\"article\" \/>\n<meta property=\"og:title\" content=\"VILLAS FOR SALE IN MONTG\u00d3, J\u00c1VEA | Grupo Garcia\" \/>\n<meta property=\"og:description\" content=\"Why buy a Villa for sale in El Montg\u00f3? The Montg\u00f3 is a privileged residential area and is considered one of the quietest areas of J\u00e1vea.\" \/>\n<meta property=\"og:url\" content=\"https:\/\/grupo-garcia.es\/en\/for-sale\/javea\/villas-for-sale-in-javea\/villas-for-sale-in-montgo-javea\/\" \/>\n<meta property=\"og:site_name\" content=\"Grupo Garcia\" \/>\n<meta property=\"article:publisher\" content=\"https:\/\/www.facebook.com\/grupogarciacostablanca\/\" \/>\n<meta property=\"article:modified_time\" content=\"2023-11-15T15:00:48+00:00\" \/>\n<meta name=\"twitter:card\" content=\"summary_large_image\" \/>\n<meta name=\"twitter:label1\" content=\"Estimated reading time\" \/>\n\t<meta name=\"twitter:data1\" content=\"1 minute\" \/>\n<script type=\"application\/ld+json\" class=\"yoast-schema-graph\">{\"@context\":\"https:\\\/\\\/schema.org\",\"@graph\":[{\"@type\":\"WebPage\",\"@id\":\"https:\\\/\\\/grupo-garcia.es\\\/en\\\/for-sale\\\/javea\\\/villas-for-sale-in-javea\\\/villas-for-sale-in-montgo-javea\\\/\",\"url\":\"https:\\\/\\\/grupo-garcia.es\\\/en\\\/for-sale\\\/javea\\\/villas-for-sale-in-javea\\\/villas-for-sale-in-montgo-javea\\\/\",\"name\":\"VILLAS FOR SALE IN MONTG\u00d3, J\u00c1VEA | Grupo Garcia\",\"isPartOf\":{\"@id\":\"https:\\\/\\\/grupo-garcia.es\\\/en\\\/#website\"},\"datePublished\":\"2023-10-06T10:37:13+00:00\",\"dateModified\":\"2023-11-15T15:00:48+00:00\",\"breadcrumb\":{\"@id\":\"https:\\\/\\\/grupo-garcia.es\\\/en\\\/for-sale\\\/javea\\\/villas-for-sale-in-javea\\\/villas-for-sale-in-montgo-javea\\\/#breadcrumb\"},\"inLanguage\":\"en-GB\",\"potentialAction\":[{\"@type\":\"ReadAction\",\"target\":[\"https:\\\/\\\/grupo-garcia.es\\\/en\\\/for-sale\\\/javea\\\/villas-for-sale-in-javea\\\/villas-for-sale-in-montgo-javea\\\/\"]}]},{\"@type\":\"BreadcrumbList\",\"@id\":\"https:\\\/\\\/grupo-garcia.es\\\/en\\\/for-sale\\\/javea\\\/villas-for-sale-in-javea\\\/villas-for-sale-in-montgo-javea\\\/#breadcrumb\",\"itemListElement\":[{\"@type\":\"ListItem\",\"position\":1,\"name\":\"Portada\",\"item\":\"https:\\\/\\\/grupo-garcia.es\\\/en\\\/\"},{\"@type\":\"ListItem\",\"position\":2,\"name\":\"For sale\",\"item\":\"https:\\\/\\\/grupo-garcia.es\\\/en\\\/for-sale\\\/\"},{\"@type\":\"ListItem\",\"position\":3,\"name\":\"PROPERTIES FOR SALE IN J\u00c1VEA TO BUY\",\"item\":\"https:\\\/\\\/grupo-garcia.es\\\/en\\\/for-sale\\\/javea\\\/\"},{\"@type\":\"ListItem\",\"position\":4,\"name\":\"VILLAS FOR SALE IN J\u00c1VEA\",\"item\":\"https:\\\/\\\/grupo-garcia.es\\\/en\\\/for-sale\\\/javea\\\/villas-for-sale-in-javea\\\/\"},{\"@type\":\"ListItem\",\"position\":5,\"name\":\"VILLAS FOR SALE IN MONTG\u00d3, J\u00c1VEA\"}]},{\"@type\":\"WebSite\",\"@id\":\"https:\\\/\\\/grupo-garcia.es\\\/en\\\/#website\",\"url\":\"https:\\\/\\\/grupo-garcia.es\\\/en\\\/\",\"name\":\"Grupo Garcia\",\"description\":\"Inmobiliaria en J\u00e1vea y Jal\u00f3n\",\"potentialAction\":[{\"@type\":\"SearchAction\",\"target\":{\"@type\":\"EntryPoint\",\"urlTemplate\":\"https:\\\/\\\/grupo-garcia.es\\\/en\\\/?s={search_term_string}\"},\"query-input\":{\"@type\":\"PropertyValueSpecification\",\"valueRequired\":true,\"valueName\":\"search_term_string\"}}],\"inLanguage\":\"en-GB\"}]}<\/script>\n<!-- \/ Yoast SEO plugin. -->","yoast_head_json":{"title":"VILLAS FOR SALE IN MONTG\u00d3, J\u00c1VEA | Grupo Garcia","robots":{"index":"index","follow":"follow","max-snippet":"max-snippet:-1","max-image-preview":"max-image-preview:large","max-video-preview":"max-video-preview:-1"},"canonical":"https:\/\/grupo-garcia.es\/en\/for-sale\/javea\/villas-for-sale-in-javea\/villas-for-sale-in-montgo-javea\/","og_locale":"en_GB","og_type":"article","og_title":"VILLAS FOR SALE IN MONTG\u00d3, J\u00c1VEA | Grupo Garcia","og_description":"Why buy a Villa for sale in El Montg\u00f3? The Montg\u00f3 is a privileged residential area and is considered one of the quietest areas of J\u00e1vea.","og_url":"https:\/\/grupo-garcia.es\/en\/for-sale\/javea\/villas-for-sale-in-javea\/villas-for-sale-in-montgo-javea\/","og_site_name":"Grupo Garcia","article_publisher":"https:\/\/www.facebook.com\/grupogarciacostablanca\/","article_modified_time":"2023-11-15T15:00:48+00:00","twitter_card":"summary_large_image","twitter_misc":{"Estimated reading time":"1 minute"},"schema":{"@context":"https:\/\/schema.org","@graph":[{"@type":"WebPage","@id":"https:\/\/grupo-garcia.es\/en\/for-sale\/javea\/villas-for-sale-in-javea\/villas-for-sale-in-montgo-javea\/","url":"https:\/\/grupo-garcia.es\/en\/for-sale\/javea\/villas-for-sale-in-javea\/villas-for-sale-in-montgo-javea\/","name":"VILLAS FOR SALE IN MONTG\u00d3, J\u00c1VEA | Grupo Garcia","isPartOf":{"@id":"https:\/\/grupo-garcia.es\/en\/#website"},"datePublished":"2023-10-06T10:37:13+00:00","dateModified":"2023-11-15T15:00:48+00:00","breadcrumb":{"@id":"https:\/\/grupo-garcia.es\/en\/for-sale\/javea\/villas-for-sale-in-javea\/villas-for-sale-in-montgo-javea\/#breadcrumb"},"inLanguage":"en-GB","potentialAction":[{"@type":"ReadAction","target":["https:\/\/grupo-garcia.es\/en\/for-sale\/javea\/villas-for-sale-in-javea\/villas-for-sale-in-montgo-javea\/"]}]},{"@type":"BreadcrumbList","@id":"https:\/\/grupo-garcia.es\/en\/for-sale\/javea\/villas-for-sale-in-javea\/villas-for-sale-in-montgo-javea\/#breadcrumb","itemListElement":[{"@type":"ListItem","position":1,"name":"Portada","item":"https:\/\/grupo-garcia.es\/en\/"},{"@type":"ListItem","position":2,"name":"For sale","item":"https:\/\/grupo-garcia.es\/en\/for-sale\/"},{"@type":"ListItem","position":3,"name":"PROPERTIES FOR SALE IN J\u00c1VEA TO BUY","item":"https:\/\/grupo-garcia.es\/en\/for-sale\/javea\/"},{"@type":"ListItem","position":4,"name":"VILLAS FOR SALE IN J\u00c1VEA","item":"https:\/\/grupo-garcia.es\/en\/for-sale\/javea\/villas-for-sale-in-javea\/"},{"@type":"ListItem","position":5,"name":"VILLAS FOR SALE IN MONTG\u00d3, J\u00c1VEA"}]},{"@type":"WebSite","@id":"https:\/\/grupo-garcia.es\/en\/#website","url":"https:\/\/grupo-garcia.es\/en\/","name":"Grupo Garcia","description":"Inmobiliaria en J\u00e1vea y Jal\u00f3n","potentialAction":[{"@type":"SearchAction","target":{"@type":"EntryPoint","urlTemplate":"https:\/\/grupo-garcia.es\/en\/?s={search_term_string}"},"query-input":{"@type":"PropertyValueSpecification","valueRequired":true,"valueName":"search_term_string"}}],"inLanguage":"en-GB"}]}},"_links":{"self":[{"href":"https:\/\/grupo-garcia.es\/en\/wp-json\/wp\/v2\/pages\/13409497","targetHints":{"allow":["GET"]}}],"collection":[{"href":"https:\/\/grupo-garcia.es\/en\/wp-json\/wp\/v2\/pages"}],"about":[{"href":"https:\/\/grupo-garcia.es\/en\/wp-json\/wp\/v2\/types\/page"}],"author":[{"embeddable":true,"href":"https:\/\/grupo-garcia.es\/en\/wp-json\/wp\/v2\/users\/1"}],"replies":[{"embeddable":true,"href":"https:\/\/grupo-garcia.es\/en\/wp-json\/wp\/v2\/comments?post=13409497"}],"version-history":[{"count":0,"href":"https:\/\/grupo-garcia.es\/en\/wp-json\/wp\/v2\/pages\/13409497\/revisions"}],"up":[{"embeddable":true,"href":"https:\/\/grupo-garcia.es\/en\/wp-json\/wp\/v2\/pages\/13409479"}],"wp:attachment":[{"href":"https:\/\/grupo-garcia.es\/en\/wp-json\/wp\/v2\/media?parent=13409497"}],"wp:term":[{"taxonomy":"page-template","embeddable":true,"href":"https:\/\/grupo-garcia.es\/en\/wp-json\/wp\/v2\/page-template?post=13409497"}],"curies":[{"name":"wp","href":"https:\/\/api.w.org\/{rel}","templated":true}]}}