{"id":13409487,"date":"2023-10-06T12:07:31","date_gmt":"2023-10-06T11:07:31","guid":{"rendered":"https:\/\/grupo-garcia.es\/for-sale\/properties-for-sale-in-javea-to-buy\/villas-for-sale-in-javea\/villas-for-sale-in-javea-with-sea-views\/"},"modified":"2023-11-15T15:58:54","modified_gmt":"2023-11-15T14:58:54","slug":"villas-for-sale-in-javea-with-sea-views","status":"publish","type":"page","link":"https:\/\/grupo-garcia.es\/en\/for-sale\/javea\/villas-for-sale-in-javea\/villas-for-sale-in-javea-with-sea-views\/","title":{"rendered":"VILLAS FOR SALE IN J\u00c1VEA WITH SEA VIEWS"},"content":{"rendered":"\n<h2 class=\"wp-block-heading\">We have found the best villas for sale in Javea with Sea View<\/h2>\n\n<p>With Grupo Garcia you can find <strong>villas for sale in Javea with Sea Views <\/strong>that fit your needs. Discover the best villas for sale in the North of the Costa Blanca from the hand of our real estate consultants and their experience. Find the perfect villa with Grupo Garcia, we will adjust to your requests to <strong>buy villas for sale in Javea with Sea Views<\/strong>.<\/p>\n\n<p>J\u00e1vea is a natural paradise with a large stretch of coastline and beaches of crystal clear waters, a highly sought after destination and demanded by people from the European Union who find in this location everything they are looking for: a destination of sun, beach, relaxation and exclusivity.<\/p>\n\n<p>In Grupo Garcia Real Estate you will find the property you want, because we have the best <strong>villas for sale in Javea with Sea Views<\/strong>, we will provide you with the help and advice you need to buy a villa in Javea with Sea Views.<\/p>\n\n<p>53.1% of the inhabitants of J\u00e1vea come from the United Kingdom, Germany, France, Belgium, Holland and Russia, since all those who are looking to start a new life in the northern Costa Blanca, set their goal in  <strong>J\u00e1vea<\/strong>The property is located in an exclusive location and in a privileged environment thanks to its unique coastline throughout the Valencian Community.<\/p>\n\n<h2 class=\"wp-block-heading\">Urbanizations in J\u00e1vea with villas for sale with Sea Views<\/h2>\n\n<p>In Grupo Garcia we have the best opportunities for sale of villas in Javea with sea views located in urbanizations such as Montgo, Cap Marti, Tosalet or Balcon al Mar.<\/p>\n\n<h3 class=\"wp-block-heading\">Villas or chalets for sale with Sea Views in the Montg\u00f3, J\u00e1vea<\/h3>\n\n<p>The Urbanization el Montg\u00f3 in J\u00e1vea is characterized by being very extensive and well communicated. The <strong>villas for sale in the Montg\u00f3 of J\u00e1vea with sea views<\/strong> are very competitively priced, and most of the villas in the Montg\u00f3 are south facing. The location of the mountain with the sea allows the houses and villas to have much more sun.<\/p>\n\n<p>One of the reasons why clients choose to live in the urbanization Montg\u00f3 in J\u00e1vea, is because they like nature, relaxation and tranquility. Another advantage of living in this area is its strategic location in relation to services. Buying a Villa with sea views in the Montg\u00f3 area in J\u00e1vea is a guarantee of tranquility, comfort and feeling nature close to us.<\/p>\n\n<p>The urbanization of Montg\u00f3 in J\u00e1vea is very close to the town center, where you can find all kinds of stores, food, fashion, restaurants, etc. &#8230;&#8230;<\/p>\n\n<h3 class=\"wp-block-heading\">Villas for sale in Tosalet, J\u00e1vea with Sea Views<\/h3>\n\n<p>The Tosalet urbanization in Javea is one of the most popular residential areas in the area. People of different nationalities live there due to its proximity to the sandy beach.<\/p>\n\n<p>The villas for sale in Javea&#8217;s Tosalet with Sea Views are sea view plots and most of the houses and villas built in Tosalet are of Mediterranean style.<\/p>\n\n<p>El Tosalet de J\u00e1vea has wide streets with lighting throughout the urbanization.<\/p>\n\n<h3 class=\"wp-block-heading\">Villas or chalets for sale in Balcon al Mar, Javea with Sea Views<\/h3>\n\n<p>This urbanization is located in the area of Cabo de la Nao in J\u00e1vea. El Balc\u00f3n al Mar is a residential area with restaurants, supermarkets and wonderful coves such as Cala Ambolo.<\/p>\n\n<p>The villas for sale in Balcon al Mar in Javea with Sea Views are perfect for those people looking for quieter residential areas to live all year round.<\/p>\n\n<h3 class=\"wp-block-heading\">Villas for sale in Cap Mart\u00ed, J\u00e1vea with Sea Views<\/h3>\n\n<p>In this urbanization we have villas or chalets for sale with views of the sea, the Montg\u00f3 and the town of J\u00e1vea. Cap Mart\u00ed de J\u00e1vea is a quiet residential area.<\/p>\n\n<p>Nearby is the Cala de Cap Mart\u00ed, commonly called Cala Sardinera, which can be reached on foot from the Mirador de la Cruz del Portixol.<\/p>\n\n<p>This is a very popular urbanization for people looking to buy a villa for sale in Cap Marti.<\/p>\n\n<h2 class=\"wp-block-heading\">The best conditions to buy a villa in J\u00e1vea<\/h2>\n\n<p>Javea has an extension of coastline and paradisiacal landscape unique in the Costa Blanca and with Grupo Garcia you can find the best conditions to discover  <strong>villas for sale in J\u00e1vea with Sea View<\/strong>located in these natural sites, from which we can enjoy exclusive views of the  <strong>sea views<\/strong>  and the nature that surrounds these homes.<\/p>\n\n<p>Over the years, J\u00e1vea has become a town where many people want to live, due to its location, views and services. It is one of the most exclusive and sought after areas of the Costa Blanca, as many of its visitors are looking for <strong>villas with sea views for sale<\/strong> to have a vacation home or a <strong>permanent residence in Javea<\/strong>.<\/p>\n\n<p>J\u00e1vea has a special charm and in this municipality you can find places such as the  <strong>Granadella Cove<\/strong>one of the most beautiful beaches in Spain, the  <strong>Portitxol Cove<\/strong>The city is known worldwide for its blue door and its, already famous,  <strong>En Cal\u00f3 cove<\/strong>commonly known to resemble the waters of Indonesia.<\/p>\n\n<h2 class=\"wp-block-heading\">Discover the selection of villas or chalets for sale with Sea Views in J\u00e1vea<\/h2>\n\n<p>In Grupo Garcia we have the best <strong>villas for sale in Javea with sea views<\/strong>. Some properties for sale in Javea that we have available are: luxury villas and new build villas in Javea.<\/p>\n\n<p>All our  <strong>villas for sale in J\u00e1vea with Sea View<\/strong>  are very well located and have a multitude of services just a few meters from the house for a comfortable life.<strong>,  <\/strong>Among them you will find: restaurants, supermarkets and pharmacies, as well as golf courses and interesting leisure and cultural options.<\/p>\n\n<p>Each villa is different, therefore, in Grupo Garcia we help you find your future villa in Javea.<\/p>\n\n<p>Trust the <a href=\"https:\/\/grupo-garcia.es\/en\/real-estate-agents\/javea\/\">best real estate in J\u00e1vea<\/a> to buy properties.<\/p>\n\n<h2 class=\"wp-block-heading\">Which is the best urbanization to buy a villa in Javea with sea views?<\/h2>\n\n<p>The villas for sale with Sea Views in Javea are a good option if you are looking for villas or chalets for sale with Sea Views in Javea in the best locations such as the different urbanizations:  <a href=\"https:\/\/grupo-garcia.es\/venta\/javea\/balcon-al-mar\/villas\/\">villas for sale in Balc\u00f3n al Mar J\u00e1vea<\/a>,  <a href=\"https:\/\/grupo-garcia.es\/venta\/javea\/tosalet\/villas\/\">villas for sale in Tosalet, J\u00e1vea<\/a> or the best  <a href=\"https:\/\/grupo-garcia.es\/venta\/javea\/cap-marti\/villas\/\">villas for sale Cap Mart\u00ed J\u00e1vea.<\/a><\/p>\n\n<h2 class=\"wp-block-heading\">Why buy a villa in Javea with Sea Views?<\/h2>\n\n<p>Having <a href=\"https:\/\/grupo-garcia.es\/venta\/javea\/villas-de-lujo\/\">luxury villas in J\u00e1vea <\/a>as a home will offer you space, tranquility and above all a good home for the whole family.<\/p>\n\n<h2 class=\"wp-block-heading\">How much does it cost to buy a villa in Javea with Sea Views?<\/h2>\n\n<p>On average you can find villas from 220.000\u20ac and up to 495.000\u20ac, depending on whether it is a modern villa or a more classic type of villa.<\/p>\n\n<h2 class=\"wp-block-heading\">In which urbanization can I buy properties in J\u00e1vea?<\/h2>\n\n<p>We have different <a href=\"https:\/\/grupo-garcia.es\/en\/for-sale\/properties-for-sale-in-javea-to-buy\/\">properties in J\u00e1vea<\/a> located throughout the town of J\u00e1vea. We adapt to your needs and tastes.<\/p>\n\n<iframe src=\"https:\/\/www.google.com\/maps\/embed?pb=!1m14!1m8!1m3!1d24884.611792888303!2d0.184843!3d38.773417!3m2!1i1024!2i768!4f13.1!3m3!1m2!1s0x129e0f01808eeddd%3A0xac94cbd09f5284e4!2sGrupo%20Garcia!5e0!3m2!1ses!2ses!4v1696590569619!5m2!1ses!2ses\" width=\"100%\" height=\"450\" style=\"border:0;\" allowfullscreen=\"\" loading=\"lazy\" referrerpolicy=\"no-referrer-when-downgrade\"><\/iframe>\n","protected":false},"excerpt":{"rendered":"<p>\nWe have found the best villas for sale in Javea with Sea View<\/p>\n<p>With Grupo Garcia you can find villas for sale in Javea with Sea Views that fit your needs. Discover the best villas for sale in the North of the Costa Blanca from the hand of our real estate consultants and their experience.<\/p>\n","protected":false},"author":1,"featured_media":0,"parent":13409479,"menu_order":0,"comment_status":"closed","ping_status":"closed","template":"","meta":{"iawp_total_views":12,"footnotes":""},"page-template":[212],"class_list":["post-13409487","page","type-page","status-publish","hentry"],"yoast_head":"<!-- This site is optimized with the Yoast SEO plugin v27.4 - https:\/\/yoast.com\/product\/yoast-seo-wordpress\/ -->\n<title>VILLAS FOR SALE IN J\u00c1VEA WITH SEA VIEWS | Grupo Garcia<\/title>\n<meta name=\"robots\" content=\"index, follow, max-snippet:-1, max-image-preview:large, max-video-preview:-1\" \/>\n<link rel=\"canonical\" href=\"https:\/\/grupo-garcia.es\/en\/for-sale\/javea\/villas-for-sale-in-javea\/villas-for-sale-in-javea-with-sea-views\/\" \/>\n<meta property=\"og:locale\" content=\"en_GB\" \/>\n<meta property=\"og:type\" content=\"article\" \/>\n<meta property=\"og:title\" content=\"VILLAS FOR SALE IN J\u00c1VEA WITH SEA VIEWS | Grupo Garcia\" \/>\n<meta property=\"og:description\" content=\"We have found the best villas for sale in Javea with Sea View With Grupo Garcia you can find villas for sale in Javea with Sea Views that fit your needs. Discover the best villas for sale in the North of the Costa Blanca from the hand of our real estate consultants and their experience.\" \/>\n<meta property=\"og:url\" content=\"https:\/\/grupo-garcia.es\/en\/for-sale\/javea\/villas-for-sale-in-javea\/villas-for-sale-in-javea-with-sea-views\/\" \/>\n<meta property=\"og:site_name\" content=\"Grupo Garcia\" \/>\n<meta property=\"article:publisher\" content=\"https:\/\/www.facebook.com\/grupogarciacostablanca\/\" \/>\n<meta property=\"article:modified_time\" content=\"2023-11-15T14:58:54+00:00\" \/>\n<meta name=\"twitter:card\" content=\"summary_large_image\" \/>\n<meta name=\"twitter:label1\" content=\"Estimated reading time\" \/>\n\t<meta name=\"twitter:data1\" content=\"6 minutes\" \/>\n<script type=\"application\/ld+json\" class=\"yoast-schema-graph\">{\"@context\":\"https:\\\/\\\/schema.org\",\"@graph\":[{\"@type\":\"WebPage\",\"@id\":\"https:\\\/\\\/grupo-garcia.es\\\/en\\\/for-sale\\\/javea\\\/villas-for-sale-in-javea\\\/villas-for-sale-in-javea-with-sea-views\\\/\",\"url\":\"https:\\\/\\\/grupo-garcia.es\\\/en\\\/for-sale\\\/javea\\\/villas-for-sale-in-javea\\\/villas-for-sale-in-javea-with-sea-views\\\/\",\"name\":\"VILLAS FOR SALE IN J\u00c1VEA WITH SEA VIEWS | Grupo Garcia\",\"isPartOf\":{\"@id\":\"https:\\\/\\\/grupo-garcia.es\\\/en\\\/#website\"},\"datePublished\":\"2023-10-06T11:07:31+00:00\",\"dateModified\":\"2023-11-15T14:58:54+00:00\",\"breadcrumb\":{\"@id\":\"https:\\\/\\\/grupo-garcia.es\\\/en\\\/for-sale\\\/javea\\\/villas-for-sale-in-javea\\\/villas-for-sale-in-javea-with-sea-views\\\/#breadcrumb\"},\"inLanguage\":\"en-GB\",\"potentialAction\":[{\"@type\":\"ReadAction\",\"target\":[\"https:\\\/\\\/grupo-garcia.es\\\/en\\\/for-sale\\\/javea\\\/villas-for-sale-in-javea\\\/villas-for-sale-in-javea-with-sea-views\\\/\"]}]},{\"@type\":\"BreadcrumbList\",\"@id\":\"https:\\\/\\\/grupo-garcia.es\\\/en\\\/for-sale\\\/javea\\\/villas-for-sale-in-javea\\\/villas-for-sale-in-javea-with-sea-views\\\/#breadcrumb\",\"itemListElement\":[{\"@type\":\"ListItem\",\"position\":1,\"name\":\"Portada\",\"item\":\"https:\\\/\\\/grupo-garcia.es\\\/en\\\/\"},{\"@type\":\"ListItem\",\"position\":2,\"name\":\"For sale\",\"item\":\"https:\\\/\\\/grupo-garcia.es\\\/en\\\/for-sale\\\/\"},{\"@type\":\"ListItem\",\"position\":3,\"name\":\"PROPERTIES FOR SALE IN J\u00c1VEA TO BUY\",\"item\":\"https:\\\/\\\/grupo-garcia.es\\\/en\\\/for-sale\\\/javea\\\/\"},{\"@type\":\"ListItem\",\"position\":4,\"name\":\"VILLAS FOR SALE IN J\u00c1VEA\",\"item\":\"https:\\\/\\\/grupo-garcia.es\\\/en\\\/for-sale\\\/javea\\\/villas-for-sale-in-javea\\\/\"},{\"@type\":\"ListItem\",\"position\":5,\"name\":\"VILLAS FOR SALE IN J\u00c1VEA WITH SEA VIEWS\"}]},{\"@type\":\"WebSite\",\"@id\":\"https:\\\/\\\/grupo-garcia.es\\\/en\\\/#website\",\"url\":\"https:\\\/\\\/grupo-garcia.es\\\/en\\\/\",\"name\":\"Grupo Garcia\",\"description\":\"Inmobiliaria en J\u00e1vea y Jal\u00f3n\",\"potentialAction\":[{\"@type\":\"SearchAction\",\"target\":{\"@type\":\"EntryPoint\",\"urlTemplate\":\"https:\\\/\\\/grupo-garcia.es\\\/en\\\/?s={search_term_string}\"},\"query-input\":{\"@type\":\"PropertyValueSpecification\",\"valueRequired\":true,\"valueName\":\"search_term_string\"}}],\"inLanguage\":\"en-GB\"}]}<\/script>\n<!-- \/ Yoast SEO plugin. -->","yoast_head_json":{"title":"VILLAS FOR SALE IN J\u00c1VEA WITH SEA VIEWS | Grupo Garcia","robots":{"index":"index","follow":"follow","max-snippet":"max-snippet:-1","max-image-preview":"max-image-preview:large","max-video-preview":"max-video-preview:-1"},"canonical":"https:\/\/grupo-garcia.es\/en\/for-sale\/javea\/villas-for-sale-in-javea\/villas-for-sale-in-javea-with-sea-views\/","og_locale":"en_GB","og_type":"article","og_title":"VILLAS FOR SALE IN J\u00c1VEA WITH SEA VIEWS | Grupo Garcia","og_description":"We have found the best villas for sale in Javea with Sea View With Grupo Garcia you can find villas for sale in Javea with Sea Views that fit your needs. Discover the best villas for sale in the North of the Costa Blanca from the hand of our real estate consultants and their experience.","og_url":"https:\/\/grupo-garcia.es\/en\/for-sale\/javea\/villas-for-sale-in-javea\/villas-for-sale-in-javea-with-sea-views\/","og_site_name":"Grupo Garcia","article_publisher":"https:\/\/www.facebook.com\/grupogarciacostablanca\/","article_modified_time":"2023-11-15T14:58:54+00:00","twitter_card":"summary_large_image","twitter_misc":{"Estimated reading time":"6 minutes"},"schema":{"@context":"https:\/\/schema.org","@graph":[{"@type":"WebPage","@id":"https:\/\/grupo-garcia.es\/en\/for-sale\/javea\/villas-for-sale-in-javea\/villas-for-sale-in-javea-with-sea-views\/","url":"https:\/\/grupo-garcia.es\/en\/for-sale\/javea\/villas-for-sale-in-javea\/villas-for-sale-in-javea-with-sea-views\/","name":"VILLAS FOR SALE IN J\u00c1VEA WITH SEA VIEWS | Grupo Garcia","isPartOf":{"@id":"https:\/\/grupo-garcia.es\/en\/#website"},"datePublished":"2023-10-06T11:07:31+00:00","dateModified":"2023-11-15T14:58:54+00:00","breadcrumb":{"@id":"https:\/\/grupo-garcia.es\/en\/for-sale\/javea\/villas-for-sale-in-javea\/villas-for-sale-in-javea-with-sea-views\/#breadcrumb"},"inLanguage":"en-GB","potentialAction":[{"@type":"ReadAction","target":["https:\/\/grupo-garcia.es\/en\/for-sale\/javea\/villas-for-sale-in-javea\/villas-for-sale-in-javea-with-sea-views\/"]}]},{"@type":"BreadcrumbList","@id":"https:\/\/grupo-garcia.es\/en\/for-sale\/javea\/villas-for-sale-in-javea\/villas-for-sale-in-javea-with-sea-views\/#breadcrumb","itemListElement":[{"@type":"ListItem","position":1,"name":"Portada","item":"https:\/\/grupo-garcia.es\/en\/"},{"@type":"ListItem","position":2,"name":"For sale","item":"https:\/\/grupo-garcia.es\/en\/for-sale\/"},{"@type":"ListItem","position":3,"name":"PROPERTIES FOR SALE IN J\u00c1VEA TO BUY","item":"https:\/\/grupo-garcia.es\/en\/for-sale\/javea\/"},{"@type":"ListItem","position":4,"name":"VILLAS FOR SALE IN J\u00c1VEA","item":"https:\/\/grupo-garcia.es\/en\/for-sale\/javea\/villas-for-sale-in-javea\/"},{"@type":"ListItem","position":5,"name":"VILLAS FOR SALE IN J\u00c1VEA WITH SEA VIEWS"}]},{"@type":"WebSite","@id":"https:\/\/grupo-garcia.es\/en\/#website","url":"https:\/\/grupo-garcia.es\/en\/","name":"Grupo Garcia","description":"Inmobiliaria en J\u00e1vea y Jal\u00f3n","potentialAction":[{"@type":"SearchAction","target":{"@type":"EntryPoint","urlTemplate":"https:\/\/grupo-garcia.es\/en\/?s={search_term_string}"},"query-input":{"@type":"PropertyValueSpecification","valueRequired":true,"valueName":"search_term_string"}}],"inLanguage":"en-GB"}]}},"_links":{"self":[{"href":"https:\/\/grupo-garcia.es\/en\/wp-json\/wp\/v2\/pages\/13409487","targetHints":{"allow":["GET"]}}],"collection":[{"href":"https:\/\/grupo-garcia.es\/en\/wp-json\/wp\/v2\/pages"}],"about":[{"href":"https:\/\/grupo-garcia.es\/en\/wp-json\/wp\/v2\/types\/page"}],"author":[{"embeddable":true,"href":"https:\/\/grupo-garcia.es\/en\/wp-json\/wp\/v2\/users\/1"}],"replies":[{"embeddable":true,"href":"https:\/\/grupo-garcia.es\/en\/wp-json\/wp\/v2\/comments?post=13409487"}],"version-history":[{"count":0,"href":"https:\/\/grupo-garcia.es\/en\/wp-json\/wp\/v2\/pages\/13409487\/revisions"}],"up":[{"embeddable":true,"href":"https:\/\/grupo-garcia.es\/en\/wp-json\/wp\/v2\/pages\/13409479"}],"wp:attachment":[{"href":"https:\/\/grupo-garcia.es\/en\/wp-json\/wp\/v2\/media?parent=13409487"}],"wp:term":[{"taxonomy":"page-template","embeddable":true,"href":"https:\/\/grupo-garcia.es\/en\/wp-json\/wp\/v2\/page-template?post=13409487"}],"curies":[{"name":"wp","href":"https:\/\/api.w.org\/{rel}","templated":true}]}}