{"id":13409479,"date":"2023-10-06T11:21:13","date_gmt":"2023-10-06T10:21:13","guid":{"rendered":"https:\/\/grupo-garcia.es\/for-sale\/properties-for-sale-in-javea-to-buy\/villas-for-sale-in-javea\/"},"modified":"2023-11-15T15:57:27","modified_gmt":"2023-11-15T14:57:27","slug":"villas-for-sale-in-javea","status":"publish","type":"page","link":"https:\/\/grupo-garcia.es\/en\/for-sale\/javea\/villas-for-sale-in-javea\/","title":{"rendered":"VILLAS FOR SALE IN J\u00c1VEA"},"content":{"rendered":"\n<p>J\u00e1vea is a town in the province of Alicante, located in the north of the Costa Blanca. Its location is ideal for choosing a villa for sale in Javea, as today it has become one of the most sought after towns on the Costa Blanca by people seeking exclusivity and tranquility.<\/p>\n\n<p>J\u00e1vea is a well communicated town, with all services, such as <strong>supermarkets, leisure, culture, tennis club, golf course, nightlife, restaurants, and 20 kilometers of coastline<\/strong> to enjoy the sea.<\/p>\n\n<h2 class=\"wp-block-heading\">We find the best villas for sale in Javea<\/h2>\n\n<p>With Grupo Garcia you can find <strong>villas for sale in J\u00e1vea <\/strong>that fit your needs. Discover the best villas for sale in the North of the Costa Blanca from the hand of our real estate consultants and their experience. Find the perfect villa with Grupo Garcia, we will adjust to your requests to <strong>buy villas for sale in Javea<\/strong>.<\/p>\n\n<p>J\u00e1vea is a natural paradise with a large stretch of coastline and beaches of crystal clear waters, a highly sought after destination and demanded by people from the European Union who find in this location everything they are looking for: a destination of sun, beach, relaxation and exclusivity.<\/p>\n\n<p>In Grupo Garcia real estate you will find the property you want, because we have the best <strong>villas for sale in Javea<\/strong>, we will provide you with the help and advice you need to buy a villa in Javea.<\/p>\n\n<p>53.1% of the inhabitants of J\u00e1vea come from the United Kingdom, Germany, France, Belgium, Holland and Russia, since all those who are looking to start a new life in the northern Costa Blanca, set their goal in  <strong>J\u00e1vea<\/strong>The property is located in an exclusive location and in a privileged environment thanks to its unique coastline throughout the Valencian Community.<\/p>\n\n<h2 class=\"wp-block-heading\">Why buy a Villa in J\u00e1vea?<\/h2>\n\n<p>In Grupo Garcia we have the best opportunities for sale of villas in Javea located in strategic locations within the urbanizations. Enjoy your second residence in a villa in Javea with pool, in front of the sea or near the coast. Take advantage of the different villas for sale that we have in Grupo Garcia.<\/p>\n\n<figure class=\"wp-block-image\"><img decoding=\"async\" src=\"https:\/\/fotos15.apinmo.com\/4038\/5074452\/1-1.jpg\" alt=\"\"\/><\/figure>\n\n<figure class=\"wp-block-image\"><img decoding=\"async\" src=\"https:\/\/fotos15.apinmo.com\/4038\/7364447\/8-1.jpg\" alt=\"\"\/><\/figure>\n\n<h2 class=\"wp-block-heading\">Discover the selection of villas or chalets for sale in J\u00e1vea<\/h2>\n\n<p>In Grupo Garcia we have the best <strong>villas for sale in Javea<\/strong>. Some properties for sale in Javea that we have available are: luxury villas and new build villas in Javea.<br\/>All our <strong>villas for sale in Javea<\/strong> are very well located and have a multitude of services a few meters from the house to lead a comfortable life<strong>, <\/strong>among which you can find: restaurants, supermarkets and pharmacies, as well as golf courses and interesting options for leisure and culture.<br\/>Each villa is different, therefore, in Grupo Garcia we help you find your future villa in Javea.<\/p>\n\n<h2 class=\"wp-block-heading\">Urbanizations in J\u00e1vea with villas for sale<\/h2>\n\n<p>In Grupo Garcia we have the best opportunities for sale of villas in Javea located in urbanizations such as Montgo, CapMarti, Tosalet or Balcon al Mar.<\/p>\n\n<h3 class=\"wp-block-heading\">Villas or chalets for sale in the Montg\u00f3, J\u00e1vea<\/h3>\n\n<p>The Urbanization el Montg\u00f3 in J\u00e1vea is characterized for being very extensive and well communicated. The <strong>villas for sale in the Montg\u00f3 area of J\u00e1vea<\/strong> are very competitively priced, in addition to the fact that most of the villas in Montg\u00f3 are south facing. The location of the mountain with the sea allows the houses and villas to have much more sun.<\/p>\n\n<p>One of the reasons why clients choose to live in the urbanization Montg\u00f3 in J\u00e1vea, is because they like nature, relaxation and tranquility. Another advantage of living in this area is its strategic location in relation to services. Buying a Villa in the Montg\u00f3 area in J\u00e1vea is a guarantee of tranquility, comfort and feeling nature close to us.<\/p>\n\n<p>The urbanization of Montg\u00f3 in J\u00e1vea is very close to the town center, where you can find all kinds of stores, food, fashion, restaurants, etc. &#8230;&#8230;<\/p>\n\n<h3 class=\"wp-block-heading\">Villas for sale in Tosalet, J\u00e1vea<\/h3>\n\n<p>The Tosalet urbanization in Javea is one of the most popular residential areas in the area. People of different nationalities live there due to its proximity to the sandy beach.<\/p>\n\n<p>The villas for sale in Tosalet in Javea are plots with sea views and most of the houses and villas built in Tosalet are of Mediterranean style.<\/p>\n\n<p>El Tosalet de J\u00e1vea has wide streets with lighting throughout the urbanization.<\/p>\n\n<h3 class=\"wp-block-heading\">Villas or chalets for sale in Balc\u00f3n al Mar, J\u00e1vea<\/h3>\n\n<p>This urbanization is located in the area of Cabo de la Nao in J\u00e1vea. El Balc\u00f3n al Mar is a residential area with restaurants, supermarkets and wonderful coves such as Cala Ambolo.<\/p>\n\n<p>The villas for sale in Balcon al Mar in Javea are perfect for those who are looking for quieter residential areas to live all year round.<\/p>\n\n<h3 class=\"wp-block-heading\">Villas for sale in Cap Mart\u00ed, J\u00e1vea<\/h3>\n\n<p>In this urbanization we have villas or chalets for sale with views of the sea, the Montg\u00f3 and the town of J\u00e1vea. Cap Mart\u00ed de J\u00e1vea is a quiet residential area.<\/p>\n\n<p>Nearby is the Cala de Cap Mart\u00ed, commonly called Cala Sardinera, which can be reached on foot from the Mirador de la Cruz del Portixol.<\/p>\n\n<p>This is a very popular urbanization for people looking to buy a villa for sale in Cap Marti.<\/p>\n\n<h2 class=\"wp-block-heading\">The best conditions to buy a villa in J\u00e1vea<\/h2>\n\n<p>Javea has an extension of coastline and paradisiacal landscape unique in the Costa Blanca and with Grupo Garcia you can find the best conditions to discover  <strong>villas for sale in J\u00e1vea<\/strong>located in these natural sites, from which we can enjoy exclusive views of the  <strong>sea views<\/strong>  and the nature that surrounds these homes.<\/p>\n\n<p>Over the years, J\u00e1vea has become a town where many people want to live, due to its location, views and services. It is one of the most exclusive and sought after areas of the Costa Blanca, as many of its visitors are looking for <strong>villas for sale<\/strong> to have a vacation home or a <strong>permanent residence in Javea<\/strong>.<\/p>\n\n<p>J\u00e1vea has a special charm and in this municipality you can find places such as the  <strong>Granadella Cove<\/strong>one of the most beautiful beaches in Spain, the  <strong>Portitxol Cove<\/strong>The city is known worldwide for its blue door and its, already famous,  <strong>En Cal\u00f3 cove<\/strong>commonly known to resemble the waters of Indonesia.<\/p>\n\n<p>Trust the <a href=\"https:\/\/grupo-garcia.es\/en\/real-estate-agents\/javea\/\">best real estate in J\u00e1vea<\/a> to buy properties.<\/p>\n\n<h2 class=\"wp-block-heading\">Frequently Asked Questions<\/h2>\n\n<h2 class=\"wp-block-heading\">What is the price range of the villas in J\u00e1vea?<\/h2>\n\n<p>The price range for <strong>villas in Javea<\/strong> can vary greatly depending on the size, location and features of the villa. In general, prices can range from 300,000 to 2 million euros.<\/p>\n\n<h2 class=\"wp-block-heading\">What features and amenities do villas in J\u00e1vea usually have?<\/h2>\n\n<p>The <strong>villas in J\u00e1vea<\/strong> usually have very varied characteristics and amenities, but in general they usually have large gardens, private pools, garages and terraces with sea or mountain views. In addition, many villas may also include air conditioning, central heating, and security systems.<\/p>\n\n<h2 class=\"wp-block-heading\">In which areas of J\u00e1vea are the most popular villas?<\/h2>\n\n<p>The most popular villas in J\u00e1vea are usually found in the coastal areas, such as Arenal beach, Portichol beach, and the Granadella area. There are also popular villas in more rural areas, such as in the Montg\u00f3 area.<\/p>\n\n<h2 class=\"wp-block-heading\">What security measures should I take when buying a villa in Javea?<\/h2>\n\n<p>It is important to make sure you work with a reputable real estate agent and conduct thorough research on the property before making any purchase. It is also recommended to hire a local attorney to review all legal documents and make sure everything is in order.<\/p>\n\n<h2 class=\"wp-block-heading\">What documents do I need to buy a villa in Javea?<\/h2>\n\n<p>To buy a <strong>villa in J\u00e1vea<\/strong>, you will need to present a series of documents, such as the NIE (Foreigner Identification Number), passport or identity card, registration certificate, and proof of financial solvency, among others.<\/p>\n\n<h2 class=\"wp-block-heading\">How can I finance the purchase of a villa in Javea if I am not a Spanish citizen?<\/h2>\n\n<p>If you are not a Spanish citizen, you can finance the purchase of a <strong>villa in Javea<\/strong> through a mortgage loan for foreigners. These loans tend to have stricter requirements than mortgage loans for Spanish citizens, so be sure to do thorough research before applying for one.<\/p>\n\n<h2 class=\"wp-block-heading\">Villas for sale in Javea available with:<\/h2>\n\n<p><a href=\"https:\/\/grupo-garcia.es\/venta\/javea\/villas\/piscina\/\">Villas in J\u00e1vea with Pool<\/a> &#8211; <a href=\"https:\/\/grupo-garcia.es\/venta\/javea\/villas\/jardin\/\">Villas in J\u00e1vea with Garden<\/a> &#8211; <a href=\"https:\/\/grupo-garcia.es\/venta\/javea\/villas\/vistas-al-mar\/\">Villas in J\u00e1vea with Sea View<\/a> &#8211; <a href=\"https:\/\/grupo-garcia.es\/venta\/javea\/villas\/de-diseno\/\">Villas in J\u00e1vea with Design<\/a> &#8211; Villas in J\u00e1vea<a href=\"https:\/\/grupo-garcia.es\/venta\/javea\/villas\/modernas\/\"> Modern<\/a> &#8211; <a href=\"https:\/\/grupo-garcia.es\/venta\/javea\/villas\/estilo-mediterraneo\/\">Villas in J\u00e1vea Mediterranean Style<\/a> &#8211; Villas in J\u00e1vea in <a href=\"https:\/\/grupo-garcia.es\/venta\/javea\/villas\/frente-al-mar\/\">Front of the Sea<\/a> &#8211; <a href=\"https:\/\/grupo-garcia.es\/venta\/javea\/villas\/cerca-del-mar\/\">Villas in J\u00e1vea Near the Sea<\/a><\/p>\n\n<iframe src=\"https:\/\/www.google.com\/maps\/embed?pb=!1m14!1m8!1m3!1d24884.611792888303!2d0.184843!3d38.773417!3m2!1i1024!2i768!4f13.1!3m3!1m2!1s0x129e0f01808eeddd%3A0xac94cbd09f5284e4!2sGrupo%20Garcia!5e0!3m2!1ses!2ses!4v1696587808004!5m2!1ses!2ses\" width=\"100%\" height=\"450\" style=\"border:0;\" allowfullscreen=\"\" loading=\"lazy\" referrerpolicy=\"no-referrer-when-downgrade\"><\/iframe>\n","protected":false},"excerpt":{"rendered":"<p>\nJ\u00e1vea is a town in the province of Alicante, located in the north of the Costa Blanca.<\/p>\n","protected":false},"author":1,"featured_media":0,"parent":13409471,"menu_order":0,"comment_status":"closed","ping_status":"closed","template":"","meta":{"iawp_total_views":7,"footnotes":""},"page-template":[212],"class_list":["post-13409479","page","type-page","status-publish","hentry"],"yoast_head":"<!-- This site is optimized with the Yoast SEO plugin v27.5 - https:\/\/yoast.com\/product\/yoast-seo-wordpress\/ -->\n<title>VILLAS FOR SALE IN J\u00c1VEA | Grupo Garcia<\/title>\n<meta name=\"robots\" content=\"index, follow, max-snippet:-1, max-image-preview:large, max-video-preview:-1\" \/>\n<link rel=\"canonical\" href=\"https:\/\/grupo-garcia.es\/en\/for-sale\/javea\/villas-for-sale-in-javea\/\" \/>\n<meta property=\"og:locale\" content=\"en_GB\" \/>\n<meta property=\"og:type\" content=\"article\" \/>\n<meta property=\"og:title\" content=\"VILLAS FOR SALE IN J\u00c1VEA | Grupo Garcia\" \/>\n<meta property=\"og:description\" content=\"J\u00e1vea is a town in the province of Alicante, located in the north of the Costa Blanca.\" \/>\n<meta property=\"og:url\" content=\"https:\/\/grupo-garcia.es\/en\/for-sale\/javea\/villas-for-sale-in-javea\/\" \/>\n<meta property=\"og:site_name\" content=\"Grupo Garcia\" \/>\n<meta property=\"article:publisher\" content=\"https:\/\/www.facebook.com\/grupogarciacostablanca\/\" \/>\n<meta property=\"article:modified_time\" content=\"2023-11-15T14:57:27+00:00\" \/>\n<meta property=\"og:image\" content=\"https:\/\/fotos15.apinmo.com\/4038\/5074452\/1-1.jpg\" \/>\n<meta name=\"twitter:card\" content=\"summary_large_image\" \/>\n<meta name=\"twitter:label1\" content=\"Estimated reading time\" \/>\n\t<meta name=\"twitter:data1\" content=\"7 minutes\" \/>\n<script type=\"application\/ld+json\" class=\"yoast-schema-graph\">{\"@context\":\"https:\\\/\\\/schema.org\",\"@graph\":[{\"@type\":\"WebPage\",\"@id\":\"https:\\\/\\\/grupo-garcia.es\\\/en\\\/for-sale\\\/javea\\\/villas-for-sale-in-javea\\\/\",\"url\":\"https:\\\/\\\/grupo-garcia.es\\\/en\\\/for-sale\\\/javea\\\/villas-for-sale-in-javea\\\/\",\"name\":\"VILLAS FOR SALE IN J\u00c1VEA | Grupo Garcia\",\"isPartOf\":{\"@id\":\"https:\\\/\\\/grupo-garcia.es\\\/en\\\/#website\"},\"primaryImageOfPage\":{\"@id\":\"https:\\\/\\\/grupo-garcia.es\\\/en\\\/for-sale\\\/javea\\\/villas-for-sale-in-javea\\\/#primaryimage\"},\"image\":{\"@id\":\"https:\\\/\\\/grupo-garcia.es\\\/en\\\/for-sale\\\/javea\\\/villas-for-sale-in-javea\\\/#primaryimage\"},\"thumbnailUrl\":\"https:\\\/\\\/fotos15.apinmo.com\\\/4038\\\/5074452\\\/1-1.jpg\",\"datePublished\":\"2023-10-06T10:21:13+00:00\",\"dateModified\":\"2023-11-15T14:57:27+00:00\",\"breadcrumb\":{\"@id\":\"https:\\\/\\\/grupo-garcia.es\\\/en\\\/for-sale\\\/javea\\\/villas-for-sale-in-javea\\\/#breadcrumb\"},\"inLanguage\":\"en-GB\",\"potentialAction\":[{\"@type\":\"ReadAction\",\"target\":[\"https:\\\/\\\/grupo-garcia.es\\\/en\\\/for-sale\\\/javea\\\/villas-for-sale-in-javea\\\/\"]}]},{\"@type\":\"ImageObject\",\"inLanguage\":\"en-GB\",\"@id\":\"https:\\\/\\\/grupo-garcia.es\\\/en\\\/for-sale\\\/javea\\\/villas-for-sale-in-javea\\\/#primaryimage\",\"url\":\"https:\\\/\\\/fotos15.apinmo.com\\\/4038\\\/5074452\\\/1-1.jpg\",\"contentUrl\":\"https:\\\/\\\/fotos15.apinmo.com\\\/4038\\\/5074452\\\/1-1.jpg\"},{\"@type\":\"BreadcrumbList\",\"@id\":\"https:\\\/\\\/grupo-garcia.es\\\/en\\\/for-sale\\\/javea\\\/villas-for-sale-in-javea\\\/#breadcrumb\",\"itemListElement\":[{\"@type\":\"ListItem\",\"position\":1,\"name\":\"Portada\",\"item\":\"https:\\\/\\\/grupo-garcia.es\\\/en\\\/\"},{\"@type\":\"ListItem\",\"position\":2,\"name\":\"For sale\",\"item\":\"https:\\\/\\\/grupo-garcia.es\\\/en\\\/for-sale\\\/\"},{\"@type\":\"ListItem\",\"position\":3,\"name\":\"PROPERTIES FOR SALE IN J\u00c1VEA TO BUY\",\"item\":\"https:\\\/\\\/grupo-garcia.es\\\/en\\\/for-sale\\\/javea\\\/\"},{\"@type\":\"ListItem\",\"position\":4,\"name\":\"VILLAS FOR SALE IN J\u00c1VEA\"}]},{\"@type\":\"WebSite\",\"@id\":\"https:\\\/\\\/grupo-garcia.es\\\/en\\\/#website\",\"url\":\"https:\\\/\\\/grupo-garcia.es\\\/en\\\/\",\"name\":\"Grupo Garcia\",\"description\":\"Inmobiliaria en J\u00e1vea y Jal\u00f3n\",\"potentialAction\":[{\"@type\":\"SearchAction\",\"target\":{\"@type\":\"EntryPoint\",\"urlTemplate\":\"https:\\\/\\\/grupo-garcia.es\\\/en\\\/?s={search_term_string}\"},\"query-input\":{\"@type\":\"PropertyValueSpecification\",\"valueRequired\":true,\"valueName\":\"search_term_string\"}}],\"inLanguage\":\"en-GB\"}]}<\/script>\n<!-- \/ Yoast SEO plugin. -->","yoast_head_json":{"title":"VILLAS FOR SALE IN J\u00c1VEA | Grupo Garcia","robots":{"index":"index","follow":"follow","max-snippet":"max-snippet:-1","max-image-preview":"max-image-preview:large","max-video-preview":"max-video-preview:-1"},"canonical":"https:\/\/grupo-garcia.es\/en\/for-sale\/javea\/villas-for-sale-in-javea\/","og_locale":"en_GB","og_type":"article","og_title":"VILLAS FOR SALE IN J\u00c1VEA | Grupo Garcia","og_description":"J\u00e1vea is a town in the province of Alicante, located in the north of the Costa Blanca.","og_url":"https:\/\/grupo-garcia.es\/en\/for-sale\/javea\/villas-for-sale-in-javea\/","og_site_name":"Grupo Garcia","article_publisher":"https:\/\/www.facebook.com\/grupogarciacostablanca\/","article_modified_time":"2023-11-15T14:57:27+00:00","og_image":[{"url":"https:\/\/fotos15.apinmo.com\/4038\/5074452\/1-1.jpg","type":"","width":"","height":""}],"twitter_card":"summary_large_image","twitter_misc":{"Estimated reading time":"7 minutes"},"schema":{"@context":"https:\/\/schema.org","@graph":[{"@type":"WebPage","@id":"https:\/\/grupo-garcia.es\/en\/for-sale\/javea\/villas-for-sale-in-javea\/","url":"https:\/\/grupo-garcia.es\/en\/for-sale\/javea\/villas-for-sale-in-javea\/","name":"VILLAS FOR SALE IN J\u00c1VEA | Grupo Garcia","isPartOf":{"@id":"https:\/\/grupo-garcia.es\/en\/#website"},"primaryImageOfPage":{"@id":"https:\/\/grupo-garcia.es\/en\/for-sale\/javea\/villas-for-sale-in-javea\/#primaryimage"},"image":{"@id":"https:\/\/grupo-garcia.es\/en\/for-sale\/javea\/villas-for-sale-in-javea\/#primaryimage"},"thumbnailUrl":"https:\/\/fotos15.apinmo.com\/4038\/5074452\/1-1.jpg","datePublished":"2023-10-06T10:21:13+00:00","dateModified":"2023-11-15T14:57:27+00:00","breadcrumb":{"@id":"https:\/\/grupo-garcia.es\/en\/for-sale\/javea\/villas-for-sale-in-javea\/#breadcrumb"},"inLanguage":"en-GB","potentialAction":[{"@type":"ReadAction","target":["https:\/\/grupo-garcia.es\/en\/for-sale\/javea\/villas-for-sale-in-javea\/"]}]},{"@type":"ImageObject","inLanguage":"en-GB","@id":"https:\/\/grupo-garcia.es\/en\/for-sale\/javea\/villas-for-sale-in-javea\/#primaryimage","url":"https:\/\/fotos15.apinmo.com\/4038\/5074452\/1-1.jpg","contentUrl":"https:\/\/fotos15.apinmo.com\/4038\/5074452\/1-1.jpg"},{"@type":"BreadcrumbList","@id":"https:\/\/grupo-garcia.es\/en\/for-sale\/javea\/villas-for-sale-in-javea\/#breadcrumb","itemListElement":[{"@type":"ListItem","position":1,"name":"Portada","item":"https:\/\/grupo-garcia.es\/en\/"},{"@type":"ListItem","position":2,"name":"For sale","item":"https:\/\/grupo-garcia.es\/en\/for-sale\/"},{"@type":"ListItem","position":3,"name":"PROPERTIES FOR SALE IN J\u00c1VEA TO BUY","item":"https:\/\/grupo-garcia.es\/en\/for-sale\/javea\/"},{"@type":"ListItem","position":4,"name":"VILLAS FOR SALE IN J\u00c1VEA"}]},{"@type":"WebSite","@id":"https:\/\/grupo-garcia.es\/en\/#website","url":"https:\/\/grupo-garcia.es\/en\/","name":"Grupo Garcia","description":"Inmobiliaria en J\u00e1vea y Jal\u00f3n","potentialAction":[{"@type":"SearchAction","target":{"@type":"EntryPoint","urlTemplate":"https:\/\/grupo-garcia.es\/en\/?s={search_term_string}"},"query-input":{"@type":"PropertyValueSpecification","valueRequired":true,"valueName":"search_term_string"}}],"inLanguage":"en-GB"}]}},"_links":{"self":[{"href":"https:\/\/grupo-garcia.es\/en\/wp-json\/wp\/v2\/pages\/13409479","targetHints":{"allow":["GET"]}}],"collection":[{"href":"https:\/\/grupo-garcia.es\/en\/wp-json\/wp\/v2\/pages"}],"about":[{"href":"https:\/\/grupo-garcia.es\/en\/wp-json\/wp\/v2\/types\/page"}],"author":[{"embeddable":true,"href":"https:\/\/grupo-garcia.es\/en\/wp-json\/wp\/v2\/users\/1"}],"replies":[{"embeddable":true,"href":"https:\/\/grupo-garcia.es\/en\/wp-json\/wp\/v2\/comments?post=13409479"}],"version-history":[{"count":0,"href":"https:\/\/grupo-garcia.es\/en\/wp-json\/wp\/v2\/pages\/13409479\/revisions"}],"up":[{"embeddable":true,"href":"https:\/\/grupo-garcia.es\/en\/wp-json\/wp\/v2\/pages\/13409471"}],"wp:attachment":[{"href":"https:\/\/grupo-garcia.es\/en\/wp-json\/wp\/v2\/media?parent=13409479"}],"wp:term":[{"taxonomy":"page-template","embeddable":true,"href":"https:\/\/grupo-garcia.es\/en\/wp-json\/wp\/v2\/page-template?post=13409479"}],"curies":[{"name":"wp","href":"https:\/\/api.w.org\/{rel}","templated":true}]}}