{"id":13409471,"date":"2023-10-06T08:15:07","date_gmt":"2023-10-06T07:15:07","guid":{"rendered":"https:\/\/grupo-garcia.es\/for-sale\/properties-for-sale-in-javea-to-buy\/"},"modified":"2024-05-22T11:04:47","modified_gmt":"2024-05-22T10:04:47","slug":"javea","status":"publish","type":"page","link":"https:\/\/grupo-garcia.es\/en\/for-sale\/javea\/","title":{"rendered":"PROPERTIES FOR SALE IN J\u00c1VEA TO BUY"},"content":{"rendered":"\r\n<h2 class=\"wp-block-heading\">Properties in Javea: Find your home on the Costa Blanca<\/h2>\r\n\r\n\r\n\r\n<p>Javea is a charming coastal town in the <strong>province of Alicante<\/strong>, in the northern part of the Costa Blanca. This place offers a perfect environment to find and establish <strong>your home by the Mediterranean Sea<\/strong> with the help of the properties for sale we offer in Javea.<\/p>\r\n\r\n\r\n\r\n<p>With <strong>53.1% of its inhabitants coming from the European Union<\/strong>, J\u00e1vea is a preferred destination for those looking to start a new life in a paradise on the Costa Blanca. Grupo Garcia is the perfect partner to find the best properties for sale in Javea.<\/p>\r\n\r\n\r\n\r\n<p>This municipality on the Costa Blanca offers <strong>unique places like the Montg\u00f3 Natural Park<\/strong>, where you can enjoy hiking trails that will take you to incredible places like <strong>Cabo de San Antonio or Cabo de la Nao<\/strong>, with breathtaking views.<\/p>\r\n\r\n\r\n\r\n<p>At Grupo Garcia, we have a wide range of properties for sale on the coast of Javea, located in strategic locations with stunning sea views, amenities and services.<\/p>\r\n\r\n\r\n\r\n<h2 class=\"wp-block-heading\">Outstanding urbanizations in J\u00e1vea with properties for sale<\/h2>\r\n\r\n\r\n\r\n<p>Javea is known for its exclusive urbanizations and luxury villas on the <strong>Costa Blanca North<\/strong>.<\/p>\r\n\r\n\r\n\r\n<h3 class=\"wp-block-heading\">Properties for sale in Balcon al Mar, Javea<\/h3>\r\n\r\n\r\n\r\n<p>The <strong>urbanization El Balc\u00f3n al Mar de J\u00e1vea <\/strong>is located in the area of <strong>Cabo de La Nao<\/strong>, it is an urbanization formed by houses with the same line of architectural style, although nowadays a more modern and luxury type of property has been built in the area.<\/p>\r\n\r\n\r\n\r\n<p>The location where this urbanization is located has a wide infrastructure to facilitate the coexistence of its inhabitants, where they can find a few meters from their homes: supermarkets, restaurants, and coves of the coast of Javea, such as <strong>Cala Granadella or Cala Ambolo<\/strong>.<\/p>\r\n\r\n\r\n\r\n<p>In Grupo Garcia we have a great selection of villas located in this privileged <strong>urbanization of Javea<\/strong>. Among this selection you will find homes with totally exclusive characteristics and adapted for both residential and vacation use. In El Balc\u00f3n al Mar you will be able to know and purchase <strong>properties for sale with sea views in J\u00e1vea<\/strong> that fit your needs, since each property is unique, our specialists will provide you with information about the different villas from which you can choose your new home in Javea.<\/p>\r\n\r\n\r\n\r\n<h3 class=\"wp-block-heading\">Properties for sale in La Corona J\u00e1vea<\/h3>\r\n\r\n\r\n\r\n<p>The <strong>urbanization La Corona de J\u00e1vea<\/strong> is located only 2 minutes from the <strong>port of J\u00e1vea<\/strong>. In this urbanization you can find exclusive properties and homes, as it is an area chosen by clients with high purchasing power who are looking for <strong>luxury properties in Javea<\/strong>.<\/p>\r\n\r\n\r\n\r\n<p>In Grupo Garcia we have the best homes located in this privileged location of Javea. Homes with Mediterranean character appropriate to the area, at the same time modern and exclusive. From these properties you can enjoy panoramic sea views that are unique in the area, and which few properties can benefit from.<\/p>\r\n\r\n\r\n\r\n<p>Undoubtedly a great bet for anyone looking for <strong>property for sale in Javea<\/strong>.<\/p>\r\n\r\n\r\n\r\n<h3 class=\"wp-block-heading\">Properties for sale in Tosalet, Javea<\/h3>\r\n\r\n\r\n\r\n<p>In the prestigious area of Tosalet there are some properties for sale with sea views. This urbanization has a multitude of services among which we highlight the security cameras and surveillance service.<\/p>\r\n\r\n\r\n\r\n<h2 class=\"wp-block-heading\">Exclusive properties for sale in J\u00e1vea<\/h2>\r\n\r\n\r\n\r\n<p>At Grupo Garcia we have a wide variety of <a href=\"https:\/\/grupo-garcia.es\/venta\/javea\/villas\/\"> <strong>properties for sale in J\u00e1vea<\/strong> <\/a>such as luxury villas and plots in exclusive urbanizations in J\u00e1vea. If you are looking to buy a property in Javea located in exclusive areas and urbanizations with sea views that have a great landscape value, in Grupo Garcia we can help you find the best property in Javea.<\/p>\r\n\r\n\r\n\r\n<p>We have<a href=\"https:\/\/grupo-garcia.es\/venta\/javea\/villas-de-lujo\/\"> <strong> properties for sale with the best qualities in Javea.<\/strong> <\/a>We have properties for sale with the best qualities in Javea, being new or second hand, having been completely refurbished and in really spectacular locations and excellent situation, close to all services, such as restaurants, supermarkets, pharmacies and other establishments.<\/p>\r\n\r\n\r\n\r\n<p>The <strong>properties for sale in J\u00e1vea <\/strong>that we have are selected in a very exclusive way in order to offer our clients the best conditions in the purchase.<\/p>\r\n\r\n\r\n\r\n<p>We always make sure that they are the best options for each type of client, following their wishes in the purchase of a property in J\u00e1vea, Alicante.<\/p>\r\n\r\n\r\n\r\n<h2 class=\"wp-block-heading\">Buying homes in J\u00e1vea<\/h2>\r\n\r\n\r\n\r\n<p>Grupo Garcia is one of the <strong>best real estate agencies in Javea<\/strong>, where you can find advice and help on our properties for sale in Javea and how to buy homes in Javea. In addition, we will take all the necessary steps to ensure that the process is carried out safely and in a way that makes it a simple task for anyone who wants to buy property in J\u00e1vea.<\/p>\r\n\r\n\r\n\r\n<p>In Garc\u00eda Group we will help you find the home you want<strong>, buying property for sale in J\u00e1vea <\/strong>will be very easy, as our real estate experts will advise you throughout the process. We will help you find your new property in the north of the Costa Blanca so you can enjoy the coast, its sea views and unique places on the shores of the Mediterranean.<\/p>\r\n\r\n\r\n\r\n<p>We have an extensive amount of homes and properties, we are experts in <strong>selling properties in Javea<\/strong>, as well as in towns near Javea as Denia, Moraira and generally in the north of the Costa Blanca.<\/p>\r\n\r\n\r\n\r\n<p>Trust the best real estate in J\u00e1vea to buy properties.<\/p>\r\n\r\n\r\n\r\n<p>&nbsp;<\/p>\r\n\r\n\r\n\r\n<h2 class=\"wp-block-heading\">Which properties for sale in Javea have good views?<\/h2>\r\n\r\n\r\n\r\n<p>The properties for sale in Balc\u00f3n al Mar J\u00e1vea, Villas for sale Tosalet J\u00e1vea and villas for sale Cap Marti J\u00e1vea are some of the urbanizations in J\u00e1vea with the best views.<\/p>\r\n\r\n\r\n\r\n<h2 class=\"wp-block-heading\">Where to buy properties for sale in J\u00e1vea?<\/h2>\r\n\r\n\r\n\r\n<p>If you are looking for properties for sale in J\u00e1vea, you can buy the best properties in J\u00e1vea for sale in Grupo Garcia.<\/p>\r\n\r\n\r\n\r\n<h2 class=\"wp-block-heading\">What are the best properties for sale in Javea?<\/h2>\r\n\r\n\r\n\r\n<p>Buyers of properties in J\u00e1vea have been satisfied with the villas for sale in J\u00e1vea that we have available in Grupo Garcia. The <a href=\"https:\/\/grupo-garcia.es\/venta\/javea\/comprar-obra-nueva\/\">new villas in J\u00e1vea<\/a> are some of the best properties for sale in J\u00e1vea.<\/p>\r\n\r\n\r\n\r\n<h2 class=\"wp-block-heading\">What are the best properties for sale in Javea?<\/h2>\r\n\r\n\r\n\r\n<p>Buyers of properties in J\u00e1vea have been satisfied with the villas for sale in J\u00e1vea that we have available in Grupo Garcia. The new villas in J\u00e1vea are some of the best properties for sale in J\u00e1vea.<\/p>\r\n\r\n\r\n\r\n<h2 class=\"wp-block-heading\">How much does it cost to buy a property in J\u00e1vea?<\/h2>\r\n\r\n\r\n\r\n<p>On average, properties for sale in J\u00e1vea cost between 120.000\u20ac and 2.600.000\u20ac. It depends on the type of house and the urbanization in which it is located.<\/p>\r\n\r\n\r\n\r\n<h2 class=\"wp-block-heading\">Why buy a property in J\u00e1vea?<\/h2>\r\n\r\n\r\n\r\n<p>Javea is one of the most beautiful coastal towns on the Costa Blanca in Alicante. This is already a good reason to <a href=\"https:\/\/grupo-garcia.es\/venta\/javea\/comprar-casa\/\">buy a house in J\u00e1vea<\/a>.<\/p>\r\n\r\n\r\n\r\n<h2 class=\"wp-block-heading\">Homes for sale in the urbanizations of J\u00e1vea:<\/h2>\r\n\r\n\r\n\r\n<ul class=\"wp-block-list\">\r\n<li><a href=\"https:\/\/grupo-garcia.es\/venta\/javea\/tosalet\/\" target=\"_blank\" rel=\"noreferrer noopener\">Homes for Sale in El Tosalet<\/a><\/li>\r\n\r\n\r\n\r\n<li><a href=\"https:\/\/grupo-garcia.es\/venta\/javea\/montgo\/\" target=\"_blank\" rel=\"noreferrer noopener\">Homes for Sale in Montg\u00f3<\/a><\/li>\r\n\r\n\r\n\r\n<li><a href=\"https:\/\/grupo-garcia.es\/venta\/javea\/balcon-al-mar\/\" target=\"_blank\" rel=\"noreferrer noopener\">Homes for Sale in Balc\u00f3n al Mar<\/a><\/li>\r\n\r\n\r\n\r\n<li><a href=\"https:\/\/grupo-garcia.es\/venta\/javea\/cap-marti\/\" target=\"_blank\" rel=\"noreferrer noopener\">Homes for Sale in Cap Mart\u00ed<\/a><\/li>\r\n<\/ul>\r\n\r\n\r\n\r\n<ul class=\"wp-block-list\">\r\n<li>Homes for Sale in El Toscal<\/li>\r\n\r\n\r\n\r\n<li>Homes for Sale in Rafalet<\/li>\r\n\r\n\r\n\r\n<li>Homes for Sale in La Lluca<\/li>\r\n\r\n\r\n\r\n<li>Homes for Sale in Guardia Park<\/li>\r\n<\/ul>\r\n\r\n\r\n\r\n<h2 class=\"wp-block-heading\">Homes for sale in areas of interest in J\u00e1vea:<\/h2>\r\n\r\n\r\n\r\n<p><a href=\"https:\/\/grupo-garcia.es\/venta\/javea\/apartamentos\/cala-blanca\/\">Cala Blanca<\/a> &#8211; <a href=\"https:\/\/grupo-garcia.es\/venta\/javea\/villas\/cala-granadella\/\">Cala Granadella<\/a> &#8211; <a href=\"https:\/\/grupo-garcia.es\/venta\/javea\/apartamentos\/puerto-de-javea\/\">Port of J\u00e1vea<\/a> &#8211; <a href=\"https:\/\/grupo-garcia.es\/venta\/javea\/apartamentos\/playa-del-arenal\/\">Arenal Beach<\/a> &#8211; <a href=\"https:\/\/grupo-garcia.es\/venta\/javea\/villas\/cala-portichol\/\">Portichol Cove<\/a><\/p>\r\n\r\n\r\n\r\n<p><iframe style=\"border: 0;\" src=\"https:\/\/www.google.com\/maps\/embed?pb=!1m18!1m12!1m3!1d199265.55795033486!2d-0.10706000150485818!3d38.70576903064295!2m3!1f0!2f0!3f0!3m2!1i1024!2i768!4f13.1!3m3!1m2!1s0x129e0f01808eeddd%3A0xac94cbd09f5284e4!2sGrupo%20Garcia!5e0!3m2!1ses!2ses!4v1696576862843!5m2!1ses!2ses\" width=\"100%\" height=\"450\" allowfullscreen=\"allowfullscreen\"><\/iframe><\/p>\r\n","protected":false},"excerpt":{"rendered":"<p>\nProperties in Javea: Find your home on the Costa Blanca<\/p>\n<p>Javea is a charming coastal town in the province of Alicante, in the northern part of the Costa Blanca. This place offers a perfect environment to find and establish your home by the Mediterranean Sea with the help of the properties for sale we offer in Javea.<\/p>\n<p>With 53.1% of its inhabitants coming from the European Union, J\u00e1vea is a preferred destination for those looking to start a new life in a paradise on the Costa Blanca.<\/p>\n","protected":false},"author":1,"featured_media":0,"parent":1028542,"menu_order":0,"comment_status":"closed","ping_status":"closed","template":"","meta":{"iawp_total_views":718,"footnotes":""},"page-template":[212],"class_list":["post-13409471","page","type-page","status-publish","hentry"],"yoast_head":"<!-- This site is optimized with the Yoast SEO plugin v27.5 - https:\/\/yoast.com\/product\/yoast-seo-wordpress\/ -->\n<title>PROPERTIES FOR SALE IN J\u00c1VEA TO BUY | Grupo Garcia<\/title>\n<meta name=\"robots\" content=\"index, follow, max-snippet:-1, max-image-preview:large, max-video-preview:-1\" \/>\n<link rel=\"canonical\" href=\"https:\/\/grupo-garcia.es\/en\/for-sale\/javea\/\" \/>\n<meta property=\"og:locale\" content=\"en_GB\" \/>\n<meta property=\"og:type\" content=\"article\" \/>\n<meta property=\"og:title\" content=\"PROPERTIES FOR SALE IN J\u00c1VEA TO BUY | Grupo Garcia\" \/>\n<meta property=\"og:description\" content=\"Properties in Javea: Find your home on the Costa Blanca    Javea is a charming coastal town in the province of Alicante, in the northern part of the Costa Blanca. This place offers a perfect environment to find and establish your home by the Mediterranean Sea with the help of the properties for sale we offer in Javea.    With 53.1% of its inhabitants coming from the European Union, J\u00e1vea is a preferred destination for those looking to start a new life in a paradise on the Costa Blanca.\" \/>\n<meta property=\"og:url\" content=\"https:\/\/grupo-garcia.es\/en\/for-sale\/javea\/\" \/>\n<meta property=\"og:site_name\" content=\"Grupo Garcia\" \/>\n<meta property=\"article:publisher\" content=\"https:\/\/www.facebook.com\/grupogarciacostablanca\/\" \/>\n<meta property=\"article:modified_time\" content=\"2024-05-22T10:04:47+00:00\" \/>\n<meta name=\"twitter:card\" content=\"summary_large_image\" \/>\n<meta name=\"twitter:label1\" content=\"Estimated reading time\" \/>\n\t<meta name=\"twitter:data1\" content=\"6 minutes\" \/>\n<script type=\"application\/ld+json\" class=\"yoast-schema-graph\">{\"@context\":\"https:\\\/\\\/schema.org\",\"@graph\":[{\"@type\":\"WebPage\",\"@id\":\"https:\\\/\\\/grupo-garcia.es\\\/en\\\/for-sale\\\/javea\\\/\",\"url\":\"https:\\\/\\\/grupo-garcia.es\\\/en\\\/for-sale\\\/javea\\\/\",\"name\":\"PROPERTIES FOR SALE IN J\u00c1VEA TO BUY | Grupo Garcia\",\"isPartOf\":{\"@id\":\"https:\\\/\\\/grupo-garcia.es\\\/en\\\/#website\"},\"datePublished\":\"2023-10-06T07:15:07+00:00\",\"dateModified\":\"2024-05-22T10:04:47+00:00\",\"breadcrumb\":{\"@id\":\"https:\\\/\\\/grupo-garcia.es\\\/en\\\/for-sale\\\/javea\\\/#breadcrumb\"},\"inLanguage\":\"en-GB\",\"potentialAction\":[{\"@type\":\"ReadAction\",\"target\":[\"https:\\\/\\\/grupo-garcia.es\\\/en\\\/for-sale\\\/javea\\\/\"]}]},{\"@type\":\"BreadcrumbList\",\"@id\":\"https:\\\/\\\/grupo-garcia.es\\\/en\\\/for-sale\\\/javea\\\/#breadcrumb\",\"itemListElement\":[{\"@type\":\"ListItem\",\"position\":1,\"name\":\"Portada\",\"item\":\"https:\\\/\\\/grupo-garcia.es\\\/en\\\/\"},{\"@type\":\"ListItem\",\"position\":2,\"name\":\"For sale\",\"item\":\"https:\\\/\\\/grupo-garcia.es\\\/en\\\/for-sale\\\/\"},{\"@type\":\"ListItem\",\"position\":3,\"name\":\"PROPERTIES FOR SALE IN J\u00c1VEA TO BUY\"}]},{\"@type\":\"WebSite\",\"@id\":\"https:\\\/\\\/grupo-garcia.es\\\/en\\\/#website\",\"url\":\"https:\\\/\\\/grupo-garcia.es\\\/en\\\/\",\"name\":\"Grupo Garcia\",\"description\":\"Inmobiliaria en J\u00e1vea y Jal\u00f3n\",\"potentialAction\":[{\"@type\":\"SearchAction\",\"target\":{\"@type\":\"EntryPoint\",\"urlTemplate\":\"https:\\\/\\\/grupo-garcia.es\\\/en\\\/?s={search_term_string}\"},\"query-input\":{\"@type\":\"PropertyValueSpecification\",\"valueRequired\":true,\"valueName\":\"search_term_string\"}}],\"inLanguage\":\"en-GB\"}]}<\/script>\n<!-- \/ Yoast SEO plugin. -->","yoast_head_json":{"title":"PROPERTIES FOR SALE IN J\u00c1VEA TO BUY | Grupo Garcia","robots":{"index":"index","follow":"follow","max-snippet":"max-snippet:-1","max-image-preview":"max-image-preview:large","max-video-preview":"max-video-preview:-1"},"canonical":"https:\/\/grupo-garcia.es\/en\/for-sale\/javea\/","og_locale":"en_GB","og_type":"article","og_title":"PROPERTIES FOR SALE IN J\u00c1VEA TO BUY | Grupo Garcia","og_description":"Properties in Javea: Find your home on the Costa Blanca    Javea is a charming coastal town in the province of Alicante, in the northern part of the Costa Blanca. This place offers a perfect environment to find and establish your home by the Mediterranean Sea with the help of the properties for sale we offer in Javea.    With 53.1% of its inhabitants coming from the European Union, J\u00e1vea is a preferred destination for those looking to start a new life in a paradise on the Costa Blanca.","og_url":"https:\/\/grupo-garcia.es\/en\/for-sale\/javea\/","og_site_name":"Grupo Garcia","article_publisher":"https:\/\/www.facebook.com\/grupogarciacostablanca\/","article_modified_time":"2024-05-22T10:04:47+00:00","twitter_card":"summary_large_image","twitter_misc":{"Estimated reading time":"6 minutes"},"schema":{"@context":"https:\/\/schema.org","@graph":[{"@type":"WebPage","@id":"https:\/\/grupo-garcia.es\/en\/for-sale\/javea\/","url":"https:\/\/grupo-garcia.es\/en\/for-sale\/javea\/","name":"PROPERTIES FOR SALE IN J\u00c1VEA TO BUY | Grupo Garcia","isPartOf":{"@id":"https:\/\/grupo-garcia.es\/en\/#website"},"datePublished":"2023-10-06T07:15:07+00:00","dateModified":"2024-05-22T10:04:47+00:00","breadcrumb":{"@id":"https:\/\/grupo-garcia.es\/en\/for-sale\/javea\/#breadcrumb"},"inLanguage":"en-GB","potentialAction":[{"@type":"ReadAction","target":["https:\/\/grupo-garcia.es\/en\/for-sale\/javea\/"]}]},{"@type":"BreadcrumbList","@id":"https:\/\/grupo-garcia.es\/en\/for-sale\/javea\/#breadcrumb","itemListElement":[{"@type":"ListItem","position":1,"name":"Portada","item":"https:\/\/grupo-garcia.es\/en\/"},{"@type":"ListItem","position":2,"name":"For sale","item":"https:\/\/grupo-garcia.es\/en\/for-sale\/"},{"@type":"ListItem","position":3,"name":"PROPERTIES FOR SALE IN J\u00c1VEA TO BUY"}]},{"@type":"WebSite","@id":"https:\/\/grupo-garcia.es\/en\/#website","url":"https:\/\/grupo-garcia.es\/en\/","name":"Grupo Garcia","description":"Inmobiliaria en J\u00e1vea y Jal\u00f3n","potentialAction":[{"@type":"SearchAction","target":{"@type":"EntryPoint","urlTemplate":"https:\/\/grupo-garcia.es\/en\/?s={search_term_string}"},"query-input":{"@type":"PropertyValueSpecification","valueRequired":true,"valueName":"search_term_string"}}],"inLanguage":"en-GB"}]}},"_links":{"self":[{"href":"https:\/\/grupo-garcia.es\/en\/wp-json\/wp\/v2\/pages\/13409471","targetHints":{"allow":["GET"]}}],"collection":[{"href":"https:\/\/grupo-garcia.es\/en\/wp-json\/wp\/v2\/pages"}],"about":[{"href":"https:\/\/grupo-garcia.es\/en\/wp-json\/wp\/v2\/types\/page"}],"author":[{"embeddable":true,"href":"https:\/\/grupo-garcia.es\/en\/wp-json\/wp\/v2\/users\/1"}],"replies":[{"embeddable":true,"href":"https:\/\/grupo-garcia.es\/en\/wp-json\/wp\/v2\/comments?post=13409471"}],"version-history":[{"count":0,"href":"https:\/\/grupo-garcia.es\/en\/wp-json\/wp\/v2\/pages\/13409471\/revisions"}],"up":[{"embeddable":true,"href":"https:\/\/grupo-garcia.es\/en\/wp-json\/wp\/v2\/pages\/1028542"}],"wp:attachment":[{"href":"https:\/\/grupo-garcia.es\/en\/wp-json\/wp\/v2\/media?parent=13409471"}],"wp:term":[{"taxonomy":"page-template","embeddable":true,"href":"https:\/\/grupo-garcia.es\/en\/wp-json\/wp\/v2\/page-template?post=13409471"}],"curies":[{"name":"wp","href":"https:\/\/api.w.org\/{rel}","templated":true}]}}